{"id":18064,"date":"2024-12-04T10:13:25","date_gmt":"2024-12-04T10:13:25","guid":{"rendered":"https:\/\/tetraboost-nieuw.mystagingwebsite.com\/product\/tetraboost-e-guard-15-6-x-945ml\/"},"modified":"2025-01-28T14:34:53","modified_gmt":"2025-01-28T14:34:53","slug":"tetraboost-e-guard-15-6-x-945ml","status":"publish","type":"product","link":"https:\/\/tetraboost.nl\/fr\/produit\/tetraboost-e-guard-15-6-x-945ml\/","title":{"rendered":"TetraBOOST E-Guard 15 <br>(6 x 945ml)"},"content":{"rendered":"<p>TetraBOOST E-guard 15 prot\u00e8ge votre voiture classique de la corrosion par l\u2019\u00e9thanol des essences E5 et E10, et m\u00eame jusqu\u2019\u00e0 15% d\u2019\u00e9thanol (E15). C\u2019est le seul additif qui permet d\u2019obtenir un v\u00e9ritable carburant au plomb \u00e0 partir d\u2019une essence sans plomb. TetraBOOST n\u2019est pas un substitut du plomb, mais ajoute du v\u00e9ritable plomb t\u00e9tra-\u00e9thyle \u00e0 l\u2019essence. Le plomb t\u00e9tra-\u00e9thyle prot\u00e8ge mieux et fournit de meilleures performances que les substituts du plomb bas\u00e9s sur le phosphore, le mangan\u00e8se, le sodium et le potassium.    TetraBOOST est largement reconnu comme la norme en mati\u00e8re d\u2019additifs pour carburants et est utilis\u00e9 par les mus\u00e9es automobiles, les experts en marques, les entreprises de restauration, les constructeurs de moteurs, les \u00e9quipes de course automobile classique, entre autres. TetraBOOST convient \u00e0 toutes les utilisations sur route, ainsi qu\u2019\u00e0 l\u2019automobile et au sport automobile.  TetraBOOST neutralise l\u2019\u00e9thanol dans l\u2019essence moderne. Il ralentit \u00e9galement la vitesse de combustion du carburant, am\u00e9liorant ainsi la combustion, la r\u00e9ponse de l\u2019acc\u00e9l\u00e9rateur, l\u2019acc\u00e9l\u00e9ration en douceur et le refroidissement du moteur. Si n\u00e9cessaire, il est possible de fabriquer du carburant \u00e0 106 octanes.   <\/p>\n","protected":false},"excerpt":{"rendered":"<p>TetraBOOST E-Guard. L\u2019additif qui prot\u00e8ge contre l\u2019\u00e9thanol dans l\u2019essence E5 et E10 \u2013 Ajoute du vrai plomb.<\/p>\n","protected":false},"featured_media":17915,"template":"","meta":{"_et_pb_use_builder":"","_et_pb_old_content":"","_et_gb_content_width":""},"product_brand":[],"product_cat":[139],"product_tag":[],"class_list":{"0":"post-18064","1":"product","2":"type-product","3":"status-publish","4":"has-post-thumbnail","6":"product_cat-e-guard-fr","8":"first","9":"instock","10":"shipping-taxable","11":"purchasable","12":"product-type-simple"},"yoast_head":"<!-- This site is optimized with the Yoast SEO plugin v27.5 - https:\/\/yoast.com\/product\/yoast-seo-wordpress\/ -->\n<title>TetraBOOST E-Guard 15 (6 x 945ml) - TetraBOOST<\/title>\n<meta name=\"robots\" content=\"index, follow, max-snippet:-1, max-image-preview:large, max-video-preview:-1\" \/>\n<link rel=\"canonical\" href=\"https:\/\/tetraboost.nl\/fr\/produit\/tetraboost-e-guard-15-6-x-945ml\/\" \/>\n<meta property=\"og:locale\" content=\"fr_FR\" \/>\n<meta property=\"og:type\" content=\"article\" \/>\n<meta property=\"og:title\" content=\"TetraBOOST E-Guard 15 (6 x 945ml) - TetraBOOST\" \/>\n<meta property=\"og:description\" content=\"TetraBOOST E-Guard. L\u2019additif qui prot\u00e8ge contre l\u2019\u00e9thanol dans l\u2019essence E5 et E10 \u2013 Ajoute du vrai plomb.\" \/>\n<meta property=\"og:url\" content=\"https:\/\/tetraboost.nl\/fr\/produit\/tetraboost-e-guard-15-6-x-945ml\/\" \/>\n<meta property=\"og:site_name\" content=\"TetraBOOST\" \/>\n<meta property=\"article:modified_time\" content=\"2025-01-28T14:34:53+00:00\" \/>\n<meta property=\"og:image\" content=\"https:\/\/i0.wp.com\/tetraboost.nl\/wp-content\/uploads\/2024\/12\/6-cans.png?fit=408%2C408&ssl=1\" \/>\n\t<meta property=\"og:image:width\" content=\"408\" \/>\n\t<meta property=\"og:image:height\" content=\"408\" \/>\n\t<meta property=\"og:image:type\" content=\"image\/png\" \/>\n<meta name=\"twitter:card\" content=\"summary_large_image\" \/>\n<meta name=\"twitter:label1\" content=\"Dur\u00e9e de lecture estim\u00e9e\" \/>\n\t<meta name=\"twitter:data1\" content=\"1 minute\" \/>\n<script type=\"application\/ld+json\" class=\"yoast-schema-graph\">{\"@context\":\"https:\\\/\\\/schema.org\",\"@graph\":[{\"@type\":\"WebPage\",\"@id\":\"https:\\\/\\\/tetraboost.nl\\\/fr\\\/produit\\\/tetraboost-e-guard-15-6-x-945ml\\\/\",\"url\":\"https:\\\/\\\/tetraboost.nl\\\/fr\\\/produit\\\/tetraboost-e-guard-15-6-x-945ml\\\/\",\"name\":\"TetraBOOST E-Guard 15 (6 x 945ml) - TetraBOOST\",\"isPartOf\":{\"@id\":\"https:\\\/\\\/tetraboost.nl\\\/fr\\\/#website\"},\"primaryImageOfPage\":{\"@id\":\"https:\\\/\\\/tetraboost.nl\\\/fr\\\/produit\\\/tetraboost-e-guard-15-6-x-945ml\\\/#primaryimage\"},\"image\":{\"@id\":\"https:\\\/\\\/tetraboost.nl\\\/fr\\\/produit\\\/tetraboost-e-guard-15-6-x-945ml\\\/#primaryimage\"},\"thumbnailUrl\":\"https:\\\/\\\/i0.wp.com\\\/tetraboost.nl\\\/wp-content\\\/uploads\\\/2024\\\/12\\\/6-cans.png?fit=408%2C408&ssl=1\",\"datePublished\":\"2024-12-04T10:13:25+00:00\",\"dateModified\":\"2025-01-28T14:34:53+00:00\",\"breadcrumb\":{\"@id\":\"https:\\\/\\\/tetraboost.nl\\\/fr\\\/produit\\\/tetraboost-e-guard-15-6-x-945ml\\\/#breadcrumb\"},\"inLanguage\":\"fr-FR\",\"potentialAction\":[{\"@type\":\"ReadAction\",\"target\":[\"https:\\\/\\\/tetraboost.nl\\\/fr\\\/produit\\\/tetraboost-e-guard-15-6-x-945ml\\\/\"]}]},{\"@type\":\"ImageObject\",\"inLanguage\":\"fr-FR\",\"@id\":\"https:\\\/\\\/tetraboost.nl\\\/fr\\\/produit\\\/tetraboost-e-guard-15-6-x-945ml\\\/#primaryimage\",\"url\":\"https:\\\/\\\/i0.wp.com\\\/tetraboost.nl\\\/wp-content\\\/uploads\\\/2024\\\/12\\\/6-cans.png?fit=408%2C408&ssl=1\",\"contentUrl\":\"https:\\\/\\\/i0.wp.com\\\/tetraboost.nl\\\/wp-content\\\/uploads\\\/2024\\\/12\\\/6-cans.png?fit=408%2C408&ssl=1\",\"width\":408,\"height\":408},{\"@type\":\"BreadcrumbList\",\"@id\":\"https:\\\/\\\/tetraboost.nl\\\/fr\\\/produit\\\/tetraboost-e-guard-15-6-x-945ml\\\/#breadcrumb\",\"itemListElement\":[{\"@type\":\"ListItem\",\"position\":1,\"name\":\"Home\",\"item\":\"https:\\\/\\\/tetraboost.nl\\\/fr\\\/\"},{\"@type\":\"ListItem\",\"position\":2,\"name\":\"Shop\",\"item\":\"https:\\\/\\\/tetraboost.nl\\\/winkel\\\/\"},{\"@type\":\"ListItem\",\"position\":3,\"name\":\"TetraBOOST E-Guard 15 (6 x 945ml)\"}]},{\"@type\":\"WebSite\",\"@id\":\"https:\\\/\\\/tetraboost.nl\\\/fr\\\/#website\",\"url\":\"https:\\\/\\\/tetraboost.nl\\\/fr\\\/\",\"name\":\"TetraBOOST\",\"description\":\"\",\"potentialAction\":[{\"@type\":\"SearchAction\",\"target\":{\"@type\":\"EntryPoint\",\"urlTemplate\":\"https:\\\/\\\/tetraboost.nl\\\/fr\\\/?s={search_term_string}\"},\"query-input\":{\"@type\":\"PropertyValueSpecification\",\"valueRequired\":true,\"valueName\":\"search_term_string\"}}],\"inLanguage\":\"fr-FR\"}]}<\/script>\n<!-- \/ Yoast SEO plugin. -->","yoast_head_json":{"title":"TetraBOOST E-Guard 15 (6 x 945ml) - TetraBOOST","robots":{"index":"index","follow":"follow","max-snippet":"max-snippet:-1","max-image-preview":"max-image-preview:large","max-video-preview":"max-video-preview:-1"},"canonical":"https:\/\/tetraboost.nl\/fr\/produit\/tetraboost-e-guard-15-6-x-945ml\/","og_locale":"fr_FR","og_type":"article","og_title":"TetraBOOST E-Guard 15 (6 x 945ml) - TetraBOOST","og_description":"TetraBOOST E-Guard. L\u2019additif qui prot\u00e8ge contre l\u2019\u00e9thanol dans l\u2019essence E5 et E10 \u2013 Ajoute du vrai plomb.","og_url":"https:\/\/tetraboost.nl\/fr\/produit\/tetraboost-e-guard-15-6-x-945ml\/","og_site_name":"TetraBOOST","article_modified_time":"2025-01-28T14:34:53+00:00","og_image":[{"width":408,"height":408,"url":"https:\/\/i0.wp.com\/tetraboost.nl\/wp-content\/uploads\/2024\/12\/6-cans.png?fit=408%2C408&ssl=1","type":"image\/png"}],"twitter_card":"summary_large_image","twitter_misc":{"Dur\u00e9e de lecture estim\u00e9e":"1 minute"},"schema":{"@context":"https:\/\/schema.org","@graph":[{"@type":"WebPage","@id":"https:\/\/tetraboost.nl\/fr\/produit\/tetraboost-e-guard-15-6-x-945ml\/","url":"https:\/\/tetraboost.nl\/fr\/produit\/tetraboost-e-guard-15-6-x-945ml\/","name":"TetraBOOST E-Guard 15 (6 x 945ml) - TetraBOOST","isPartOf":{"@id":"https:\/\/tetraboost.nl\/fr\/#website"},"primaryImageOfPage":{"@id":"https:\/\/tetraboost.nl\/fr\/produit\/tetraboost-e-guard-15-6-x-945ml\/#primaryimage"},"image":{"@id":"https:\/\/tetraboost.nl\/fr\/produit\/tetraboost-e-guard-15-6-x-945ml\/#primaryimage"},"thumbnailUrl":"https:\/\/i0.wp.com\/tetraboost.nl\/wp-content\/uploads\/2024\/12\/6-cans.png?fit=408%2C408&ssl=1","datePublished":"2024-12-04T10:13:25+00:00","dateModified":"2025-01-28T14:34:53+00:00","breadcrumb":{"@id":"https:\/\/tetraboost.nl\/fr\/produit\/tetraboost-e-guard-15-6-x-945ml\/#breadcrumb"},"inLanguage":"fr-FR","potentialAction":[{"@type":"ReadAction","target":["https:\/\/tetraboost.nl\/fr\/produit\/tetraboost-e-guard-15-6-x-945ml\/"]}]},{"@type":"ImageObject","inLanguage":"fr-FR","@id":"https:\/\/tetraboost.nl\/fr\/produit\/tetraboost-e-guard-15-6-x-945ml\/#primaryimage","url":"https:\/\/i0.wp.com\/tetraboost.nl\/wp-content\/uploads\/2024\/12\/6-cans.png?fit=408%2C408&ssl=1","contentUrl":"https:\/\/i0.wp.com\/tetraboost.nl\/wp-content\/uploads\/2024\/12\/6-cans.png?fit=408%2C408&ssl=1","width":408,"height":408},{"@type":"BreadcrumbList","@id":"https:\/\/tetraboost.nl\/fr\/produit\/tetraboost-e-guard-15-6-x-945ml\/#breadcrumb","itemListElement":[{"@type":"ListItem","position":1,"name":"Home","item":"https:\/\/tetraboost.nl\/fr\/"},{"@type":"ListItem","position":2,"name":"Shop","item":"https:\/\/tetraboost.nl\/winkel\/"},{"@type":"ListItem","position":3,"name":"TetraBOOST E-Guard 15 (6 x 945ml)"}]},{"@type":"WebSite","@id":"https:\/\/tetraboost.nl\/fr\/#website","url":"https:\/\/tetraboost.nl\/fr\/","name":"TetraBOOST","description":"","potentialAction":[{"@type":"SearchAction","target":{"@type":"EntryPoint","urlTemplate":"https:\/\/tetraboost.nl\/fr\/?s={search_term_string}"},"query-input":{"@type":"PropertyValueSpecification","valueRequired":true,"valueName":"search_term_string"}}],"inLanguage":"fr-FR"}]}},"jetpack_sharing_enabled":true,"_links":{"self":[{"href":"https:\/\/tetraboost.nl\/fr\/wp-json\/wp\/v2\/product\/18064","targetHints":{"allow":["GET"]}}],"collection":[{"href":"https:\/\/tetraboost.nl\/fr\/wp-json\/wp\/v2\/product"}],"about":[{"href":"https:\/\/tetraboost.nl\/fr\/wp-json\/wp\/v2\/types\/product"}],"wp:featuredmedia":[{"embeddable":true,"href":"https:\/\/tetraboost.nl\/fr\/wp-json\/wp\/v2\/media\/17915"}],"wp:attachment":[{"href":"https:\/\/tetraboost.nl\/fr\/wp-json\/wp\/v2\/media?parent=18064"}],"wp:term":[{"taxonomy":"product_brand","embeddable":true,"href":"https:\/\/tetraboost.nl\/fr\/wp-json\/wp\/v2\/product_brand?post=18064"},{"taxonomy":"product_cat","embeddable":true,"href":"https:\/\/tetraboost.nl\/fr\/wp-json\/wp\/v2\/product_cat?post=18064"},{"taxonomy":"product_tag","embeddable":true,"href":"https:\/\/tetraboost.nl\/fr\/wp-json\/wp\/v2\/product_tag?post=18064"}],"curies":[{"name":"wp","href":"https:\/\/api.w.org\/{rel}","templated":true}]}}