{"id":19055,"date":"2024-12-05T11:24:51","date_gmt":"2024-12-05T11:24:51","guid":{"rendered":"https:\/\/tetraboost.nl\/declaration-de-confidentialite\/"},"modified":"2025-01-30T08:49:12","modified_gmt":"2025-01-30T08:49:12","slug":"declaration-de-confidentialite","status":"publish","type":"page","link":"https:\/\/tetraboost.nl\/fr\/declaration-de-confidentialite\/","title":{"rendered":"D\u00e9claration de confidentialit\u00e9"},"content":{"rendered":"<p>[et_pb_section fb_built=\u00a0\u00bb1&Prime; _builder_version=\u00a0\u00bb4.27.3&Prime; _module_preset=\u00a0\u00bbdefault\u00a0\u00bb use_background_color_gradient=\u00a0\u00bbon\u00a0\u00bb background_color_gradient_stops=\u00a0\u00bbrgba(43,135,218,0) 0%|#002f4d 100%\u00a0\u00bb background_color_gradient_overlays_image=\u00a0\u00bbon\u00a0\u00bb background_image=\u00a0\u00bbhttps:\/\/tetraboost-nieuw.mystagingwebsite.com\/wp-content\/uploads\/2024\/12\/picture-2600.jpeg\u00a0\u00bb min_height_tablet=\u00a0\u00bbauto\u00a0\u00bb min_height_phone=\u00a0\u00bbauto\u00a0\u00bb min_height_last_edited=\u00a0\u00bboff|desktop\u00a0\u00bb global_colors_info=\u00a0\u00bb{}\u00a0\u00bb][et_pb_row _builder_version=\u00a0\u00bb4.27.3&Prime; _module_preset=\u00a0\u00bbdefault\u00a0\u00bb positioning=\u00a0\u00bbnone\u00a0\u00bb position_origin_a=\u00a0\u00bbbottom_center\u00a0\u00bb vertical_offset=\u00a0\u00bb15vh\u00a0\u00bb position_origin_a_tablet=\u00a0\u00bbbottom_center\u00a0\u00bb position_origin_a_phone=\u00a0\u00bbbottom_center\u00a0\u00bb position_origin_a_last_edited=\u00a0\u00bboff|desktop\u00a0\u00bb position_origin_f_last_edited=\u00a0\u00bboff|desktop\u00a0\u00bb position_origin_r_last_edited=\u00a0\u00bboff|desktop\u00a0\u00bb custom_margin=\u00a0\u00bb0px||0px||true|false\u00a0\u00bb custom_padding=\u00a0\u00bb0px||0px||true|false\u00a0\u00bb positioning_tablet=\u00a0\u00bbnone\u00a0\u00bb positioning_phone=\u00a0\u00bbnone\u00a0\u00bb positioning_last_edited=\u00a0\u00bboff|desktop\u00a0\u00bb global_colors_info=\u00a0\u00bb{}\u00a0\u00bb][et_pb_column type=\u00a0\u00bb4_4&Prime; _builder_version=\u00a0\u00bb4.20.4&Prime; _module_preset=\u00a0\u00bbdefault\u00a0\u00bb global_colors_info=\u00a0\u00bb{}\u00a0\u00bb][et_pb_text _builder_version=\u00a0\u00bb4.27.3&Prime; _dynamic_attributes=\u00a0\u00bbcontent\u00a0\u00bb text_font=\u00a0\u00bb|600|||||||\u00a0\u00bb text_text_color=\u00a0\u00bb#FFFFFF\u00a0\u00bb text_font_size=\u00a0\u00bb18px\u00a0\u00bb header_font=\u00a0\u00bb&#8211;et_global_heading_font|900|||||||\u00a0\u00bb header_text_align=\u00a0\u00bbcenter\u00a0\u00bb header_text_color=\u00a0\u00bb#FFFFFF\u00a0\u00bb header_font_size=\u00a0\u00bb46px\u00a0\u00bb header_line_height=\u00a0\u00bb1.3em\u00a0\u00bb header_2_text_color=\u00a0\u00bb#FFFFFF\u00a0\u00bb text_font_size_tablet=\u00a0\u00bb18px\u00a0\u00bb text_font_size_phone=\u00a0\u00bb16px\u00a0\u00bb text_font_size_last_edited=\u00a0\u00bbon|phone\u00a0\u00bb header_font_size_tablet=\u00a0\u00bb38px\u00a0\u00bb header_font_size_phone=\u00a0\u00bb30px\u00a0\u00bb header_font_size_last_edited=\u00a0\u00bbon|tablet\u00a0\u00bb locked=\u00a0\u00bboff\u00a0\u00bb global_colors_info=\u00a0\u00bb{}\u00a0\u00bb]@ET-DC@eyJkeW5hbWljIjp0cnVlLCJjb250ZW50IjoicG9zdF90aXRsZSIsInNldHRpbmdzIjp7ImJlZm9yZSI6IjxoMT4iLCJhZnRlciI6IjwvaDE+IiwiZW5hYmxlX2h0bWwiOiJvZmYifX0=@[\/et_pb_text][\/et_pb_column][\/et_pb_row][\/et_pb_section][et_pb_section fb_built=\u00a0\u00bb1&Prime; _builder_version=\u00a0\u00bb4.27.3&Prime; background_color=\u00a0\u00bb#EFEFEF\u00a0\u00bb custom_margin=\u00a0\u00bb||||false|false\u00a0\u00bb custom_padding=\u00a0\u00bb50px||50px||true|false\u00a0\u00bb global_colors_info=\u00a0\u00bb{}\u00a0\u00bb][et_pb_row _builder_version=\u00a0\u00bb4.27.3&Prime; _module_preset=\u00a0\u00bbdefault\u00a0\u00bb custom_margin=\u00a0\u00bb0px||0px||true|false\u00a0\u00bb custom_padding=\u00a0\u00bb0px||0px||true|false\u00a0\u00bb global_colors_info=\u00a0\u00bb{}\u00a0\u00bb][et_pb_column type=\u00a0\u00bb4_4&Prime; _builder_version=\u00a0\u00bb4.27.3&Prime; _module_preset=\u00a0\u00bbdefault\u00a0\u00bb global_colors_info=\u00a0\u00bb{}\u00a0\u00bb][et_pb_text _builder_version=\u00a0\u00bb4.27.4&Prime; text_font=\u00a0\u00bb||||||||\u00a0\u00bb text_text_color=\u00a0\u00bb#001B2C\u00a0\u00bb header_font=\u00a0\u00bb&#8211;et_global_heading_font|900|||||||\u00a0\u00bb header_font_size=\u00a0\u00bb46px\u00a0\u00bb header_line_height=\u00a0\u00bb1.3em\u00a0\u00bb header_2_font=\u00a0\u00bb|800|||||||\u00a0\u00bb header_2_text_color=\u00a0\u00bb#001B2C\u00a0\u00bb header_2_font_size=\u00a0\u00bb37px\u00a0\u00bb hover_enabled=\u00a0\u00bb0&Prime; text_font_size_tablet=\u00a0\u00bb18px\u00a0\u00bb text_font_size_phone=\u00a0\u00bb16px\u00a0\u00bb text_font_size_last_edited=\u00a0\u00bbon|phone\u00a0\u00bb header_font_size_tablet=\u00a0\u00bb38px\u00a0\u00bb header_font_size_phone=\u00a0\u00bb30px\u00a0\u00bb header_font_size_last_edited=\u00a0\u00bbon|tablet\u00a0\u00bb header_2_font_size_tablet=\u00a0\u00bb30px\u00a0\u00bb header_2_font_size_phone=\u00a0\u00bb25px\u00a0\u00bb header_2_font_size_last_edited=\u00a0\u00bbon|tablet\u00a0\u00bb locked=\u00a0\u00bboff\u00a0\u00bb global_colors_info=\u00a0\u00bb{}\u00a0\u00bb sticky_enabled=\u00a0\u00bb0&Prime;]<\/p>\n<p>Cette d\u00e9claration de confidentialit\u00e9 d\u00e9crit comment nous, TetraBOOST.eu, collectons, utilisons, divulguons et g\u00e9rons les donn\u00e9es personnelles conform\u00e9ment au R\u00e8glement G\u00e9n\u00e9ral Europ\u00e9en sur la Protection des Donn\u00e9es (RGPD).<\/p>\n<h2>1. Responsable de la protection des donn\u00e9es<\/h2>\n<p><em>TetraBOOST.nl, qui fait partie de Classicpartsshop<\/em><br \/><em>Bedrijfsweg 72<\/em><br \/><em>8304 AA Emmeloord<\/em><br \/><em>Pays-Bas<\/em><\/p>\n<h2>2. Donn\u00e9es personnelles collect\u00e9es<\/h2>\n<p>Nous collectons les donn\u00e9es personnelles n\u00e9cessaires au traitement des commandes, \u00e0 la fourniture d\u2019un service \u00e0 la client\u00e8le et au respect des obligations l\u00e9gales. Les donn\u00e9es personnelles collect\u00e9es peuvent inclure : <\/p>\n<ul>\n<li>Nom, adresse et coordonn\u00e9es (adresse \u00e9lectronique, num\u00e9ro de t\u00e9l\u00e9phone, etc.)<\/li>\n<li>Informations de paiement (telles que les d\u00e9tails de la carte de cr\u00e9dit, le num\u00e9ro de compte bancaire)<\/li>\n<li>Historique de vos commandes et pr\u00e9f\u00e9rences<\/li>\n<li>l\u2019adresse IP et d\u2019autres donn\u00e9es techniques collect\u00e9es par le biais de cookies et de technologies similaires<\/li>\n<\/ul>\n<h2>3. Finalit\u00e9s du traitement des donn\u00e9es<\/h2>\n<p>Nous traitons les donn\u00e9es personnelles aux fins suivantes :<\/p>\n<ul>\n<li>Traiter les commandes et fournir des produits et des services<\/li>\n<li>Fournir un service client et r\u00e9pondre aux questions<\/li>\n<li>Am\u00e9liorer notre site Web, nos produits et nos services<\/li>\n<li>R\u00e9aliser des \u00e9tudes de march\u00e9 et analyser les tendances<\/li>\n<li>Respecter les obligations l\u00e9gales<\/li>\n<\/ul>\n<h2>4. Base juridique du traitement des donn\u00e9es<\/h2>\n<p>La base juridique du traitement des donn\u00e9es personnelles repose sur la n\u00e9cessit\u00e9 d\u2019ex\u00e9cuter un contrat (par exemple, le traitement d\u2019une commande) et sur l\u2019int\u00e9r\u00eat l\u00e9gitime d\u2019am\u00e9liorer nos produits et services. Dans certains cas, nous pouvons demander votre consentement pour des op\u00e9rations de traitement sp\u00e9cifiques. <\/p>\n<h2>5. Stockage et s\u00e9curit\u00e9 des donn\u00e9es<\/h2>\n<p>Nous conservons les donn\u00e9es personnelles aussi longtemps que n\u00e9cessaire pour atteindre les objectifs pour lesquelles elles ont \u00e9t\u00e9 collect\u00e9es, \u00e0 moins qu\u2019une p\u00e9riode de conservation plus longue ne soit requise ou autoris\u00e9e par la loi. Nous prenons des mesures techniques et organisationnelles raisonnables pour prot\u00e9ger les donn\u00e9es \u00e0 caract\u00e8re personnel contre l\u2019acc\u00e8s, la divulgation, la modification ou la destruction non autoris\u00e9s. <\/p>\n<h2>6. Partage et divulgation des donn\u00e9es<\/h2>\n<p>Nous ne partageons les donn\u00e9es personnelles avec des tiers que si cela est n\u00e9cessaire pour le traitement des commandes, comme les partenaires d\u2019exp\u00e9dition et les prestataires de services de paiement. Nous pouvons \u00e9galement partager des donn\u00e9es personnelles avec des agences gouvernementales si la loi l\u2019exige. Nous ne vendons ni ne louons vos donn\u00e9es personnelles \u00e0 des tiers \u00e0 des fins de marketing.  <\/p>\n<h2>7. Vos droits concernant la protection des donn\u00e9es<\/h2>\n<p>Vous avez le droit de demander l\u2019acc\u00e8s \u00e0 vos donn\u00e9es personnelles, de les modifier ou de les supprimer. Vous avez \u00e9galement le droit de vous opposer \u00e0 certains traitements ou de retirer votre consentement le cas \u00e9ch\u00e9ant. Veuillez nous contacter en utilisant les coordonn\u00e9es indiqu\u00e9es ci-dessous pour exercer vos droits.  <\/p>\n<h2>8. Modifications de la d\u00e9claration de confidentialit\u00e9<\/h2>\n<p>Nous pouvons mettre \u00e0 jour cette d\u00e9claration de confidentialit\u00e9 de temps \u00e0 autre. La version la plus r\u00e9cente sera disponible sur notre site Web. Nous vous conseillons de consulter r\u00e9guli\u00e8rement notre politique de confidentialit\u00e9.  <\/p>\n<p>Si vous avez des questions, des commentaires ou des demandes concernant la protection des donn\u00e9es, veuillez nous contacter par e-mail \u00e0 l\u2019adresse suivante : i<a href=\"mailto:info@tetraboost.nl\">nfo@tetraboost.eu.<\/a><\/p>\n<p><em>Derni\u00e8re mise \u00e0 jour le 15 janvier 2025<\/em><\/p>\n<p>[\/et_pb_text][\/et_pb_column][\/et_pb_row][\/et_pb_section]<\/p>\n","protected":false},"excerpt":{"rendered":"<p>Cette d\u00e9claration de confidentialit\u00e9 d\u00e9crit comment nous, TetraBOOST.eu, collectons, utilisons, divulguons et g\u00e9rons les donn\u00e9es personnelles conform\u00e9ment au R\u00e8glement G\u00e9n\u00e9ral Europ\u00e9en sur la Protection des Donn\u00e9es (RGPD). 1. Responsable de la protection des donn\u00e9es TetraBOOST.nl, qui fait partie de ClassicpartsshopBedrijfsweg 728304 AA EmmeloordPays-Bas 2. Donn\u00e9es personnelles collect\u00e9es Nous collectons les donn\u00e9es personnelles n\u00e9cessaires au traitement [&hellip;]<\/p>\n","protected":false},"author":6,"featured_media":0,"parent":0,"menu_order":0,"comment_status":"closed","ping_status":"closed","template":"","meta":{"_et_pb_use_builder":"on","_et_pb_old_content":"","_et_gb_content_width":"","footnotes":""},"class_list":["post-19055","page","type-page","status-publish","hentry"],"yoast_head":"<!-- This site is optimized with the Yoast SEO plugin v27.5 - https:\/\/yoast.com\/product\/yoast-seo-wordpress\/ -->\n<title>TetraBOOST<\/title>\n<meta name=\"robots\" content=\"index, follow, max-snippet:-1, max-image-preview:large, max-video-preview:-1\" \/>\n<link rel=\"canonical\" href=\"https:\/\/tetraboost.nl\/fr\/declaration-de-confidentialite\/\" \/>\n<meta property=\"og:locale\" content=\"fr_FR\" \/>\n<meta property=\"og:type\" content=\"article\" \/>\n<meta property=\"og:title\" content=\"TetraBOOST\" \/>\n<meta property=\"og:description\" content=\"Cette d\u00e9claration de confidentialit\u00e9 d\u00e9crit comment nous, TetraBOOST.eu, collectons, utilisons, divulguons et g\u00e9rons les donn\u00e9es personnelles conform\u00e9ment au R\u00e8glement G\u00e9n\u00e9ral Europ\u00e9en sur la Protection des Donn\u00e9es (RGPD). 1. Responsable de la protection des donn\u00e9es TetraBOOST.nl, qui fait partie de ClassicpartsshopBedrijfsweg 728304 AA EmmeloordPays-Bas 2. Donn\u00e9es personnelles collect\u00e9es Nous collectons les donn\u00e9es personnelles n\u00e9cessaires au traitement [&hellip;]\" \/>\n<meta property=\"og:url\" content=\"https:\/\/tetraboost.nl\/fr\/declaration-de-confidentialite\/\" \/>\n<meta property=\"og:site_name\" content=\"TetraBOOST\" \/>\n<meta property=\"article:modified_time\" content=\"2025-01-30T08:49:12+00:00\" \/>\n<meta name=\"twitter:card\" content=\"summary_large_image\" \/>\n<meta name=\"twitter:label1\" content=\"Dur\u00e9e de lecture estim\u00e9e\" \/>\n\t<meta name=\"twitter:data1\" content=\"5 minutes\" \/>\n<script type=\"application\/ld+json\" class=\"yoast-schema-graph\">{\"@context\":\"https:\\\/\\\/schema.org\",\"@graph\":[{\"@type\":\"WebPage\",\"@id\":\"https:\\\/\\\/tetraboost.nl\\\/fr\\\/declaration-de-confidentialite\\\/\",\"url\":\"https:\\\/\\\/tetraboost.nl\\\/fr\\\/declaration-de-confidentialite\\\/\",\"name\":\"TetraBOOST\",\"isPartOf\":{\"@id\":\"https:\\\/\\\/tetraboost.nl\\\/fr\\\/#website\"},\"datePublished\":\"2024-12-05T11:24:51+00:00\",\"dateModified\":\"2025-01-30T08:49:12+00:00\",\"breadcrumb\":{\"@id\":\"https:\\\/\\\/tetraboost.nl\\\/fr\\\/declaration-de-confidentialite\\\/#breadcrumb\"},\"inLanguage\":\"fr-FR\",\"potentialAction\":[{\"@type\":\"ReadAction\",\"target\":[\"https:\\\/\\\/tetraboost.nl\\\/fr\\\/declaration-de-confidentialite\\\/\"]}]},{\"@type\":\"BreadcrumbList\",\"@id\":\"https:\\\/\\\/tetraboost.nl\\\/fr\\\/declaration-de-confidentialite\\\/#breadcrumb\",\"itemListElement\":[{\"@type\":\"ListItem\",\"position\":1,\"name\":\"Home\",\"item\":\"https:\\\/\\\/tetraboost.nl\\\/fr\\\/\"},{\"@type\":\"ListItem\",\"position\":2,\"name\":\"D\u00e9claration de confidentialit\u00e9\"}]},{\"@type\":\"WebSite\",\"@id\":\"https:\\\/\\\/tetraboost.nl\\\/fr\\\/#website\",\"url\":\"https:\\\/\\\/tetraboost.nl\\\/fr\\\/\",\"name\":\"TetraBOOST\",\"description\":\"\",\"potentialAction\":[{\"@type\":\"SearchAction\",\"target\":{\"@type\":\"EntryPoint\",\"urlTemplate\":\"https:\\\/\\\/tetraboost.nl\\\/fr\\\/?s={search_term_string}\"},\"query-input\":{\"@type\":\"PropertyValueSpecification\",\"valueRequired\":true,\"valueName\":\"search_term_string\"}}],\"inLanguage\":\"fr-FR\"}]}<\/script>\n<!-- \/ Yoast SEO plugin. -->","yoast_head_json":{"title":"TetraBOOST","robots":{"index":"index","follow":"follow","max-snippet":"max-snippet:-1","max-image-preview":"max-image-preview:large","max-video-preview":"max-video-preview:-1"},"canonical":"https:\/\/tetraboost.nl\/fr\/declaration-de-confidentialite\/","og_locale":"fr_FR","og_type":"article","og_title":"TetraBOOST","og_description":"Cette d\u00e9claration de confidentialit\u00e9 d\u00e9crit comment nous, TetraBOOST.eu, collectons, utilisons, divulguons et g\u00e9rons les donn\u00e9es personnelles conform\u00e9ment au R\u00e8glement G\u00e9n\u00e9ral Europ\u00e9en sur la Protection des Donn\u00e9es (RGPD). 1. Responsable de la protection des donn\u00e9es TetraBOOST.nl, qui fait partie de ClassicpartsshopBedrijfsweg 728304 AA EmmeloordPays-Bas 2. Donn\u00e9es personnelles collect\u00e9es Nous collectons les donn\u00e9es personnelles n\u00e9cessaires au traitement [&hellip;]","og_url":"https:\/\/tetraboost.nl\/fr\/declaration-de-confidentialite\/","og_site_name":"TetraBOOST","article_modified_time":"2025-01-30T08:49:12+00:00","twitter_card":"summary_large_image","twitter_misc":{"Dur\u00e9e de lecture estim\u00e9e":"5 minutes"},"schema":{"@context":"https:\/\/schema.org","@graph":[{"@type":"WebPage","@id":"https:\/\/tetraboost.nl\/fr\/declaration-de-confidentialite\/","url":"https:\/\/tetraboost.nl\/fr\/declaration-de-confidentialite\/","name":"TetraBOOST","isPartOf":{"@id":"https:\/\/tetraboost.nl\/fr\/#website"},"datePublished":"2024-12-05T11:24:51+00:00","dateModified":"2025-01-30T08:49:12+00:00","breadcrumb":{"@id":"https:\/\/tetraboost.nl\/fr\/declaration-de-confidentialite\/#breadcrumb"},"inLanguage":"fr-FR","potentialAction":[{"@type":"ReadAction","target":["https:\/\/tetraboost.nl\/fr\/declaration-de-confidentialite\/"]}]},{"@type":"BreadcrumbList","@id":"https:\/\/tetraboost.nl\/fr\/declaration-de-confidentialite\/#breadcrumb","itemListElement":[{"@type":"ListItem","position":1,"name":"Home","item":"https:\/\/tetraboost.nl\/fr\/"},{"@type":"ListItem","position":2,"name":"D\u00e9claration de confidentialit\u00e9"}]},{"@type":"WebSite","@id":"https:\/\/tetraboost.nl\/fr\/#website","url":"https:\/\/tetraboost.nl\/fr\/","name":"TetraBOOST","description":"","potentialAction":[{"@type":"SearchAction","target":{"@type":"EntryPoint","urlTemplate":"https:\/\/tetraboost.nl\/fr\/?s={search_term_string}"},"query-input":{"@type":"PropertyValueSpecification","valueRequired":true,"valueName":"search_term_string"}}],"inLanguage":"fr-FR"}]}},"jetpack_sharing_enabled":true,"_links":{"self":[{"href":"https:\/\/tetraboost.nl\/fr\/wp-json\/wp\/v2\/pages\/19055","targetHints":{"allow":["GET"]}}],"collection":[{"href":"https:\/\/tetraboost.nl\/fr\/wp-json\/wp\/v2\/pages"}],"about":[{"href":"https:\/\/tetraboost.nl\/fr\/wp-json\/wp\/v2\/types\/page"}],"author":[{"embeddable":true,"href":"https:\/\/tetraboost.nl\/fr\/wp-json\/wp\/v2\/users\/6"}],"replies":[{"embeddable":true,"href":"https:\/\/tetraboost.nl\/fr\/wp-json\/wp\/v2\/comments?post=19055"}],"version-history":[{"count":2,"href":"https:\/\/tetraboost.nl\/fr\/wp-json\/wp\/v2\/pages\/19055\/revisions"}],"predecessor-version":[{"id":19057,"href":"https:\/\/tetraboost.nl\/fr\/wp-json\/wp\/v2\/pages\/19055\/revisions\/19057"}],"wp:attachment":[{"href":"https:\/\/tetraboost.nl\/fr\/wp-json\/wp\/v2\/media?parent=19055"}],"curies":[{"name":"wp","href":"https:\/\/api.w.org\/{rel}","templated":true}]}}