{"id":18099,"date":"2024-12-05T10:47:51","date_gmt":"2024-12-05T10:47:51","guid":{"rendered":"https:\/\/tetraboost-nieuw.mystagingwebsite.com\/le-produit\/carburant\/"},"modified":"2024-12-09T09:31:50","modified_gmt":"2024-12-09T09:31:50","slug":"carburant","status":"publish","type":"page","link":"https:\/\/tetraboost.nl\/fr\/le-produit\/carburant\/","title":{"rendered":"Carburant"},"content":{"rendered":"<p>[et_pb_section fb_built=\u00a0\u00bb1&Prime; _builder_version=\u00a0\u00bb4.27.3&Prime; _module_preset=\u00a0\u00bbdefault\u00a0\u00bb use_background_color_gradient=\u00a0\u00bbon\u00a0\u00bb background_color_gradient_stops=\u00a0\u00bbrgba(43,135,218,0) 0%|#002f4d 100%\u00a0\u00bb background_color_gradient_overlays_image=\u00a0\u00bbon\u00a0\u00bb background_image=\u00a0\u00bbhttps:\/\/tetraboost-nieuw.mystagingwebsite.com\/wp-content\/uploads\/2024\/12\/picture-2600.jpeg\u00a0\u00bb min_height_tablet=\u00a0\u00bbauto\u00a0\u00bb min_height_phone=\u00a0\u00bbauto\u00a0\u00bb min_height_last_edited=\u00a0\u00bboff|desktop\u00a0\u00bb global_colors_info=\u00a0\u00bb{}\u00a0\u00bb][et_pb_row _builder_version=\u00a0\u00bb4.27.3&Prime; _module_preset=\u00a0\u00bbdefault\u00a0\u00bb positioning=\u00a0\u00bbnone\u00a0\u00bb position_origin_a=\u00a0\u00bbbottom_center\u00a0\u00bb vertical_offset=\u00a0\u00bb15vh\u00a0\u00bb position_origin_a_tablet=\u00a0\u00bbbottom_center\u00a0\u00bb position_origin_a_phone=\u00a0\u00bbbottom_center\u00a0\u00bb position_origin_a_last_edited=\u00a0\u00bboff|desktop\u00a0\u00bb position_origin_f_last_edited=\u00a0\u00bboff|desktop\u00a0\u00bb position_origin_r_last_edited=\u00a0\u00bboff|desktop\u00a0\u00bb custom_margin=\u00a0\u00bb0px||0px||true|false\u00a0\u00bb custom_padding=\u00a0\u00bb0px||0px||true|false\u00a0\u00bb positioning_tablet=\u00a0\u00bbnone\u00a0\u00bb positioning_phone=\u00a0\u00bbnone\u00a0\u00bb positioning_last_edited=\u00a0\u00bboff|desktop\u00a0\u00bb global_colors_info=\u00a0\u00bb{}\u00a0\u00bb][et_pb_column type=\u00a0\u00bb4_4&Prime; _builder_version=\u00a0\u00bb4.20.4&Prime; _module_preset=\u00a0\u00bbdefault\u00a0\u00bb global_colors_info=\u00a0\u00bb{}\u00a0\u00bb][et_pb_text _builder_version=\u00a0\u00bb4.27.3&Prime; _dynamic_attributes=\u00a0\u00bbcontent\u00a0\u00bb text_font=\u00a0\u00bb|600|||||||\u00a0\u00bb text_text_color=\u00a0\u00bb#FFFFFF\u00a0\u00bb text_font_size=\u00a0\u00bb18px\u00a0\u00bb header_font=\u00a0\u00bb&#8211;et_global_heading_font|900|||||||\u00a0\u00bb header_text_align=\u00a0\u00bbcenter\u00a0\u00bb header_text_color=\u00a0\u00bb#FFFFFF\u00a0\u00bb header_font_size=\u00a0\u00bb46px\u00a0\u00bb header_line_height=\u00a0\u00bb1.3em\u00a0\u00bb header_2_text_color=\u00a0\u00bb#FFFFFF\u00a0\u00bb text_font_size_tablet=\u00a0\u00bb18px\u00a0\u00bb text_font_size_phone=\u00a0\u00bb16px\u00a0\u00bb text_font_size_last_edited=\u00a0\u00bbon|phone\u00a0\u00bb header_font_size_tablet=\u00a0\u00bb38px\u00a0\u00bb header_font_size_phone=\u00a0\u00bb30px\u00a0\u00bb header_font_size_last_edited=\u00a0\u00bbon|tablet\u00a0\u00bb locked=\u00a0\u00bboff\u00a0\u00bb global_colors_info=\u00a0\u00bb{}\u00a0\u00bb]@ET-DC@eyJkeW5hbWljIjp0cnVlLCJjb250ZW50IjoicG9zdF90aXRsZSIsInNldHRpbmdzIjp7ImJlZm9yZSI6IjxoMT4iLCJhZnRlciI6IjwvaDE+IiwiZW5hYmxlX2h0bWwiOiJvZmYifX0=@[\/et_pb_text][\/et_pb_column][\/et_pb_row][\/et_pb_section][et_pb_section fb_built=\u00a0\u00bb1&Prime; _builder_version=\u00a0\u00bb4.27.3&Prime; background_color=\u00a0\u00bb#EFEFEF\u00a0\u00bb custom_margin=\u00a0\u00bb||||false|false\u00a0\u00bb custom_padding=\u00a0\u00bb50px||50px||true|false\u00a0\u00bb global_colors_info=\u00a0\u00bb{}\u00a0\u00bb][et_pb_row _builder_version=\u00a0\u00bb4.27.3&Prime; _module_preset=\u00a0\u00bbdefault\u00a0\u00bb custom_margin=\u00a0\u00bb0px||0px||true|false\u00a0\u00bb custom_padding=\u00a0\u00bb0px||0px||true|false\u00a0\u00bb global_colors_info=\u00a0\u00bb{}\u00a0\u00bb][et_pb_column type=\u00a0\u00bb4_4&Prime; _builder_version=\u00a0\u00bb4.27.3&Prime; _module_preset=\u00a0\u00bbdefault\u00a0\u00bb global_colors_info=\u00a0\u00bb{}\u00a0\u00bb][et_pb_text _builder_version=\u00a0\u00bb4.27.3&Prime; text_font=\u00a0\u00bb||||||||\u00a0\u00bb text_text_color=\u00a0\u00bb#001B2C\u00a0\u00bb header_font=\u00a0\u00bb&#8211;et_global_heading_font|900|||||||\u00a0\u00bb header_font_size=\u00a0\u00bb46px\u00a0\u00bb header_line_height=\u00a0\u00bb1.3em\u00a0\u00bb header_2_font=\u00a0\u00bb|800|||||||\u00a0\u00bb header_2_text_color=\u00a0\u00bb#001B2C\u00a0\u00bb header_2_font_size=\u00a0\u00bb37px\u00a0\u00bb hover_enabled=\u00a0\u00bb0&Prime; text_font_size_tablet=\u00a0\u00bb18px\u00a0\u00bb text_font_size_phone=\u00a0\u00bb16px\u00a0\u00bb text_font_size_last_edited=\u00a0\u00bbon|phone\u00a0\u00bb header_font_size_tablet=\u00a0\u00bb38px\u00a0\u00bb header_font_size_phone=\u00a0\u00bb30px\u00a0\u00bb header_font_size_last_edited=\u00a0\u00bbon|tablet\u00a0\u00bb header_2_font_size_tablet=\u00a0\u00bb30px\u00a0\u00bb header_2_font_size_phone=\u00a0\u00bb25px\u00a0\u00bb header_2_font_size_last_edited=\u00a0\u00bbon|tablet\u00a0\u00bb locked=\u00a0\u00bboff\u00a0\u00bb global_colors_info=\u00a0\u00bb{}\u00a0\u00bb sticky_enabled=\u00a0\u00bb0&Prime;]<\/p>\n<h2>Octaan<\/h2>\n<p>L\u2019indice d\u2019octane est une mesure de la r\u00e9sistance au cliquetis d\u2019un carburant, en particulier de l\u2019essence. La r\u00e9sistance au cliquetis est la mesure dans laquelle le carburant d\u2019un m\u00e9lange air-carburant peut \u00eatre comprim\u00e9 (avec l\u2019augmentation de temp\u00e9rature qui en d\u00e9coule) sans s\u2019enflammer. L\u2019octane est un composant de l\u2019essence et on lui attribue le nombre 100. On pense souvent \u00e0 tort que l\u2019indice d\u2019octane indique la quantit\u00e9 d\u2019octane contenue dans l\u2019essence. Plus l\u2019indice d\u2019octane est \u00e9lev\u00e9, plus le carburant est r\u00e9sistant \u00e0 une combustion pr\u00e9matur\u00e9e ind\u00e9sirable.    <\/p>\n<p>Dans le cas de l\u2019essence Euro95, l\u2019indice d\u2019octane est g\u00e9n\u00e9ralement d\u2019environ 95, ce qui signifie qu\u2019elle pr\u00e9sente une bonne r\u00e9sistance au cliquetis pour la plupart des moteurs \u00e0 essence modernes. En revanche, elle est moins adapt\u00e9e aux moteurs anciens. <\/p>\n<h2>Claquement ou cliquetis<\/h2>\n<p>Un claquement ou cliquetis se produit lorsque le m\u00e9lange air-carburant dans la chambre de combustion ne s\u2019enflamme pas uniform\u00e9ment, mais s\u2019enflamme spontan\u00e9ment avant que l\u2019\u00e9tincelle de la bougie d\u2019allumage ne le fasse. De multiples fronts de flamme se d\u00e9placent et s\u2019entrechoquent dans la chambre de combustion, ce qui provoque un bruit de tic-tac ou de cognement. Ce bruit ressemble \u00e0 celui d\u2019un sac de billes qui s\u2019entrechoquent.  <\/p>\n<p>Le cliquetis peut \u00eatre nocif pour le moteur car il provoque une augmentation de la pression et de la temp\u00e9rature, ce qui peut endommager les pistons, les soupapes et d\u2019autres composants du moteur. Il peut \u00e9galement entra\u00eener une perte de puissance et un fonctionnement irr\u00e9gulier du moteur. <\/p>\n<p>Le cliquetis est souvent caus\u00e9 par plusieurs facteurs, notamment une mauvaise composition du carburant, un indice d\u2019octane trop faible, un refroidissement excessif du moteur, une charge excessive du moteur ou un mauvais calage de l\u2019allumage. Pour \u00e9viter le cliquetis, utilisez de l\u2019essence \u00e0 indice d\u2019octane plus \u00e9lev\u00e9. Si vous utilisez de l\u2019essence \u00e0 indice d\u2019octane plus \u00e9lev\u00e9, l\u2019allumage doit \u00eatre r\u00e9gl\u00e9 l\u00e9g\u00e8rement plus t\u00f4t. Les garages avaient l\u2019habitude de r\u00e9gler l\u2019allumage un peu plus t\u00f4t si le client faisait le plein avec de l\u2019essence \u00e0 indice d\u2019octane \u00e9lev\u00e9.   <\/p>\n<h2>Addition de plomb<\/h2>\n<p>Pour augmenter l\u2019indice d\u2019octane, on ajoutait du plomb, plus pr\u00e9cis\u00e9ment du plomb t\u00e9tra-\u00e9thyle. Cet ajout de plomb permettait \u00e9galement de lubrifier les guides de soupapes et de prot\u00e9ger les soupapes d\u2019\u00e9chappement et les si\u00e8ges de soupapes contre les chocs. En effet, le plomb permet \u00e0 la soupape de moins rebondir sur le si\u00e8ge. Comme nous le savons, cet additif au plomb n\u2019est plus autoris\u00e9 dans l\u2019essence normale et des substituts au plomb sont disponibles sur le march\u00e9. Les substituts du plomb ne fonctionnent pas aussi bien que le vrai plomb. Avec TetraBOOST, vous ajoutez du v\u00e9ritable plomb t\u00e9tra-\u00e9thyle au carburant. Vous cr\u00e9ez le carburant avec lequel votre voiture classique fonctionnait lorsqu\u2019elle sortait de l\u2019usine. Le carburant pour lequel votre voiture classique a \u00e9t\u00e9 con\u00e7ue.       <\/p>\n<h2>Vapor lock<\/h2>\n<p>Le vapor lock, \u00e9galement connu sous le nom de blocage par bouchon de vapeur, est un ph\u00e9nom\u00e8ne qui peut se produire dans le syst\u00e8me d\u2019alimentation en carburant des v\u00e9hicules, en particulier dans les moteurs \u00e0 essence. Il se produit lorsque le carburant liquide dans les conduites ou le carburateur se transforme en vapeur de carburant, obstruant ainsi l\u2019alimentation normale du moteur. Cela peut entra\u00eener une perte de puissance, une baisse des performances du moteur, voire un blocage du moteur. En outre, le vapor lock emp\u00eache le d\u00e9marrage d\u2019un moteur chaud. Le probl\u00e8me est exacerb\u00e9 en montagne en raison de la baisse de la pression atmosph\u00e9rique.    <\/p>\n<p>L\u2019\u00e9thanol, un alcool souvent m\u00e9lang\u00e9 \u00e0 l\u2019essence dans des m\u00e9langes de carburants tels que E10 (10 % d\u2019\u00e9thanol, 90 % d\u2019essence) ou E5 (5 % d\u2019\u00e9thanol, 95 % d\u2019essence), peut augmenter la probabilit\u00e9 de vapor lock. La pression de vapeur de l\u2019\u00e9thanol est inf\u00e9rieure \u00e0 celle de l\u2019essence et il s\u2019\u00e9vapore donc plus rapidement \u00e0 basse temp\u00e9rature. Cette \u00e9vaporation peut augmenter la pression dans les conduites de carburant et interrompre l\u2019alimentation en carburant.  <\/p>\n<p>L\u2019utilisation de m\u00e9langes de carburants \u00e0 forte teneur en \u00e9thanol peut augmenter le risque de vapor lock, en particulier \u00e0 des temp\u00e9ratures \u00e9lev\u00e9es. Les v\u00e9hicules plus anciens ou les v\u00e9hicules dot\u00e9s de syst\u00e8mes de gestion du carburant moins sophistiqu\u00e9s sont plus sensibles \u00e0 ce ph\u00e9nom\u00e8ne. <\/p>\n<p>TetraBOOST neutralise l\u2019\u00e9thanol jusqu\u2019\u00e0 15 %, ce qui r\u00e9duit le risque de vapor lock.<\/p>\n<h2>Rapport st\u0153chiom\u00e9trique<\/h2>\n<p>Le rapport st\u0153chiom\u00e9trique d\u00e9signe le rapport chimique id\u00e9al entre les quantit\u00e9s de carburant et d\u2019oxyg\u00e8ne n\u00e9cessaires \u00e0 une combustion compl\u00e8te et optimale. Dans le cas de l\u2019essence, le rapport st\u0153chiom\u00e9trique est l\u2019\u00e9quilibre id\u00e9al o\u00f9 il y a juste assez d\u2019air pour br\u00fbler compl\u00e8tement toutes les mol\u00e9cules de carburant. <\/p>\n<p>Pour l\u2019essence, le rapport st\u0153chiom\u00e9trique est g\u00e9n\u00e9ralement appel\u00e9 rapport de pond\u00e9ration de l\u2019air, qui n\u00e9cessite environ 14,7 grammes d\u2019air pour br\u00fbler compl\u00e8tement 1 gramme de carburant. Cela correspond \u00e0 un rapport d\u2019environ 14,7:1 pour le m\u00e9lange air-masse-carburant. <\/p>\n<p>Lorsque le m\u00e9lange dans la chambre de combustion pr\u00e9sente ce rapport id\u00e9al, la combustion est efficace, la plupart des mol\u00e9cules de carburant \u00e9tant enti\u00e8rement converties en dioxyde de carbone (CO2) et en eau (H2O). Il en r\u00e9sulte une production d\u2019\u00e9nergie optimale et des \u00e9missions minimales. <\/p>\n<p>S\u2019il y a trop d\u2019air par rapport \u00e0 la quantit\u00e9 de carburant, on parle de \u00ab m\u00e9lange pauvre \u00bb. Il peut en r\u00e9sulter une consommation de carburant plus \u00e9lev\u00e9e et une puissance plus faible. <\/p>\n<p>En revanche, s\u2019il y a trop de carburant par rapport \u00e0 la quantit\u00e9 d\u2019air, on parle de \u00ab m\u00e9lange riche \u00bb. Il peut en r\u00e9sulter une combustion incompl\u00e8te, des \u00e9missions polluantes plus importantes et un rendement \u00e9nerg\u00e9tique plus faible. <\/p>\n<p>Le maintien du rapport st\u0153chiom\u00e9trique est essentiel au bon fonctionnement du moteur. Les v\u00e9hicules modernes \u00e9quip\u00e9s de syst\u00e8mes d\u2019injection de carburant utilisent des capteurs pour r\u00e9guler et optimiser en permanence le rapport air-carburant. <\/p>\n<h2>RON<\/h2>\n<p>Le terme RON, souvent affich\u00e9 \u00e0 la pompe dans les stations-service, signifie Research Octane Number (indice d\u2019octane recherche). Il s\u2019agit d\u2019une mesure de la r\u00e9sistance au cliquetis de l\u2019essence \u00e0 des r\u00e9gimes inf\u00e9rieurs, telle qu\u2019elle est utilis\u00e9e dans les tests de laboratoire. Le terme MON correspond \u00e0 l\u2019indice d\u2019octane moteur, qui mesure la r\u00e9sistance au cliquetis de l\u2019essence \u00e0 des r\u00e9gimes plus \u00e9lev\u00e9s, dans des conditions de conduite pratiques.  <\/p>\n<h2>Volatilit\u00e9<\/h2>\n<p>La volatilit\u00e9 est le degr\u00e9 d\u2019\u00e9vaporation de l\u2019essence \u00e0 diff\u00e9rentes temp\u00e9ratures. Les carburants plus volatils s\u2019\u00e9vaporent plus facilement et peuvent offrir de meilleures performances lors des d\u00e9marrages \u00e0 froid. <\/p>\n<h2>Additifs de carburant<\/h2>\n<p>Les additifs pour carburants sont des produits chimiques qui peuvent \u00eatre ajout\u00e9s aux carburants pour en am\u00e9liorer certaines propri\u00e9t\u00e9s, telles que le nettoyage du syst\u00e8me d\u2019alimentation, la stabilisation, la lubrification ou l\u2019am\u00e9lioration de la combustion.<\/p>\n<h2>Aromatiques<\/h2>\n<p>Les aromatiques sont une classe de compos\u00e9s chimiques pr\u00e9sents dans l\u2019essence, tels que le benz\u00e8ne, le tolu\u00e8ne et le xyl\u00e8ne. Ils peuvent affecter les performances du moteur et les \u00e9missions. <\/p>\n<h2>Oxyg\u00e9n\u00e9s<\/h2>\n<p>Les oxyg\u00e9nants sont des compos\u00e9s oxyg\u00e9n\u00e9s ajout\u00e9s \u00e0 l\u2019essence, comme l\u2019\u00e9thanol ou le MTBE (m\u00e9thyl-tertio-butyl-\u00e9ther), pour augmenter la r\u00e9sistance au cliquetis et r\u00e9duire les \u00e9missions polluantes.<\/p>\n<p>[\/et_pb_text][\/et_pb_column][\/et_pb_row][et_pb_row column_structure=\u00a0\u00bb1_3,1_3,1_3&Prime; module_class=\u00a0\u00bbgallerij\u00a0\u00bb _builder_version=\u00a0\u00bb4.27.3&Prime; _module_preset=\u00a0\u00bbdefault\u00a0\u00bb custom_margin=\u00a0\u00bb50px||||false|false\u00a0\u00bb custom_padding=\u00a0\u00bb0px||0px||true|false\u00a0\u00bb global_colors_info=\u00a0\u00bb{}\u00a0\u00bb][et_pb_column type=\u00a0\u00bb1_3&Prime; _builder_version=\u00a0\u00bb4.27.3&Prime; _module_preset=\u00a0\u00bbdefault\u00a0\u00bb global_colors_info=\u00a0\u00bb{}\u00a0\u00bb][et_pb_image src=\u00a0\u00bbhttps:\/\/tetraboost-nieuw.mystagingwebsite.com\/wp-content\/uploads\/2023\/12\/jawa2.jpg\u00a0\u00bb title_text=\u00a0\u00bbjawa2&Prime; align=\u00a0\u00bbcenter\u00a0\u00bb force_fullwidth=\u00a0\u00bbon\u00a0\u00bb _builder_version=\u00a0\u00bb4.27.3&Prime; _module_preset=\u00a0\u00bbdefault\u00a0\u00bb hover_enabled=\u00a0\u00bb0&Prime; border_radii=\u00a0\u00bbon|6px|6px|6px|6px\u00a0\u00bb global_colors_info=\u00a0\u00bb{}\u00a0\u00bb sticky_enabled=\u00a0\u00bb0&Prime;][\/et_pb_image][\/et_pb_column][et_pb_column type=\u00a0\u00bb1_3&Prime; _builder_version=\u00a0\u00bb4.27.3&Prime; _module_preset=\u00a0\u00bbdefault\u00a0\u00bb global_colors_info=\u00a0\u00bb{}\u00a0\u00bb][et_pb_image src=\u00a0\u00bbhttps:\/\/tetraboost-nieuw.mystagingwebsite.com\/wp-content\/uploads\/2023\/12\/MG4.jpg\u00a0\u00bb title_text=\u00a0\u00bbMG4&Prime; align=\u00a0\u00bbcenter\u00a0\u00bb force_fullwidth=\u00a0\u00bbon\u00a0\u00bb _builder_version=\u00a0\u00bb4.27.3&Prime; _module_preset=\u00a0\u00bbdefault\u00a0\u00bb hover_enabled=\u00a0\u00bb0&Prime; border_radii=\u00a0\u00bbon|6px|6px|6px|6px\u00a0\u00bb global_colors_info=\u00a0\u00bb{}\u00a0\u00bb sticky_enabled=\u00a0\u00bb0&Prime;][\/et_pb_image][\/et_pb_column][et_pb_column type=\u00a0\u00bb1_3&Prime; _builder_version=\u00a0\u00bb4.27.3&Prime; _module_preset=\u00a0\u00bbdefault\u00a0\u00bb global_colors_info=\u00a0\u00bb{}\u00a0\u00bb][et_pb_image src=\u00a0\u00bbhttps:\/\/tetraboost-nieuw.mystagingwebsite.com\/wp-content\/uploads\/2023\/12\/Vintage-paddock-club2.jpg\u00a0\u00bb title_text=\u00a0\u00bbVintage paddock club2&Prime; align=\u00a0\u00bbcenter\u00a0\u00bb force_fullwidth=\u00a0\u00bbon\u00a0\u00bb _builder_version=\u00a0\u00bb4.27.3&Prime; _module_preset=\u00a0\u00bbdefault\u00a0\u00bb hover_enabled=\u00a0\u00bb0&Prime; border_radii=\u00a0\u00bbon|6px|6px|6px|6px\u00a0\u00bb global_colors_info=\u00a0\u00bb{}\u00a0\u00bb sticky_enabled=\u00a0\u00bb0&Prime;][\/et_pb_image][\/et_pb_column][\/et_pb_row][\/et_pb_section]<\/p>\n","protected":false},"excerpt":{"rendered":"<p>Octaan L\u2019indice d\u2019octane est une mesure de la r\u00e9sistance au cliquetis d\u2019un carburant, en particulier de l\u2019essence. La r\u00e9sistance au cliquetis est la mesure dans laquelle le carburant d\u2019un m\u00e9lange air-carburant peut \u00eatre comprim\u00e9 (avec l\u2019augmentation de temp\u00e9rature qui en d\u00e9coule) sans s\u2019enflammer. L\u2019octane est un composant de l\u2019essence et on lui attribue le nombre [&hellip;]<\/p>\n","protected":false},"author":6,"featured_media":0,"parent":18081,"menu_order":0,"comment_status":"closed","ping_status":"closed","template":"","meta":{"_et_pb_use_builder":"on","_et_pb_old_content":"","_et_gb_content_width":"","footnotes":""},"class_list":["post-18099","page","type-page","status-publish","hentry"],"yoast_head":"<!-- This site is optimized with the Yoast SEO plugin v27.5 - https:\/\/yoast.com\/product\/yoast-seo-wordpress\/ -->\n<title>TetraBOOST<\/title>\n<meta name=\"robots\" content=\"index, follow, max-snippet:-1, max-image-preview:large, max-video-preview:-1\" \/>\n<link rel=\"canonical\" href=\"https:\/\/tetraboost.nl\/fr\/le-produit\/carburant\/\" \/>\n<meta property=\"og:locale\" content=\"fr_FR\" \/>\n<meta property=\"og:type\" content=\"article\" \/>\n<meta property=\"og:title\" content=\"TetraBOOST\" \/>\n<meta property=\"og:description\" content=\"Octaan L\u2019indice d\u2019octane est une mesure de la r\u00e9sistance au cliquetis d\u2019un carburant, en particulier de l\u2019essence. La r\u00e9sistance au cliquetis est la mesure dans laquelle le carburant d\u2019un m\u00e9lange air-carburant peut \u00eatre comprim\u00e9 (avec l\u2019augmentation de temp\u00e9rature qui en d\u00e9coule) sans s\u2019enflammer. L\u2019octane est un composant de l\u2019essence et on lui attribue le nombre [&hellip;]\" \/>\n<meta property=\"og:url\" content=\"https:\/\/tetraboost.nl\/fr\/le-produit\/carburant\/\" \/>\n<meta property=\"og:site_name\" content=\"TetraBOOST\" \/>\n<meta property=\"article:modified_time\" content=\"2024-12-09T09:31:50+00:00\" \/>\n<meta name=\"twitter:card\" content=\"summary_large_image\" \/>\n<meta name=\"twitter:label1\" content=\"Dur\u00e9e de lecture estim\u00e9e\" \/>\n\t<meta name=\"twitter:data1\" content=\"10 minutes\" \/>\n<script type=\"application\/ld+json\" class=\"yoast-schema-graph\">{\"@context\":\"https:\\\/\\\/schema.org\",\"@graph\":[{\"@type\":\"WebPage\",\"@id\":\"https:\\\/\\\/tetraboost.nl\\\/fr\\\/le-produit\\\/carburant\\\/\",\"url\":\"https:\\\/\\\/tetraboost.nl\\\/fr\\\/le-produit\\\/carburant\\\/\",\"name\":\"TetraBOOST\",\"isPartOf\":{\"@id\":\"https:\\\/\\\/tetraboost.nl\\\/fr\\\/#website\"},\"datePublished\":\"2024-12-05T10:47:51+00:00\",\"dateModified\":\"2024-12-09T09:31:50+00:00\",\"breadcrumb\":{\"@id\":\"https:\\\/\\\/tetraboost.nl\\\/fr\\\/le-produit\\\/carburant\\\/#breadcrumb\"},\"inLanguage\":\"fr-FR\",\"potentialAction\":[{\"@type\":\"ReadAction\",\"target\":[\"https:\\\/\\\/tetraboost.nl\\\/fr\\\/le-produit\\\/carburant\\\/\"]}]},{\"@type\":\"BreadcrumbList\",\"@id\":\"https:\\\/\\\/tetraboost.nl\\\/fr\\\/le-produit\\\/carburant\\\/#breadcrumb\",\"itemListElement\":[{\"@type\":\"ListItem\",\"position\":1,\"name\":\"Home\",\"item\":\"https:\\\/\\\/tetraboost.nl\\\/fr\\\/\"},{\"@type\":\"ListItem\",\"position\":2,\"name\":\"Le produit\",\"item\":\"https:\\\/\\\/tetraboost.nl\\\/fr\\\/onze-producten\\\/\"},{\"@type\":\"ListItem\",\"position\":3,\"name\":\"Carburant\"}]},{\"@type\":\"WebSite\",\"@id\":\"https:\\\/\\\/tetraboost.nl\\\/fr\\\/#website\",\"url\":\"https:\\\/\\\/tetraboost.nl\\\/fr\\\/\",\"name\":\"TetraBOOST\",\"description\":\"\",\"potentialAction\":[{\"@type\":\"SearchAction\",\"target\":{\"@type\":\"EntryPoint\",\"urlTemplate\":\"https:\\\/\\\/tetraboost.nl\\\/fr\\\/?s={search_term_string}\"},\"query-input\":{\"@type\":\"PropertyValueSpecification\",\"valueRequired\":true,\"valueName\":\"search_term_string\"}}],\"inLanguage\":\"fr-FR\"}]}<\/script>\n<!-- \/ Yoast SEO plugin. -->","yoast_head_json":{"title":"TetraBOOST","robots":{"index":"index","follow":"follow","max-snippet":"max-snippet:-1","max-image-preview":"max-image-preview:large","max-video-preview":"max-video-preview:-1"},"canonical":"https:\/\/tetraboost.nl\/fr\/le-produit\/carburant\/","og_locale":"fr_FR","og_type":"article","og_title":"TetraBOOST","og_description":"Octaan L\u2019indice d\u2019octane est une mesure de la r\u00e9sistance au cliquetis d\u2019un carburant, en particulier de l\u2019essence. La r\u00e9sistance au cliquetis est la mesure dans laquelle le carburant d\u2019un m\u00e9lange air-carburant peut \u00eatre comprim\u00e9 (avec l\u2019augmentation de temp\u00e9rature qui en d\u00e9coule) sans s\u2019enflammer. L\u2019octane est un composant de l\u2019essence et on lui attribue le nombre [&hellip;]","og_url":"https:\/\/tetraboost.nl\/fr\/le-produit\/carburant\/","og_site_name":"TetraBOOST","article_modified_time":"2024-12-09T09:31:50+00:00","twitter_card":"summary_large_image","twitter_misc":{"Dur\u00e9e de lecture estim\u00e9e":"10 minutes"},"schema":{"@context":"https:\/\/schema.org","@graph":[{"@type":"WebPage","@id":"https:\/\/tetraboost.nl\/fr\/le-produit\/carburant\/","url":"https:\/\/tetraboost.nl\/fr\/le-produit\/carburant\/","name":"TetraBOOST","isPartOf":{"@id":"https:\/\/tetraboost.nl\/fr\/#website"},"datePublished":"2024-12-05T10:47:51+00:00","dateModified":"2024-12-09T09:31:50+00:00","breadcrumb":{"@id":"https:\/\/tetraboost.nl\/fr\/le-produit\/carburant\/#breadcrumb"},"inLanguage":"fr-FR","potentialAction":[{"@type":"ReadAction","target":["https:\/\/tetraboost.nl\/fr\/le-produit\/carburant\/"]}]},{"@type":"BreadcrumbList","@id":"https:\/\/tetraboost.nl\/fr\/le-produit\/carburant\/#breadcrumb","itemListElement":[{"@type":"ListItem","position":1,"name":"Home","item":"https:\/\/tetraboost.nl\/fr\/"},{"@type":"ListItem","position":2,"name":"Le produit","item":"https:\/\/tetraboost.nl\/fr\/onze-producten\/"},{"@type":"ListItem","position":3,"name":"Carburant"}]},{"@type":"WebSite","@id":"https:\/\/tetraboost.nl\/fr\/#website","url":"https:\/\/tetraboost.nl\/fr\/","name":"TetraBOOST","description":"","potentialAction":[{"@type":"SearchAction","target":{"@type":"EntryPoint","urlTemplate":"https:\/\/tetraboost.nl\/fr\/?s={search_term_string}"},"query-input":{"@type":"PropertyValueSpecification","valueRequired":true,"valueName":"search_term_string"}}],"inLanguage":"fr-FR"}]}},"jetpack_sharing_enabled":true,"_links":{"self":[{"href":"https:\/\/tetraboost.nl\/fr\/wp-json\/wp\/v2\/pages\/18099","targetHints":{"allow":["GET"]}}],"collection":[{"href":"https:\/\/tetraboost.nl\/fr\/wp-json\/wp\/v2\/pages"}],"about":[{"href":"https:\/\/tetraboost.nl\/fr\/wp-json\/wp\/v2\/types\/page"}],"author":[{"embeddable":true,"href":"https:\/\/tetraboost.nl\/fr\/wp-json\/wp\/v2\/users\/6"}],"replies":[{"embeddable":true,"href":"https:\/\/tetraboost.nl\/fr\/wp-json\/wp\/v2\/comments?post=18099"}],"version-history":[{"count":2,"href":"https:\/\/tetraboost.nl\/fr\/wp-json\/wp\/v2\/pages\/18099\/revisions"}],"predecessor-version":[{"id":18101,"href":"https:\/\/tetraboost.nl\/fr\/wp-json\/wp\/v2\/pages\/18099\/revisions\/18101"}],"up":[{"embeddable":true,"href":"https:\/\/tetraboost.nl\/fr\/wp-json\/wp\/v2\/pages\/18081"}],"wp:attachment":[{"href":"https:\/\/tetraboost.nl\/fr\/wp-json\/wp\/v2\/media?parent=18099"}],"curies":[{"name":"wp","href":"https:\/\/api.w.org\/{rel}","templated":true}]}}