{"id":18081,"date":"2024-12-05T10:42:04","date_gmt":"2024-12-05T10:42:04","guid":{"rendered":"https:\/\/tetraboost-nieuw.mystagingwebsite.com\/le-produit\/"},"modified":"2025-01-28T14:12:28","modified_gmt":"2025-01-28T14:12:28","slug":"le-produit","status":"publish","type":"page","link":"https:\/\/tetraboost.nl\/fr\/le-produit\/","title":{"rendered":"Le produit"},"content":{"rendered":"<p>[et_pb_section fb_built=\u00a0\u00bb1&Prime; _builder_version=\u00a0\u00bb4.27.3&Prime; _module_preset=\u00a0\u00bbdefault\u00a0\u00bb use_background_color_gradient=\u00a0\u00bbon\u00a0\u00bb background_color_gradient_stops=\u00a0\u00bbrgba(43,135,218,0) 0%|#002f4d 100%\u00a0\u00bb background_color_gradient_overlays_image=\u00a0\u00bbon\u00a0\u00bb background_image=\u00a0\u00bbhttps:\/\/tetraboost-nieuw.mystagingwebsite.com\/wp-content\/uploads\/2024\/12\/picture-2600.jpeg\u00a0\u00bb min_height_tablet=\u00a0\u00bbauto\u00a0\u00bb min_height_phone=\u00a0\u00bbauto\u00a0\u00bb min_height_last_edited=\u00a0\u00bboff|desktop\u00a0\u00bb global_colors_info=\u00a0\u00bb{}\u00a0\u00bb][et_pb_row _builder_version=\u00a0\u00bb4.27.3&Prime; _module_preset=\u00a0\u00bbdefault\u00a0\u00bb positioning=\u00a0\u00bbnone\u00a0\u00bb position_origin_a=\u00a0\u00bbbottom_center\u00a0\u00bb vertical_offset=\u00a0\u00bb15vh\u00a0\u00bb position_origin_a_tablet=\u00a0\u00bbbottom_center\u00a0\u00bb position_origin_a_phone=\u00a0\u00bbbottom_center\u00a0\u00bb position_origin_a_last_edited=\u00a0\u00bboff|desktop\u00a0\u00bb position_origin_f_last_edited=\u00a0\u00bboff|desktop\u00a0\u00bb position_origin_r_last_edited=\u00a0\u00bboff|desktop\u00a0\u00bb custom_margin=\u00a0\u00bb0px||0px||true|false\u00a0\u00bb custom_padding=\u00a0\u00bb0px||0px||true|false\u00a0\u00bb positioning_tablet=\u00a0\u00bbnone\u00a0\u00bb positioning_phone=\u00a0\u00bbnone\u00a0\u00bb positioning_last_edited=\u00a0\u00bboff|desktop\u00a0\u00bb global_colors_info=\u00a0\u00bb{}\u00a0\u00bb][et_pb_column type=\u00a0\u00bb4_4&Prime; _builder_version=\u00a0\u00bb4.20.4&Prime; _module_preset=\u00a0\u00bbdefault\u00a0\u00bb global_colors_info=\u00a0\u00bb{}\u00a0\u00bb][et_pb_text _builder_version=\u00a0\u00bb4.27.3&Prime; _dynamic_attributes=\u00a0\u00bbcontent\u00a0\u00bb text_font=\u00a0\u00bb|600|||||||\u00a0\u00bb text_text_color=\u00a0\u00bb#FFFFFF\u00a0\u00bb text_font_size=\u00a0\u00bb18px\u00a0\u00bb header_font=\u00a0\u00bb&#8211;et_global_heading_font|900|||||||\u00a0\u00bb header_text_align=\u00a0\u00bbcenter\u00a0\u00bb header_text_color=\u00a0\u00bb#FFFFFF\u00a0\u00bb header_font_size=\u00a0\u00bb46px\u00a0\u00bb header_line_height=\u00a0\u00bb1.3em\u00a0\u00bb header_2_text_color=\u00a0\u00bb#FFFFFF\u00a0\u00bb text_font_size_tablet=\u00a0\u00bb18px\u00a0\u00bb text_font_size_phone=\u00a0\u00bb16px\u00a0\u00bb text_font_size_last_edited=\u00a0\u00bbon|phone\u00a0\u00bb header_font_size_tablet=\u00a0\u00bb38px\u00a0\u00bb header_font_size_phone=\u00a0\u00bb30px\u00a0\u00bb header_font_size_last_edited=\u00a0\u00bbon|tablet\u00a0\u00bb locked=\u00a0\u00bboff\u00a0\u00bb global_colors_info=\u00a0\u00bb{}\u00a0\u00bb]@ET-DC@eyJkeW5hbWljIjp0cnVlLCJjb250ZW50IjoicG9zdF90aXRsZSIsInNldHRpbmdzIjp7ImJlZm9yZSI6IjxoMT4iLCJhZnRlciI6IjxcL2gxPiJ9fQ==@[\/et_pb_text][\/et_pb_column][\/et_pb_row][\/et_pb_section][et_pb_section fb_built=\u00a0\u00bb1&Prime; _builder_version=\u00a0\u00bb4.27.3&Prime; background_color=\u00a0\u00bb#EFEFEF\u00a0\u00bb custom_margin=\u00a0\u00bb||||false|false\u00a0\u00bb custom_padding=\u00a0\u00bb50px||50px||true|false\u00a0\u00bb global_colors_info=\u00a0\u00bb{}\u00a0\u00bb][et_pb_row _builder_version=\u00a0\u00bb4.27.3&Prime; _module_preset=\u00a0\u00bbdefault\u00a0\u00bb custom_margin=\u00a0\u00bb0px||0px||true|false\u00a0\u00bb custom_padding=\u00a0\u00bb0px||0px||true|false\u00a0\u00bb global_colors_info=\u00a0\u00bb{}\u00a0\u00bb][et_pb_column type=\u00a0\u00bb4_4&Prime; _builder_version=\u00a0\u00bb4.27.3&Prime; _module_preset=\u00a0\u00bbdefault\u00a0\u00bb global_colors_info=\u00a0\u00bb{}\u00a0\u00bb][et_pb_text _builder_version=\u00a0\u00bb4.27.4&Prime; text_font=\u00a0\u00bb||||||||\u00a0\u00bb text_text_color=\u00a0\u00bb#001B2C\u00a0\u00bb header_font=\u00a0\u00bb&#8211;et_global_heading_font|900|||||||\u00a0\u00bb header_font_size=\u00a0\u00bb46px\u00a0\u00bb header_line_height=\u00a0\u00bb1.3em\u00a0\u00bb header_2_font=\u00a0\u00bb|800|||||||\u00a0\u00bb header_2_text_color=\u00a0\u00bb#001B2C\u00a0\u00bb header_2_font_size=\u00a0\u00bb37px\u00a0\u00bb hover_enabled=\u00a0\u00bb0&Prime; text_font_size_tablet=\u00a0\u00bb18px\u00a0\u00bb text_font_size_phone=\u00a0\u00bb16px\u00a0\u00bb text_font_size_last_edited=\u00a0\u00bbon|phone\u00a0\u00bb header_font_size_tablet=\u00a0\u00bb38px\u00a0\u00bb header_font_size_phone=\u00a0\u00bb30px\u00a0\u00bb header_font_size_last_edited=\u00a0\u00bbon|tablet\u00a0\u00bb header_2_font_size_tablet=\u00a0\u00bb30px\u00a0\u00bb header_2_font_size_phone=\u00a0\u00bb25px\u00a0\u00bb header_2_font_size_last_edited=\u00a0\u00bbon|tablet\u00a0\u00bb locked=\u00a0\u00bboff\u00a0\u00bb global_colors_info=\u00a0\u00bb{}\u00a0\u00bb sticky_enabled=\u00a0\u00bb0&Prime;]<\/p>\n<p><strong>TetraBOOST prot\u00e8ge votre voiture classique de la corrosion par l\u2019\u00e9thanol des essences E5 et E10, et m\u00eame jusqu\u2019\u00e0 15% d\u2019\u00e9thanol (E15). C\u2019est le seul additif qui rend vraiment le carburant plomb\u00e9. TetraBOOST n\u2019est pas un substitut du plomb, mais ajoute r\u00e9ellement du plomb t\u00e9tra-\u00e9thyle (TEL) \u00e0 l\u2019essence. Le plomb t\u00e9tra-\u00e9thyle prot\u00e8ge mieux et fournit de meilleures performances que les substituts du plomb bas\u00e9s sur le phosphore, le mangan\u00e8se, le sodium et le potassium.   <\/strong><\/p>\n<h2>Composants<\/h2>\n<p>TetraBOOST est une solution de plomb t\u00e9tra\u00e9thyle dans des hydrocarbures aromatiques qui, avec les \u00ab \u00e9purateurs \u00bb chimiques n\u00e9cessaires, constitue une v\u00e9ritable essence \u00e0 base de plomb. D\u00e9velopp\u00e9 sp\u00e9cifiquement pour les moteurs plus anciens, TetraBOOST vous permet de conduire ou de participer \u00e0 des courses sans craindre les dommages caus\u00e9s par une protection insuffisante des si\u00e8ges de soupapes, les dommages caus\u00e9s par le pr\u00e9allumage ou les dommages caus\u00e9s par un carburant \u00e0 faible indice d\u2019octane. TetraBOOST ralentit \u00e9galement la vitesse de combustion des carburants modernes \u00e0 un niveau plus adapt\u00e9 aux moteurs plus anciens, ce qui rend le d\u00e9marrage plus facile et le fonctionnement plus doux et plus froid. lopen.  <\/p>\n<h2>Utilisation<\/h2>\n<p>TetraBOOST est enti\u00e8rement test\u00e9 et autoris\u00e9, mais il s\u2019agit d\u2019une substance dangereuse et inflammable. Il est donc important de l\u2019utiliser conform\u00e9ment aux instructions. TetraBOOST ne convient qu\u2019aux voitures sans catalyseur. Il suffit d\u2019ajouter une dose mesur\u00e9e de TetraBOOST dans le r\u00e9servoir avant de le remplir avec du supercarburant ou du super sans plomb \u00e0 la concentration correcte. Vous trouverez ici de plus amples informations sur le dosage et les rapports de m\u00e9lange.   <\/p>\n<h2>Stockage<\/h2>\n<p>Si une voiture reste \u00e0 l\u2019arr\u00eat pendant une p\u00e9riode prolong\u00e9e, l\u2019essence Euro95 ou Euro98 contenue dans le r\u00e9servoir peut subir des modifications :<\/p>\n<ol>\n<li><strong>Oxydation<\/strong>: Les Euro95 et 98 contiennent des composants sensibles \u00e0 l\u2019oxydation. Une exposition prolong\u00e9e \u00e0 l\u2019oxyg\u00e8ne peut conduire \u00e0 l\u2019oxydation du carburant, ce qui peut entra\u00eener la formation de d\u00e9p\u00f4ts de gomme et de vernis. Ces d\u00e9p\u00f4ts peuvent obstruer les conduites de carburant, la pompe \u00e0 carburant et les injecteurs, entra\u00eenant des probl\u00e8mes de moteur.  <\/li>\n<li><strong>\u00c9vaporation<\/strong>: Euro95 et 98 contiennent des composants volatils qui peuvent s\u2019\u00e9vaporer. Il peut en r\u00e9sulter une diminution de la nature volatile du carburant, ce qui peut affecter les performances de d\u00e9marrage du moteur. <\/li>\n<li><strong>S\u00e9paration de l\u2019eau<\/strong>: les carburants modernes tels que Euro95 et 98 contiennent une quantit\u00e9 limit\u00e9e d\u2019eau. Si la voiture reste longtemps \u00e0 l\u2019arr\u00eat, de la condensation peut se produire dans le r\u00e9servoir de carburant. L\u2019eau peut s\u2019accumuler au fond du r\u00e9servoir parce qu\u2019elle est plus lourde que l\u2019essence. L\u2019eau peut alors p\u00e9n\u00e9trer dans les conduites de carburant et dans le moteur, ce qui peut entra\u00eener des probl\u00e8mes.   <\/li>\n<\/ol>\n<p>TetraBOOST prot\u00e8ge contre la corrosion interne et l\u2019acidification dues \u00e0 l\u2019absorption d\u2019eau par l\u2019\u00e9thanol. Il ne provoque pas de rouille au bore et ne perd pas ses performances en cas d\u2019immobilisation prolong\u00e9e. L\u2019essence actuelle s\u2019alt\u00e8re au bout de 60 jours seulement. L\u2019ajout de TetraBOOST peut prolonger la dur\u00e9e de vie du carburant jusqu\u2019\u00e0 2 ans.   <\/p>\n<p>En plus de l&rsquo;E-guard 15, pour une protection \u00e9tendue, nous proposons TetraBOOST Fuel Life Extender, TetraBOOST Bug Kill et TetraBOOST E-guard Road. Des produits visant chacun une forme de protection sp\u00e9cifique. <\/p>\n<p>[\/et_pb_text][\/et_pb_column][\/et_pb_row][et_pb_row column_structure=\u00a0\u00bb1_3,1_3,1_3&Prime; module_class=\u00a0\u00bbgallerij\u00a0\u00bb _builder_version=\u00a0\u00bb4.27.3&Prime; _module_preset=\u00a0\u00bbdefault\u00a0\u00bb custom_margin=\u00a0\u00bb50px||||false|false\u00a0\u00bb custom_padding=\u00a0\u00bb0px||0px||true|false\u00a0\u00bb global_colors_info=\u00a0\u00bb{}\u00a0\u00bb][et_pb_column type=\u00a0\u00bb1_3&Prime; _builder_version=\u00a0\u00bb4.27.3&Prime; _module_preset=\u00a0\u00bbdefault\u00a0\u00bb global_colors_info=\u00a0\u00bb{}\u00a0\u00bb][et_pb_image src=\u00a0\u00bbhttps:\/\/tetraboost-nieuw.mystagingwebsite.com\/wp-content\/uploads\/2023\/12\/356beach.jpg\u00a0\u00bb title_text=\u00a0\u00bb356beach\u00a0\u00bb align=\u00a0\u00bbcenter\u00a0\u00bb force_fullwidth=\u00a0\u00bbon\u00a0\u00bb _builder_version=\u00a0\u00bb4.27.3&Prime; _module_preset=\u00a0\u00bbdefault\u00a0\u00bb border_radii=\u00a0\u00bbon|6px|6px|6px|6px\u00a0\u00bb global_colors_info=\u00a0\u00bb{}\u00a0\u00bb][\/et_pb_image][\/et_pb_column][et_pb_column type=\u00a0\u00bb1_3&Prime; _builder_version=\u00a0\u00bb4.27.3&Prime; _module_preset=\u00a0\u00bbdefault\u00a0\u00bb global_colors_info=\u00a0\u00bb{}\u00a0\u00bb][et_pb_image src=\u00a0\u00bbhttps:\/\/tetraboost-nieuw.mystagingwebsite.com\/wp-content\/uploads\/2023\/12\/TA1.jpg\u00a0\u00bb title_text=\u00a0\u00bbTA1&Prime; align=\u00a0\u00bbcenter\u00a0\u00bb force_fullwidth=\u00a0\u00bbon\u00a0\u00bb _builder_version=\u00a0\u00bb4.27.3&Prime; _module_preset=\u00a0\u00bbdefault\u00a0\u00bb border_radii=\u00a0\u00bbon|6px|6px|6px|6px\u00a0\u00bb global_colors_info=\u00a0\u00bb{}\u00a0\u00bb][\/et_pb_image][\/et_pb_column][et_pb_column type=\u00a0\u00bb1_3&Prime; _builder_version=\u00a0\u00bb4.27.3&Prime; _module_preset=\u00a0\u00bbdefault\u00a0\u00bb global_colors_info=\u00a0\u00bb{}\u00a0\u00bb][et_pb_image src=\u00a0\u00bbhttps:\/\/tetraboost-nieuw.mystagingwebsite.com\/wp-content\/uploads\/2023\/12\/mgtb4.jpg\u00a0\u00bb title_text=\u00a0\u00bbmgtb4&Prime; align=\u00a0\u00bbcenter\u00a0\u00bb force_fullwidth=\u00a0\u00bbon\u00a0\u00bb _builder_version=\u00a0\u00bb4.27.3&Prime; _module_preset=\u00a0\u00bbdefault\u00a0\u00bb border_radii=\u00a0\u00bbon|6px|6px|6px|6px\u00a0\u00bb global_colors_info=\u00a0\u00bb{}\u00a0\u00bb][\/et_pb_image][\/et_pb_column][\/et_pb_row][\/et_pb_section]<\/p>\n","protected":false},"excerpt":{"rendered":"<p>TetraBOOST prot\u00e8ge votre voiture classique de la corrosion par l\u2019\u00e9thanol des essences E5 et E10, et m\u00eame jusqu\u2019\u00e0 15% d\u2019\u00e9thanol (E15). C\u2019est le seul additif qui rend vraiment le carburant plomb\u00e9. TetraBOOST n\u2019est pas un substitut du plomb, mais ajoute r\u00e9ellement du plomb t\u00e9tra-\u00e9thyle (TEL) \u00e0 l\u2019essence. Le plomb t\u00e9tra-\u00e9thyle prot\u00e8ge mieux et fournit de [&hellip;]<\/p>\n","protected":false},"author":6,"featured_media":0,"parent":0,"menu_order":0,"comment_status":"closed","ping_status":"closed","template":"","meta":{"_et_pb_use_builder":"on","_et_pb_old_content":"","_et_gb_content_width":"","footnotes":""},"class_list":["post-18081","page","type-page","status-publish","hentry"],"yoast_head":"<!-- This site is optimized with the Yoast SEO plugin v27.4 - https:\/\/yoast.com\/product\/yoast-seo-wordpress\/ -->\n<title>TetraBOOST<\/title>\n<meta name=\"robots\" content=\"index, follow, max-snippet:-1, max-image-preview:large, max-video-preview:-1\" \/>\n<link rel=\"canonical\" href=\"https:\/\/tetraboost.nl\/fr\/le-produit\/\" \/>\n<meta property=\"og:locale\" content=\"fr_FR\" \/>\n<meta property=\"og:type\" content=\"article\" \/>\n<meta property=\"og:title\" content=\"TetraBOOST\" \/>\n<meta property=\"og:description\" content=\"TetraBOOST prot\u00e8ge votre voiture classique de la corrosion par l\u2019\u00e9thanol des essences E5 et E10, et m\u00eame jusqu\u2019\u00e0 15% d\u2019\u00e9thanol (E15). C\u2019est le seul additif qui rend vraiment le carburant plomb\u00e9. TetraBOOST n\u2019est pas un substitut du plomb, mais ajoute r\u00e9ellement du plomb t\u00e9tra-\u00e9thyle (TEL) \u00e0 l\u2019essence. Le plomb t\u00e9tra-\u00e9thyle prot\u00e8ge mieux et fournit de [&hellip;]\" \/>\n<meta property=\"og:url\" content=\"https:\/\/tetraboost.nl\/fr\/le-produit\/\" \/>\n<meta property=\"og:site_name\" content=\"TetraBOOST\" \/>\n<meta property=\"article:modified_time\" content=\"2025-01-28T14:12:28+00:00\" \/>\n<meta name=\"twitter:card\" content=\"summary_large_image\" \/>\n<meta name=\"twitter:label1\" content=\"Dur\u00e9e de lecture estim\u00e9e\" \/>\n\t<meta name=\"twitter:data1\" content=\"6 minutes\" \/>\n<script type=\"application\/ld+json\" class=\"yoast-schema-graph\">{\"@context\":\"https:\\\/\\\/schema.org\",\"@graph\":[{\"@type\":\"WebPage\",\"@id\":\"https:\\\/\\\/tetraboost.nl\\\/fr\\\/le-produit\\\/\",\"url\":\"https:\\\/\\\/tetraboost.nl\\\/fr\\\/le-produit\\\/\",\"name\":\"TetraBOOST\",\"isPartOf\":{\"@id\":\"https:\\\/\\\/tetraboost.nl\\\/fr\\\/#website\"},\"datePublished\":\"2024-12-05T10:42:04+00:00\",\"dateModified\":\"2025-01-28T14:12:28+00:00\",\"breadcrumb\":{\"@id\":\"https:\\\/\\\/tetraboost.nl\\\/fr\\\/le-produit\\\/#breadcrumb\"},\"inLanguage\":\"fr-FR\",\"potentialAction\":[{\"@type\":\"ReadAction\",\"target\":[\"https:\\\/\\\/tetraboost.nl\\\/fr\\\/le-produit\\\/\"]}]},{\"@type\":\"BreadcrumbList\",\"@id\":\"https:\\\/\\\/tetraboost.nl\\\/fr\\\/le-produit\\\/#breadcrumb\",\"itemListElement\":[{\"@type\":\"ListItem\",\"position\":1,\"name\":\"Home\",\"item\":\"https:\\\/\\\/tetraboost.nl\\\/fr\\\/\"},{\"@type\":\"ListItem\",\"position\":2,\"name\":\"Le produit\"}]},{\"@type\":\"WebSite\",\"@id\":\"https:\\\/\\\/tetraboost.nl\\\/fr\\\/#website\",\"url\":\"https:\\\/\\\/tetraboost.nl\\\/fr\\\/\",\"name\":\"TetraBOOST\",\"description\":\"\",\"potentialAction\":[{\"@type\":\"SearchAction\",\"target\":{\"@type\":\"EntryPoint\",\"urlTemplate\":\"https:\\\/\\\/tetraboost.nl\\\/fr\\\/?s={search_term_string}\"},\"query-input\":{\"@type\":\"PropertyValueSpecification\",\"valueRequired\":true,\"valueName\":\"search_term_string\"}}],\"inLanguage\":\"fr-FR\"}]}<\/script>\n<!-- \/ Yoast SEO plugin. -->","yoast_head_json":{"title":"TetraBOOST","robots":{"index":"index","follow":"follow","max-snippet":"max-snippet:-1","max-image-preview":"max-image-preview:large","max-video-preview":"max-video-preview:-1"},"canonical":"https:\/\/tetraboost.nl\/fr\/le-produit\/","og_locale":"fr_FR","og_type":"article","og_title":"TetraBOOST","og_description":"TetraBOOST prot\u00e8ge votre voiture classique de la corrosion par l\u2019\u00e9thanol des essences E5 et E10, et m\u00eame jusqu\u2019\u00e0 15% d\u2019\u00e9thanol (E15). C\u2019est le seul additif qui rend vraiment le carburant plomb\u00e9. TetraBOOST n\u2019est pas un substitut du plomb, mais ajoute r\u00e9ellement du plomb t\u00e9tra-\u00e9thyle (TEL) \u00e0 l\u2019essence. Le plomb t\u00e9tra-\u00e9thyle prot\u00e8ge mieux et fournit de [&hellip;]","og_url":"https:\/\/tetraboost.nl\/fr\/le-produit\/","og_site_name":"TetraBOOST","article_modified_time":"2025-01-28T14:12:28+00:00","twitter_card":"summary_large_image","twitter_misc":{"Dur\u00e9e de lecture estim\u00e9e":"6 minutes"},"schema":{"@context":"https:\/\/schema.org","@graph":[{"@type":"WebPage","@id":"https:\/\/tetraboost.nl\/fr\/le-produit\/","url":"https:\/\/tetraboost.nl\/fr\/le-produit\/","name":"TetraBOOST","isPartOf":{"@id":"https:\/\/tetraboost.nl\/fr\/#website"},"datePublished":"2024-12-05T10:42:04+00:00","dateModified":"2025-01-28T14:12:28+00:00","breadcrumb":{"@id":"https:\/\/tetraboost.nl\/fr\/le-produit\/#breadcrumb"},"inLanguage":"fr-FR","potentialAction":[{"@type":"ReadAction","target":["https:\/\/tetraboost.nl\/fr\/le-produit\/"]}]},{"@type":"BreadcrumbList","@id":"https:\/\/tetraboost.nl\/fr\/le-produit\/#breadcrumb","itemListElement":[{"@type":"ListItem","position":1,"name":"Home","item":"https:\/\/tetraboost.nl\/fr\/"},{"@type":"ListItem","position":2,"name":"Le produit"}]},{"@type":"WebSite","@id":"https:\/\/tetraboost.nl\/fr\/#website","url":"https:\/\/tetraboost.nl\/fr\/","name":"TetraBOOST","description":"","potentialAction":[{"@type":"SearchAction","target":{"@type":"EntryPoint","urlTemplate":"https:\/\/tetraboost.nl\/fr\/?s={search_term_string}"},"query-input":{"@type":"PropertyValueSpecification","valueRequired":true,"valueName":"search_term_string"}}],"inLanguage":"fr-FR"}]}},"jetpack_sharing_enabled":true,"_links":{"self":[{"href":"https:\/\/tetraboost.nl\/fr\/wp-json\/wp\/v2\/pages\/18081","targetHints":{"allow":["GET"]}}],"collection":[{"href":"https:\/\/tetraboost.nl\/fr\/wp-json\/wp\/v2\/pages"}],"about":[{"href":"https:\/\/tetraboost.nl\/fr\/wp-json\/wp\/v2\/types\/page"}],"author":[{"embeddable":true,"href":"https:\/\/tetraboost.nl\/fr\/wp-json\/wp\/v2\/users\/6"}],"replies":[{"embeddable":true,"href":"https:\/\/tetraboost.nl\/fr\/wp-json\/wp\/v2\/comments?post=18081"}],"version-history":[{"count":13,"href":"https:\/\/tetraboost.nl\/fr\/wp-json\/wp\/v2\/pages\/18081\/revisions"}],"predecessor-version":[{"id":18973,"href":"https:\/\/tetraboost.nl\/fr\/wp-json\/wp\/v2\/pages\/18081\/revisions\/18973"}],"wp:attachment":[{"href":"https:\/\/tetraboost.nl\/fr\/wp-json\/wp\/v2\/media?parent=18081"}],"curies":[{"name":"wp","href":"https:\/\/api.w.org\/{rel}","templated":true}]}}