{"id":18071,"date":"2024-12-05T10:12:44","date_gmt":"2024-12-05T10:12:44","guid":{"rendered":"https:\/\/tetraboost-nieuw.mystagingwebsite.com\/e5-e10-classiques\/"},"modified":"2025-01-28T13:54:34","modified_gmt":"2025-01-28T13:54:34","slug":"e5-e10-classiques","status":"publish","type":"page","link":"https:\/\/tetraboost.nl\/fr\/e5-e10-classiques\/","title":{"rendered":"E5\/E10 &amp; Classiques"},"content":{"rendered":"<p>[et_pb_section fb_built=\u00a0\u00bb1&Prime; _builder_version=\u00a0\u00bb4.27.3&Prime; _module_preset=\u00a0\u00bbdefault\u00a0\u00bb use_background_color_gradient=\u00a0\u00bbon\u00a0\u00bb background_color_gradient_stops=\u00a0\u00bbrgba(43,135,218,0) 0%|#002f4d 100%\u00a0\u00bb background_color_gradient_overlays_image=\u00a0\u00bbon\u00a0\u00bb background_image=\u00a0\u00bbhttps:\/\/tetraboost-nieuw.mystagingwebsite.com\/wp-content\/uploads\/2024\/12\/picture-2600.jpeg\u00a0\u00bb min_height_tablet=\u00a0\u00bbauto\u00a0\u00bb min_height_phone=\u00a0\u00bbauto\u00a0\u00bb min_height_last_edited=\u00a0\u00bboff|desktop\u00a0\u00bb global_colors_info=\u00a0\u00bb{}\u00a0\u00bb][et_pb_row _builder_version=\u00a0\u00bb4.27.3&Prime; _module_preset=\u00a0\u00bbdefault\u00a0\u00bb positioning=\u00a0\u00bbnone\u00a0\u00bb position_origin_a=\u00a0\u00bbbottom_center\u00a0\u00bb vertical_offset=\u00a0\u00bb15vh\u00a0\u00bb position_origin_a_tablet=\u00a0\u00bbbottom_center\u00a0\u00bb position_origin_a_phone=\u00a0\u00bbbottom_center\u00a0\u00bb position_origin_a_last_edited=\u00a0\u00bboff|desktop\u00a0\u00bb position_origin_f_last_edited=\u00a0\u00bboff|desktop\u00a0\u00bb position_origin_r_last_edited=\u00a0\u00bboff|desktop\u00a0\u00bb custom_margin=\u00a0\u00bb0px||0px||true|false\u00a0\u00bb custom_padding=\u00a0\u00bb0px||0px||true|false\u00a0\u00bb positioning_tablet=\u00a0\u00bbnone\u00a0\u00bb positioning_phone=\u00a0\u00bbnone\u00a0\u00bb positioning_last_edited=\u00a0\u00bboff|desktop\u00a0\u00bb global_colors_info=\u00a0\u00bb{}\u00a0\u00bb][et_pb_column type=\u00a0\u00bb4_4&Prime; _builder_version=\u00a0\u00bb4.20.4&Prime; _module_preset=\u00a0\u00bbdefault\u00a0\u00bb global_colors_info=\u00a0\u00bb{}\u00a0\u00bb][et_pb_text _builder_version=\u00a0\u00bb4.27.3&Prime; _dynamic_attributes=\u00a0\u00bbcontent\u00a0\u00bb text_font=\u00a0\u00bb|600|||||||\u00a0\u00bb text_text_color=\u00a0\u00bb#FFFFFF\u00a0\u00bb text_font_size=\u00a0\u00bb18px\u00a0\u00bb header_font=\u00a0\u00bb&#8211;et_global_heading_font|900|||||||\u00a0\u00bb header_text_align=\u00a0\u00bbcenter\u00a0\u00bb header_text_color=\u00a0\u00bb#FFFFFF\u00a0\u00bb header_font_size=\u00a0\u00bb46px\u00a0\u00bb header_line_height=\u00a0\u00bb1.3em\u00a0\u00bb header_2_text_color=\u00a0\u00bb#FFFFFF\u00a0\u00bb text_font_size_tablet=\u00a0\u00bb18px\u00a0\u00bb text_font_size_phone=\u00a0\u00bb16px\u00a0\u00bb text_font_size_last_edited=\u00a0\u00bbon|phone\u00a0\u00bb header_font_size_tablet=\u00a0\u00bb38px\u00a0\u00bb header_font_size_phone=\u00a0\u00bb30px\u00a0\u00bb header_font_size_last_edited=\u00a0\u00bbon|tablet\u00a0\u00bb locked=\u00a0\u00bboff\u00a0\u00bb global_colors_info=\u00a0\u00bb{}\u00a0\u00bb]@ET-DC@eyJkeW5hbWljIjp0cnVlLCJjb250ZW50IjoicG9zdF90aXRsZSIsInNldHRpbmdzIjp7ImJlZm9yZSI6IjxoMT4iLCJhZnRlciI6IjxcL2gxPiJ9fQ==@[\/et_pb_text][\/et_pb_column][\/et_pb_row][\/et_pb_section][et_pb_section fb_built=\u00a0\u00bb1&Prime; _builder_version=\u00a0\u00bb4.27.3&Prime; background_color=\u00a0\u00bb#EFEFEF\u00a0\u00bb custom_margin=\u00a0\u00bb||||false|false\u00a0\u00bb custom_padding=\u00a0\u00bb50px||50px||true|false\u00a0\u00bb global_colors_info=\u00a0\u00bb{}\u00a0\u00bb][et_pb_row _builder_version=\u00a0\u00bb4.27.3&Prime; _module_preset=\u00a0\u00bbdefault\u00a0\u00bb custom_margin=\u00a0\u00bb0px||0px||true|false\u00a0\u00bb custom_padding=\u00a0\u00bb0px||0px||true|false\u00a0\u00bb global_colors_info=\u00a0\u00bb{}\u00a0\u00bb][et_pb_column type=\u00a0\u00bb4_4&Prime; _builder_version=\u00a0\u00bb4.27.3&Prime; _module_preset=\u00a0\u00bbdefault\u00a0\u00bb global_colors_info=\u00a0\u00bb{}\u00a0\u00bb][et_pb_text _builder_version=\u00a0\u00bb4.27.4&Prime; text_font=\u00a0\u00bb||||||||\u00a0\u00bb text_text_color=\u00a0\u00bb#001B2C\u00a0\u00bb header_font=\u00a0\u00bb&#8211;et_global_heading_font|900|||||||\u00a0\u00bb header_font_size=\u00a0\u00bb46px\u00a0\u00bb header_line_height=\u00a0\u00bb1.3em\u00a0\u00bb header_2_text_color=\u00a0\u00bb#FFFFFF\u00a0\u00bb hover_enabled=\u00a0\u00bb0&Prime; text_font_size_tablet=\u00a0\u00bb18px\u00a0\u00bb text_font_size_phone=\u00a0\u00bb16px\u00a0\u00bb text_font_size_last_edited=\u00a0\u00bbon|phone\u00a0\u00bb header_font_size_tablet=\u00a0\u00bb38px\u00a0\u00bb header_font_size_phone=\u00a0\u00bb30px\u00a0\u00bb header_font_size_last_edited=\u00a0\u00bbon|tablet\u00a0\u00bb locked=\u00a0\u00bboff\u00a0\u00bb global_colors_info=\u00a0\u00bb{}\u00a0\u00bb sticky_enabled=\u00a0\u00bb0&Prime;]<\/p>\n<p><strong>Dans de nombreux pays europ\u00e9ens, les propri\u00e9taires de stations-service sont tenus de proposer de l\u2019essence E10 depuis octobre 2019. L\u2019E10 est un carburant fossile auquel on ajoute jusqu\u2019\u00e0 10 % de bio\u00e9thanol. Les d\u00e9signations Euro95 et Euro98 ont \u00e9t\u00e9 remplac\u00e9es par E10 et E5 respectivement. Alors que 95 et 98 indiquent l\u2019indice d\u2019octane, E10 ou E5 indique le pourcentage de bio\u00e9thanol dans le carburant. E10 correspond \u00e0 10 % d\u2019\u00e9thanol et E5 \u00e0 5 % d\u2019\u00e9thanol.    <\/strong><\/p>\n<p>Dans de nombreux pays europ\u00e9ens, les propri\u00e9taires de stations-service sont tenus de proposer de l\u2019essence E10 depuis octobre 2019. L\u2019E10 est un carburant fossile auquel on ajoute jusqu\u2019\u00e0 10 % de bio\u00e9thanol. Les d\u00e9signations Euro95 et Euro98 ont \u00e9t\u00e9 remplac\u00e9es par E10 et E5 respectivement. Alors que 95 et 98 indiquent l\u2019indice d\u2019octane, E10 ou E5 indique le pourcentage de bio\u00e9thanol dans le carburant. E10 correspond \u00e0 10 % d\u2019\u00e9thanol et E5 \u00e0 5 % d\u2019\u00e9thanol.  <\/p>\n<p>L\u2019\u00e9thanol a l\u2019inconv\u00e9nient d\u2019attirer l\u2019eau. La cons\u00e9quence de la pr\u00e9sence d\u2019eau dans l\u2019essence est le d\u00e9veloppement de bact\u00e9ries. Celle-ci \u00e9tait autrefois d\u00e9truite par le soufre contenu dans l\u2019essence, mais le soufre a \u00e9galement disparu de l\u2019essence d\u2019aujourd\u2019hui.  <\/p>\n<p>L\u2019essence s\u2019ab\u00eeme donc beaucoup plus vite qu\u2019auparavant, au bout de 60 jours seulement. Lorsque le temps d\u2019immobilisation est plus long, vous \u00eates donc oblig\u00e9 d\u2019ajouter un agent anti-vieillissement.  <\/p>\n<p>L\u2019ajout de TetraBOOST peut prolonger la dur\u00e9e de vie du carburant jusqu\u2019\u00e0 2 ans.<\/p>\n<p>En outre, l\u2019ajout d\u2019\u00e9thanol augmente la pression de vapeur, ce qui acc\u00e9l\u00e8re l\u2019apparition de ce que l\u2019on appelle le \u00ab vapor lock \u00bb. Le vapor lock se traduit par l\u2019apparition de bulles de vapeur dans les conduites de carburant, le carburateur ou le syst\u00e8me d\u2019injection. Le vapor lock emp\u00eache le d\u00e9marrage d\u2019un moteur chaud.  <\/p>\n<p>TetraBOOST neutralise l\u2019\u00e9thanol m\u00eame lorsque l\u2019essence contient 15 % d\u2019\u00e9thanol (E15). L\u2019ajout de TetraBOOST \u00e0 votre carburant permet \u00e0 votre voiture ou moto classique de rester en bon \u00e9tat, aussi bien pendant la conduite que pendant les p\u00e9riodes de stockage.<\/p>\n<p>[\/et_pb_text][\/et_pb_column][\/et_pb_row][et_pb_row column_structure=\u00a0\u00bb1_3,1_3,1_3&Prime; module_class=\u00a0\u00bbgallerij\u00a0\u00bb _builder_version=\u00a0\u00bb4.27.3&Prime; _module_preset=\u00a0\u00bbdefault\u00a0\u00bb custom_margin=\u00a0\u00bb50px||||false|false\u00a0\u00bb custom_padding=\u00a0\u00bb0px||0px||true|false\u00a0\u00bb global_colors_info=\u00a0\u00bb{}\u00a0\u00bb][et_pb_column type=\u00a0\u00bb1_3&Prime; _builder_version=\u00a0\u00bb4.27.3&Prime; _module_preset=\u00a0\u00bbdefault\u00a0\u00bb global_colors_info=\u00a0\u00bb{}\u00a0\u00bb][et_pb_image src=\u00a0\u00bbhttps:\/\/tetraboost-nieuw.mystagingwebsite.com\/wp-content\/uploads\/2023\/12\/356beach.jpg\u00a0\u00bb title_text=\u00a0\u00bb356beach\u00a0\u00bb align=\u00a0\u00bbcenter\u00a0\u00bb force_fullwidth=\u00a0\u00bbon\u00a0\u00bb _builder_version=\u00a0\u00bb4.27.3&Prime; _module_preset=\u00a0\u00bbdefault\u00a0\u00bb border_radii=\u00a0\u00bbon|6px|6px|6px|6px\u00a0\u00bb global_colors_info=\u00a0\u00bb{}\u00a0\u00bb][\/et_pb_image][\/et_pb_column][et_pb_column type=\u00a0\u00bb1_3&Prime; _builder_version=\u00a0\u00bb4.27.3&Prime; _module_preset=\u00a0\u00bbdefault\u00a0\u00bb global_colors_info=\u00a0\u00bb{}\u00a0\u00bb][et_pb_image src=\u00a0\u00bbhttps:\/\/tetraboost-nieuw.mystagingwebsite.com\/wp-content\/uploads\/2023\/12\/TA1.jpg\u00a0\u00bb title_text=\u00a0\u00bbTA1&Prime; align=\u00a0\u00bbcenter\u00a0\u00bb force_fullwidth=\u00a0\u00bbon\u00a0\u00bb _builder_version=\u00a0\u00bb4.27.3&Prime; _module_preset=\u00a0\u00bbdefault\u00a0\u00bb border_radii=\u00a0\u00bbon|6px|6px|6px|6px\u00a0\u00bb global_colors_info=\u00a0\u00bb{}\u00a0\u00bb][\/et_pb_image][\/et_pb_column][et_pb_column type=\u00a0\u00bb1_3&Prime; _builder_version=\u00a0\u00bb4.27.3&Prime; _module_preset=\u00a0\u00bbdefault\u00a0\u00bb global_colors_info=\u00a0\u00bb{}\u00a0\u00bb][et_pb_image src=\u00a0\u00bbhttps:\/\/tetraboost-nieuw.mystagingwebsite.com\/wp-content\/uploads\/2023\/12\/mgtb4.jpg\u00a0\u00bb title_text=\u00a0\u00bbmgtb4&Prime; align=\u00a0\u00bbcenter\u00a0\u00bb force_fullwidth=\u00a0\u00bbon\u00a0\u00bb _builder_version=\u00a0\u00bb4.27.3&Prime; _module_preset=\u00a0\u00bbdefault\u00a0\u00bb border_radii=\u00a0\u00bbon|6px|6px|6px|6px\u00a0\u00bb global_colors_info=\u00a0\u00bb{}\u00a0\u00bb][\/et_pb_image][\/et_pb_column][\/et_pb_row][\/et_pb_section]<\/p>\n","protected":false},"excerpt":{"rendered":"<p>Dans de nombreux pays europ\u00e9ens, les propri\u00e9taires de stations-service sont tenus de proposer de l\u2019essence E10 depuis octobre 2019. L\u2019E10 est un carburant fossile auquel on ajoute jusqu\u2019\u00e0 10 % de bio\u00e9thanol. Les d\u00e9signations Euro95 et Euro98 ont \u00e9t\u00e9 remplac\u00e9es par E10 et E5 respectivement. Alors que 95 et 98 indiquent l\u2019indice d\u2019octane, E10 ou [&hellip;]<\/p>\n","protected":false},"author":6,"featured_media":0,"parent":0,"menu_order":0,"comment_status":"closed","ping_status":"closed","template":"","meta":{"_et_pb_use_builder":"on","_et_pb_old_content":"","_et_gb_content_width":"","footnotes":""},"class_list":["post-18071","page","type-page","status-publish","hentry"],"yoast_head":"<!-- This site is optimized with the Yoast SEO plugin v27.5 - https:\/\/yoast.com\/product\/yoast-seo-wordpress\/ -->\n<title>TetraBOOST<\/title>\n<meta name=\"robots\" content=\"index, follow, max-snippet:-1, max-image-preview:large, max-video-preview:-1\" \/>\n<link rel=\"canonical\" href=\"https:\/\/tetraboost.nl\/fr\/e5-e10-classiques\/\" \/>\n<meta property=\"og:locale\" content=\"fr_FR\" \/>\n<meta property=\"og:type\" content=\"article\" \/>\n<meta property=\"og:title\" content=\"TetraBOOST\" \/>\n<meta property=\"og:description\" content=\"Dans de nombreux pays europ\u00e9ens, les propri\u00e9taires de stations-service sont tenus de proposer de l\u2019essence E10 depuis octobre 2019. L\u2019E10 est un carburant fossile auquel on ajoute jusqu\u2019\u00e0 10 % de bio\u00e9thanol. Les d\u00e9signations Euro95 et Euro98 ont \u00e9t\u00e9 remplac\u00e9es par E10 et E5 respectivement. Alors que 95 et 98 indiquent l\u2019indice d\u2019octane, E10 ou [&hellip;]\" \/>\n<meta property=\"og:url\" content=\"https:\/\/tetraboost.nl\/fr\/e5-e10-classiques\/\" \/>\n<meta property=\"og:site_name\" content=\"TetraBOOST\" \/>\n<meta property=\"article:modified_time\" content=\"2025-01-28T13:54:34+00:00\" \/>\n<meta name=\"twitter:card\" content=\"summary_large_image\" \/>\n<meta name=\"twitter:label1\" content=\"Dur\u00e9e de lecture estim\u00e9e\" \/>\n\t<meta name=\"twitter:data1\" content=\"5 minutes\" \/>\n<script type=\"application\/ld+json\" class=\"yoast-schema-graph\">{\"@context\":\"https:\\\/\\\/schema.org\",\"@graph\":[{\"@type\":\"WebPage\",\"@id\":\"https:\\\/\\\/tetraboost.nl\\\/fr\\\/e5-e10-classiques\\\/\",\"url\":\"https:\\\/\\\/tetraboost.nl\\\/fr\\\/e5-e10-classiques\\\/\",\"name\":\"TetraBOOST\",\"isPartOf\":{\"@id\":\"https:\\\/\\\/tetraboost.nl\\\/fr\\\/#website\"},\"datePublished\":\"2024-12-05T10:12:44+00:00\",\"dateModified\":\"2025-01-28T13:54:34+00:00\",\"breadcrumb\":{\"@id\":\"https:\\\/\\\/tetraboost.nl\\\/fr\\\/e5-e10-classiques\\\/#breadcrumb\"},\"inLanguage\":\"fr-FR\",\"potentialAction\":[{\"@type\":\"ReadAction\",\"target\":[\"https:\\\/\\\/tetraboost.nl\\\/fr\\\/e5-e10-classiques\\\/\"]}]},{\"@type\":\"BreadcrumbList\",\"@id\":\"https:\\\/\\\/tetraboost.nl\\\/fr\\\/e5-e10-classiques\\\/#breadcrumb\",\"itemListElement\":[{\"@type\":\"ListItem\",\"position\":1,\"name\":\"Home\",\"item\":\"https:\\\/\\\/tetraboost.nl\\\/fr\\\/\"},{\"@type\":\"ListItem\",\"position\":2,\"name\":\"E5\\\/E10 &amp; Classiques\"}]},{\"@type\":\"WebSite\",\"@id\":\"https:\\\/\\\/tetraboost.nl\\\/fr\\\/#website\",\"url\":\"https:\\\/\\\/tetraboost.nl\\\/fr\\\/\",\"name\":\"TetraBOOST\",\"description\":\"\",\"potentialAction\":[{\"@type\":\"SearchAction\",\"target\":{\"@type\":\"EntryPoint\",\"urlTemplate\":\"https:\\\/\\\/tetraboost.nl\\\/fr\\\/?s={search_term_string}\"},\"query-input\":{\"@type\":\"PropertyValueSpecification\",\"valueRequired\":true,\"valueName\":\"search_term_string\"}}],\"inLanguage\":\"fr-FR\"}]}<\/script>\n<!-- \/ Yoast SEO plugin. -->","yoast_head_json":{"title":"TetraBOOST","robots":{"index":"index","follow":"follow","max-snippet":"max-snippet:-1","max-image-preview":"max-image-preview:large","max-video-preview":"max-video-preview:-1"},"canonical":"https:\/\/tetraboost.nl\/fr\/e5-e10-classiques\/","og_locale":"fr_FR","og_type":"article","og_title":"TetraBOOST","og_description":"Dans de nombreux pays europ\u00e9ens, les propri\u00e9taires de stations-service sont tenus de proposer de l\u2019essence E10 depuis octobre 2019. L\u2019E10 est un carburant fossile auquel on ajoute jusqu\u2019\u00e0 10 % de bio\u00e9thanol. Les d\u00e9signations Euro95 et Euro98 ont \u00e9t\u00e9 remplac\u00e9es par E10 et E5 respectivement. Alors que 95 et 98 indiquent l\u2019indice d\u2019octane, E10 ou [&hellip;]","og_url":"https:\/\/tetraboost.nl\/fr\/e5-e10-classiques\/","og_site_name":"TetraBOOST","article_modified_time":"2025-01-28T13:54:34+00:00","twitter_card":"summary_large_image","twitter_misc":{"Dur\u00e9e de lecture estim\u00e9e":"5 minutes"},"schema":{"@context":"https:\/\/schema.org","@graph":[{"@type":"WebPage","@id":"https:\/\/tetraboost.nl\/fr\/e5-e10-classiques\/","url":"https:\/\/tetraboost.nl\/fr\/e5-e10-classiques\/","name":"TetraBOOST","isPartOf":{"@id":"https:\/\/tetraboost.nl\/fr\/#website"},"datePublished":"2024-12-05T10:12:44+00:00","dateModified":"2025-01-28T13:54:34+00:00","breadcrumb":{"@id":"https:\/\/tetraboost.nl\/fr\/e5-e10-classiques\/#breadcrumb"},"inLanguage":"fr-FR","potentialAction":[{"@type":"ReadAction","target":["https:\/\/tetraboost.nl\/fr\/e5-e10-classiques\/"]}]},{"@type":"BreadcrumbList","@id":"https:\/\/tetraboost.nl\/fr\/e5-e10-classiques\/#breadcrumb","itemListElement":[{"@type":"ListItem","position":1,"name":"Home","item":"https:\/\/tetraboost.nl\/fr\/"},{"@type":"ListItem","position":2,"name":"E5\/E10 &amp; Classiques"}]},{"@type":"WebSite","@id":"https:\/\/tetraboost.nl\/fr\/#website","url":"https:\/\/tetraboost.nl\/fr\/","name":"TetraBOOST","description":"","potentialAction":[{"@type":"SearchAction","target":{"@type":"EntryPoint","urlTemplate":"https:\/\/tetraboost.nl\/fr\/?s={search_term_string}"},"query-input":{"@type":"PropertyValueSpecification","valueRequired":true,"valueName":"search_term_string"}}],"inLanguage":"fr-FR"}]}},"jetpack_sharing_enabled":true,"_links":{"self":[{"href":"https:\/\/tetraboost.nl\/fr\/wp-json\/wp\/v2\/pages\/18071","targetHints":{"allow":["GET"]}}],"collection":[{"href":"https:\/\/tetraboost.nl\/fr\/wp-json\/wp\/v2\/pages"}],"about":[{"href":"https:\/\/tetraboost.nl\/fr\/wp-json\/wp\/v2\/types\/page"}],"author":[{"embeddable":true,"href":"https:\/\/tetraboost.nl\/fr\/wp-json\/wp\/v2\/users\/6"}],"replies":[{"embeddable":true,"href":"https:\/\/tetraboost.nl\/fr\/wp-json\/wp\/v2\/comments?post=18071"}],"version-history":[{"count":10,"href":"https:\/\/tetraboost.nl\/fr\/wp-json\/wp\/v2\/pages\/18071\/revisions"}],"predecessor-version":[{"id":18961,"href":"https:\/\/tetraboost.nl\/fr\/wp-json\/wp\/v2\/pages\/18071\/revisions\/18961"}],"wp:attachment":[{"href":"https:\/\/tetraboost.nl\/fr\/wp-json\/wp\/v2\/media?parent=18071"}],"curies":[{"name":"wp","href":"https:\/\/api.w.org\/{rel}","templated":true}]}}