{"id":18587,"date":"2024-12-04T10:16:25","date_gmt":"2024-12-04T10:16:25","guid":{"rendered":"https:\/\/tetraboost.nl\/product\/e-guard-road-50ml\/"},"modified":"2025-01-21T09:59:53","modified_gmt":"2025-01-21T09:59:53","slug":"e-guard-road-50ml","status":"publish","type":"product","link":"https:\/\/tetraboost.nl\/de\/produkt\/e-guard-road-50ml\/","title":{"rendered":"E-guard Road (50ml)"},"content":{"rendered":"<p>Tetraboost E-Guard Road ist ein Bleiersatz, Oktanverst\u00e4rker und Ethanol-Korrosionsinhibitor auf Kaliumbasis. Entwickelt f\u00fcr Fahrzeuge ohne geh\u00e4rtete Ventilsitze, zum Schutz vor Problemen, die durch modernes Benzin auf Ethanolbasis (E5 und E10) verursacht werden. TetraBOOST E-Guard Road sch\u00fctzt vor durch Ethanol verursachter Korrosion, verhindert Ventilsitzr\u00fcckgang und erh\u00f6ht die Oktanzahl um bis zu 2 Punkte. TetraBOOST E-Guard Road wird in einer praktischen One-Shot-Flasche geliefert. Eine 50-ml-Flasche reicht f\u00fcr bis zu 50 Liter Kraftstoff. Gewicht: 0,1 kg<br \/>\nMenge: Flasche 50 ml<\/p>\n","protected":false},"excerpt":{"rendered":"<p>Traditioneller Bleiersatz und Ethanolschutz.<\/p>\n","protected":false},"featured_media":17925,"template":"","meta":{"_et_pb_use_builder":"","_et_pb_old_content":"","_et_gb_content_width":""},"product_brand":[],"product_cat":[113],"product_tag":[],"class_list":{"0":"post-18587","1":"product","2":"type-product","3":"status-publish","4":"has-post-thumbnail","6":"product_cat-unkategorisiert","8":"first","9":"instock","10":"shipping-taxable","11":"purchasable","12":"product-type-simple"},"yoast_head":"<!-- This site is optimized with the Yoast SEO plugin v27.5 - https:\/\/yoast.com\/product\/yoast-seo-wordpress\/ -->\n<title>E-guard Road (50ml) - TetraBOOST<\/title>\n<meta name=\"robots\" content=\"index, follow, max-snippet:-1, max-image-preview:large, max-video-preview:-1\" \/>\n<link rel=\"canonical\" href=\"https:\/\/tetraboost.nl\/de\/produkt\/e-guard-road-50ml\/\" \/>\n<meta property=\"og:locale\" content=\"de_DE\" \/>\n<meta property=\"og:type\" content=\"article\" \/>\n<meta property=\"og:title\" content=\"E-guard Road (50ml) - TetraBOOST\" \/>\n<meta property=\"og:description\" content=\"Traditioneller Bleiersatz und Ethanolschutz.\" \/>\n<meta property=\"og:url\" content=\"https:\/\/tetraboost.nl\/de\/produkt\/e-guard-road-50ml\/\" \/>\n<meta property=\"og:site_name\" content=\"TetraBOOST\" \/>\n<meta property=\"article:modified_time\" content=\"2025-01-21T09:59:53+00:00\" \/>\n<meta property=\"og:image\" content=\"https:\/\/i0.wp.com\/tetraboost.nl\/wp-content\/uploads\/2024\/12\/TetraBOOST_guard_road1-1.jpg?fit=800%2C800&ssl=1\" \/>\n\t<meta property=\"og:image:width\" content=\"800\" \/>\n\t<meta property=\"og:image:height\" content=\"800\" \/>\n\t<meta property=\"og:image:type\" content=\"image\/jpeg\" \/>\n<meta name=\"twitter:card\" content=\"summary_large_image\" \/>\n<script type=\"application\/ld+json\" class=\"yoast-schema-graph\">{\"@context\":\"https:\\\/\\\/schema.org\",\"@graph\":[{\"@type\":\"WebPage\",\"@id\":\"https:\\\/\\\/tetraboost.nl\\\/de\\\/produkt\\\/e-guard-road-50ml\\\/\",\"url\":\"https:\\\/\\\/tetraboost.nl\\\/de\\\/produkt\\\/e-guard-road-50ml\\\/\",\"name\":\"E-guard Road (50ml) - TetraBOOST\",\"isPartOf\":{\"@id\":\"https:\\\/\\\/tetraboost.nl\\\/de\\\/#website\"},\"primaryImageOfPage\":{\"@id\":\"https:\\\/\\\/tetraboost.nl\\\/de\\\/produkt\\\/e-guard-road-50ml\\\/#primaryimage\"},\"image\":{\"@id\":\"https:\\\/\\\/tetraboost.nl\\\/de\\\/produkt\\\/e-guard-road-50ml\\\/#primaryimage\"},\"thumbnailUrl\":\"https:\\\/\\\/i0.wp.com\\\/tetraboost.nl\\\/wp-content\\\/uploads\\\/2024\\\/12\\\/TetraBOOST_guard_road1-1.jpg?fit=800%2C800&ssl=1\",\"datePublished\":\"2024-12-04T10:16:25+00:00\",\"dateModified\":\"2025-01-21T09:59:53+00:00\",\"breadcrumb\":{\"@id\":\"https:\\\/\\\/tetraboost.nl\\\/de\\\/produkt\\\/e-guard-road-50ml\\\/#breadcrumb\"},\"inLanguage\":\"de\",\"potentialAction\":[{\"@type\":\"ReadAction\",\"target\":[\"https:\\\/\\\/tetraboost.nl\\\/de\\\/produkt\\\/e-guard-road-50ml\\\/\"]}]},{\"@type\":\"ImageObject\",\"inLanguage\":\"de\",\"@id\":\"https:\\\/\\\/tetraboost.nl\\\/de\\\/produkt\\\/e-guard-road-50ml\\\/#primaryimage\",\"url\":\"https:\\\/\\\/i0.wp.com\\\/tetraboost.nl\\\/wp-content\\\/uploads\\\/2024\\\/12\\\/TetraBOOST_guard_road1-1.jpg?fit=800%2C800&ssl=1\",\"contentUrl\":\"https:\\\/\\\/i0.wp.com\\\/tetraboost.nl\\\/wp-content\\\/uploads\\\/2024\\\/12\\\/TetraBOOST_guard_road1-1.jpg?fit=800%2C800&ssl=1\",\"width\":800,\"height\":800},{\"@type\":\"BreadcrumbList\",\"@id\":\"https:\\\/\\\/tetraboost.nl\\\/de\\\/produkt\\\/e-guard-road-50ml\\\/#breadcrumb\",\"itemListElement\":[{\"@type\":\"ListItem\",\"position\":1,\"name\":\"Home\",\"item\":\"https:\\\/\\\/tetraboost.nl\\\/de\\\/\"},{\"@type\":\"ListItem\",\"position\":2,\"name\":\"Shop\",\"item\":\"https:\\\/\\\/tetraboost.nl\\\/winkel\\\/\"},{\"@type\":\"ListItem\",\"position\":3,\"name\":\"E-guard Road (50ml)\"}]},{\"@type\":\"WebSite\",\"@id\":\"https:\\\/\\\/tetraboost.nl\\\/de\\\/#website\",\"url\":\"https:\\\/\\\/tetraboost.nl\\\/de\\\/\",\"name\":\"TetraBOOST\",\"description\":\"\",\"potentialAction\":[{\"@type\":\"SearchAction\",\"target\":{\"@type\":\"EntryPoint\",\"urlTemplate\":\"https:\\\/\\\/tetraboost.nl\\\/de\\\/?s={search_term_string}\"},\"query-input\":{\"@type\":\"PropertyValueSpecification\",\"valueRequired\":true,\"valueName\":\"search_term_string\"}}],\"inLanguage\":\"de\"}]}<\/script>\n<!-- \/ Yoast SEO plugin. -->","yoast_head_json":{"title":"E-guard Road (50ml) - TetraBOOST","robots":{"index":"index","follow":"follow","max-snippet":"max-snippet:-1","max-image-preview":"max-image-preview:large","max-video-preview":"max-video-preview:-1"},"canonical":"https:\/\/tetraboost.nl\/de\/produkt\/e-guard-road-50ml\/","og_locale":"de_DE","og_type":"article","og_title":"E-guard Road (50ml) - TetraBOOST","og_description":"Traditioneller Bleiersatz und Ethanolschutz.","og_url":"https:\/\/tetraboost.nl\/de\/produkt\/e-guard-road-50ml\/","og_site_name":"TetraBOOST","article_modified_time":"2025-01-21T09:59:53+00:00","og_image":[{"width":800,"height":800,"url":"https:\/\/i0.wp.com\/tetraboost.nl\/wp-content\/uploads\/2024\/12\/TetraBOOST_guard_road1-1.jpg?fit=800%2C800&ssl=1","type":"image\/jpeg"}],"twitter_card":"summary_large_image","schema":{"@context":"https:\/\/schema.org","@graph":[{"@type":"WebPage","@id":"https:\/\/tetraboost.nl\/de\/produkt\/e-guard-road-50ml\/","url":"https:\/\/tetraboost.nl\/de\/produkt\/e-guard-road-50ml\/","name":"E-guard Road (50ml) - TetraBOOST","isPartOf":{"@id":"https:\/\/tetraboost.nl\/de\/#website"},"primaryImageOfPage":{"@id":"https:\/\/tetraboost.nl\/de\/produkt\/e-guard-road-50ml\/#primaryimage"},"image":{"@id":"https:\/\/tetraboost.nl\/de\/produkt\/e-guard-road-50ml\/#primaryimage"},"thumbnailUrl":"https:\/\/i0.wp.com\/tetraboost.nl\/wp-content\/uploads\/2024\/12\/TetraBOOST_guard_road1-1.jpg?fit=800%2C800&ssl=1","datePublished":"2024-12-04T10:16:25+00:00","dateModified":"2025-01-21T09:59:53+00:00","breadcrumb":{"@id":"https:\/\/tetraboost.nl\/de\/produkt\/e-guard-road-50ml\/#breadcrumb"},"inLanguage":"de","potentialAction":[{"@type":"ReadAction","target":["https:\/\/tetraboost.nl\/de\/produkt\/e-guard-road-50ml\/"]}]},{"@type":"ImageObject","inLanguage":"de","@id":"https:\/\/tetraboost.nl\/de\/produkt\/e-guard-road-50ml\/#primaryimage","url":"https:\/\/i0.wp.com\/tetraboost.nl\/wp-content\/uploads\/2024\/12\/TetraBOOST_guard_road1-1.jpg?fit=800%2C800&ssl=1","contentUrl":"https:\/\/i0.wp.com\/tetraboost.nl\/wp-content\/uploads\/2024\/12\/TetraBOOST_guard_road1-1.jpg?fit=800%2C800&ssl=1","width":800,"height":800},{"@type":"BreadcrumbList","@id":"https:\/\/tetraboost.nl\/de\/produkt\/e-guard-road-50ml\/#breadcrumb","itemListElement":[{"@type":"ListItem","position":1,"name":"Home","item":"https:\/\/tetraboost.nl\/de\/"},{"@type":"ListItem","position":2,"name":"Shop","item":"https:\/\/tetraboost.nl\/winkel\/"},{"@type":"ListItem","position":3,"name":"E-guard Road (50ml)"}]},{"@type":"WebSite","@id":"https:\/\/tetraboost.nl\/de\/#website","url":"https:\/\/tetraboost.nl\/de\/","name":"TetraBOOST","description":"","potentialAction":[{"@type":"SearchAction","target":{"@type":"EntryPoint","urlTemplate":"https:\/\/tetraboost.nl\/de\/?s={search_term_string}"},"query-input":{"@type":"PropertyValueSpecification","valueRequired":true,"valueName":"search_term_string"}}],"inLanguage":"de"}]}},"jetpack_sharing_enabled":true,"_links":{"self":[{"href":"https:\/\/tetraboost.nl\/de\/wp-json\/wp\/v2\/product\/18587","targetHints":{"allow":["GET"]}}],"collection":[{"href":"https:\/\/tetraboost.nl\/de\/wp-json\/wp\/v2\/product"}],"about":[{"href":"https:\/\/tetraboost.nl\/de\/wp-json\/wp\/v2\/types\/product"}],"wp:featuredmedia":[{"embeddable":true,"href":"https:\/\/tetraboost.nl\/de\/wp-json\/wp\/v2\/media\/17925"}],"wp:attachment":[{"href":"https:\/\/tetraboost.nl\/de\/wp-json\/wp\/v2\/media?parent=18587"}],"wp:term":[{"taxonomy":"product_brand","embeddable":true,"href":"https:\/\/tetraboost.nl\/de\/wp-json\/wp\/v2\/product_brand?post=18587"},{"taxonomy":"product_cat","embeddable":true,"href":"https:\/\/tetraboost.nl\/de\/wp-json\/wp\/v2\/product_cat?post=18587"},{"taxonomy":"product_tag","embeddable":true,"href":"https:\/\/tetraboost.nl\/de\/wp-json\/wp\/v2\/product_tag?post=18587"}],"curies":[{"name":"wp","href":"https:\/\/api.w.org\/{rel}","templated":true}]}}