{"id":18058,"date":"2024-12-04T10:13:25","date_gmt":"2024-12-04T10:13:25","guid":{"rendered":"https:\/\/tetraboost-nieuw.mystagingwebsite.com\/product\/tetraboost-e-guard-15-6-x-945ml\/"},"modified":"2025-01-28T14:34:27","modified_gmt":"2025-01-28T14:34:27","slug":"tetraboost-e-guard-15-6-x-945ml","status":"publish","type":"product","link":"https:\/\/tetraboost.nl\/de\/produkt\/tetraboost-e-guard-15-6-x-945ml\/","title":{"rendered":"TetraBOOST E-Guard 15 <br>(6 x 945ml)"},"content":{"rendered":"<p>TetraBOOST E-Guard 15 sch\u00fctzt Ihren Oldtimer vor Ethanolkorrosion durch E5- und E10-Benzin, sogar bis zu einem Gehalt von 15 % Ethanol (E15). Es ist das einzige Additiv, das echten verbleiten Kraftstoff aus bleifreiem Benzin herstellt. TetraBOOST ist kein Bleiersatz, sondern f\u00fcgt Tetraethylblei zum Benzin hinzu. Tetraethylblei bietet einen besseren Schutz und eine bessere Leistung als Bleiersatzstoffe auf Phosphor-, Mangan-, Natrium- und Kaliumbasis.    TetraBOOST ist allgemein als Standard f\u00fcr Kraftstoffadditive anerkannt und wird unter anderem von Automobilmuseen, Markenexperten, Restaurierungsunternehmen, Motorenherstellern und klassischen Rennteams verwendet. TetraBOOST eignet sich f\u00fcr alle Stra\u00dfeneins\u00e4tze und f\u00fcr den Auto- und Motorradsport. TetraBOOST neutralisiert Ethanol in modernem Benzin. Dar\u00fcber hinaus verlangsamt es die Verbrennungsgeschwindigkeit des Kraftstoffs, verbessert hierdurch die Verbrennung sowie die Gasansprache, beschleunigt sanfter und sorgt f\u00fcr einen k\u00fchleren Motorlauf. Bei Bedarf k\u00f6nnen Sie Kraftstoff bis zu 106 Oktan herstellen. Gewicht: 4,95 kg Karton mit 6 x 945 ml     <\/p>\n","protected":false},"excerpt":{"rendered":"<p>TetraBOOST E-Guard. Der Zusatz zum Schutz vor Ethanol in E5- und E10-Benzin \u2013 F\u00fcgt echtes Blei hinzu.<\/p>\n","protected":false},"featured_media":17916,"template":"","meta":{"_et_pb_use_builder":"","_et_pb_old_content":"","_et_gb_content_width":""},"product_brand":[],"product_cat":[140],"product_tag":[],"class_list":{"0":"post-18058","1":"product","2":"type-product","3":"status-publish","4":"has-post-thumbnail","6":"product_cat-e-guard-de","8":"first","9":"instock","10":"shipping-taxable","11":"purchasable","12":"product-type-simple"},"yoast_head":"<!-- This site is optimized with the Yoast SEO plugin v27.0 - https:\/\/yoast.com\/product\/yoast-seo-wordpress\/ -->\n<title>TetraBOOST E-Guard 15 (6 x 945ml) - TetraBOOST<\/title>\n<meta name=\"robots\" content=\"index, follow, max-snippet:-1, max-image-preview:large, max-video-preview:-1\" \/>\n<link rel=\"canonical\" href=\"https:\/\/tetraboost.nl\/de\/produkt\/tetraboost-e-guard-15-6-x-945ml\/\" \/>\n<meta property=\"og:locale\" content=\"de_DE\" \/>\n<meta property=\"og:type\" content=\"article\" \/>\n<meta property=\"og:title\" content=\"TetraBOOST E-Guard 15 (6 x 945ml) - TetraBOOST\" \/>\n<meta property=\"og:description\" content=\"TetraBOOST E-Guard. Der Zusatz zum Schutz vor Ethanol in E5- und E10-Benzin \u2013 F\u00fcgt echtes Blei hinzu.\" \/>\n<meta property=\"og:url\" content=\"https:\/\/tetraboost.nl\/de\/produkt\/tetraboost-e-guard-15-6-x-945ml\/\" \/>\n<meta property=\"og:site_name\" content=\"TetraBOOST\" \/>\n<meta property=\"article:modified_time\" content=\"2025-01-28T14:34:27+00:00\" \/>\n<meta property=\"og:image\" content=\"https:\/\/i0.wp.com\/tetraboost.nl\/wp-content\/uploads\/2024\/12\/6-cans.png?fit=408%2C408&ssl=1\" \/>\n\t<meta property=\"og:image:width\" content=\"408\" \/>\n\t<meta property=\"og:image:height\" content=\"408\" \/>\n\t<meta property=\"og:image:type\" content=\"image\/png\" \/>\n<meta name=\"twitter:card\" content=\"summary_large_image\" \/>\n<meta name=\"twitter:label1\" content=\"Gesch\u00e4tzte Lesezeit\" \/>\n\t<meta name=\"twitter:data1\" content=\"1\u00a0Minute\" \/>\n<script type=\"application\/ld+json\" class=\"yoast-schema-graph\">{\"@context\":\"https:\/\/schema.org\",\"@graph\":[{\"@type\":\"WebPage\",\"@id\":\"https:\/\/tetraboost.nl\/de\/produkt\/tetraboost-e-guard-15-6-x-945ml\/\",\"url\":\"https:\/\/tetraboost.nl\/de\/produkt\/tetraboost-e-guard-15-6-x-945ml\/\",\"name\":\"TetraBOOST E-Guard 15 (6 x 945ml) - TetraBOOST\",\"isPartOf\":{\"@id\":\"https:\/\/tetraboost.nl\/de\/#website\"},\"primaryImageOfPage\":{\"@id\":\"https:\/\/tetraboost.nl\/de\/produkt\/tetraboost-e-guard-15-6-x-945ml\/#primaryimage\"},\"image\":{\"@id\":\"https:\/\/tetraboost.nl\/de\/produkt\/tetraboost-e-guard-15-6-x-945ml\/#primaryimage\"},\"thumbnailUrl\":\"https:\/\/i0.wp.com\/tetraboost.nl\/wp-content\/uploads\/2024\/12\/6-cans.png?fit=408%2C408&ssl=1\",\"datePublished\":\"2024-12-04T10:13:25+00:00\",\"dateModified\":\"2025-01-28T14:34:27+00:00\",\"breadcrumb\":{\"@id\":\"https:\/\/tetraboost.nl\/de\/produkt\/tetraboost-e-guard-15-6-x-945ml\/#breadcrumb\"},\"inLanguage\":\"de\",\"potentialAction\":[{\"@type\":\"ReadAction\",\"target\":[\"https:\/\/tetraboost.nl\/de\/produkt\/tetraboost-e-guard-15-6-x-945ml\/\"]}]},{\"@type\":\"ImageObject\",\"inLanguage\":\"de\",\"@id\":\"https:\/\/tetraboost.nl\/de\/produkt\/tetraboost-e-guard-15-6-x-945ml\/#primaryimage\",\"url\":\"https:\/\/i0.wp.com\/tetraboost.nl\/wp-content\/uploads\/2024\/12\/6-cans.png?fit=408%2C408&ssl=1\",\"contentUrl\":\"https:\/\/i0.wp.com\/tetraboost.nl\/wp-content\/uploads\/2024\/12\/6-cans.png?fit=408%2C408&ssl=1\",\"width\":408,\"height\":408},{\"@type\":\"BreadcrumbList\",\"@id\":\"https:\/\/tetraboost.nl\/de\/produkt\/tetraboost-e-guard-15-6-x-945ml\/#breadcrumb\",\"itemListElement\":[{\"@type\":\"ListItem\",\"position\":1,\"name\":\"Home\",\"item\":\"https:\/\/tetraboost.nl\/de\/\"},{\"@type\":\"ListItem\",\"position\":2,\"name\":\"Shop\",\"item\":\"https:\/\/tetraboost.nl\/winkel\/\"},{\"@type\":\"ListItem\",\"position\":3,\"name\":\"TetraBOOST E-Guard 15 (6 x 945ml)\"}]},{\"@type\":\"WebSite\",\"@id\":\"https:\/\/tetraboost.nl\/de\/#website\",\"url\":\"https:\/\/tetraboost.nl\/de\/\",\"name\":\"TetraBOOST\",\"description\":\"\",\"potentialAction\":[{\"@type\":\"SearchAction\",\"target\":{\"@type\":\"EntryPoint\",\"urlTemplate\":\"https:\/\/tetraboost.nl\/de\/?s={search_term_string}\"},\"query-input\":{\"@type\":\"PropertyValueSpecification\",\"valueRequired\":true,\"valueName\":\"search_term_string\"}}],\"inLanguage\":\"de\"}]}<\/script>\n<!-- \/ Yoast SEO plugin. -->","yoast_head_json":{"title":"TetraBOOST E-Guard 15 (6 x 945ml) - TetraBOOST","robots":{"index":"index","follow":"follow","max-snippet":"max-snippet:-1","max-image-preview":"max-image-preview:large","max-video-preview":"max-video-preview:-1"},"canonical":"https:\/\/tetraboost.nl\/de\/produkt\/tetraboost-e-guard-15-6-x-945ml\/","og_locale":"de_DE","og_type":"article","og_title":"TetraBOOST E-Guard 15 (6 x 945ml) - TetraBOOST","og_description":"TetraBOOST E-Guard. Der Zusatz zum Schutz vor Ethanol in E5- und E10-Benzin \u2013 F\u00fcgt echtes Blei hinzu.","og_url":"https:\/\/tetraboost.nl\/de\/produkt\/tetraboost-e-guard-15-6-x-945ml\/","og_site_name":"TetraBOOST","article_modified_time":"2025-01-28T14:34:27+00:00","og_image":[{"width":408,"height":408,"url":"https:\/\/i0.wp.com\/tetraboost.nl\/wp-content\/uploads\/2024\/12\/6-cans.png?fit=408%2C408&ssl=1","type":"image\/png"}],"twitter_card":"summary_large_image","twitter_misc":{"Gesch\u00e4tzte Lesezeit":"1\u00a0Minute"},"schema":{"@context":"https:\/\/schema.org","@graph":[{"@type":"WebPage","@id":"https:\/\/tetraboost.nl\/de\/produkt\/tetraboost-e-guard-15-6-x-945ml\/","url":"https:\/\/tetraboost.nl\/de\/produkt\/tetraboost-e-guard-15-6-x-945ml\/","name":"TetraBOOST E-Guard 15 (6 x 945ml) - TetraBOOST","isPartOf":{"@id":"https:\/\/tetraboost.nl\/de\/#website"},"primaryImageOfPage":{"@id":"https:\/\/tetraboost.nl\/de\/produkt\/tetraboost-e-guard-15-6-x-945ml\/#primaryimage"},"image":{"@id":"https:\/\/tetraboost.nl\/de\/produkt\/tetraboost-e-guard-15-6-x-945ml\/#primaryimage"},"thumbnailUrl":"https:\/\/i0.wp.com\/tetraboost.nl\/wp-content\/uploads\/2024\/12\/6-cans.png?fit=408%2C408&ssl=1","datePublished":"2024-12-04T10:13:25+00:00","dateModified":"2025-01-28T14:34:27+00:00","breadcrumb":{"@id":"https:\/\/tetraboost.nl\/de\/produkt\/tetraboost-e-guard-15-6-x-945ml\/#breadcrumb"},"inLanguage":"de","potentialAction":[{"@type":"ReadAction","target":["https:\/\/tetraboost.nl\/de\/produkt\/tetraboost-e-guard-15-6-x-945ml\/"]}]},{"@type":"ImageObject","inLanguage":"de","@id":"https:\/\/tetraboost.nl\/de\/produkt\/tetraboost-e-guard-15-6-x-945ml\/#primaryimage","url":"https:\/\/i0.wp.com\/tetraboost.nl\/wp-content\/uploads\/2024\/12\/6-cans.png?fit=408%2C408&ssl=1","contentUrl":"https:\/\/i0.wp.com\/tetraboost.nl\/wp-content\/uploads\/2024\/12\/6-cans.png?fit=408%2C408&ssl=1","width":408,"height":408},{"@type":"BreadcrumbList","@id":"https:\/\/tetraboost.nl\/de\/produkt\/tetraboost-e-guard-15-6-x-945ml\/#breadcrumb","itemListElement":[{"@type":"ListItem","position":1,"name":"Home","item":"https:\/\/tetraboost.nl\/de\/"},{"@type":"ListItem","position":2,"name":"Shop","item":"https:\/\/tetraboost.nl\/winkel\/"},{"@type":"ListItem","position":3,"name":"TetraBOOST E-Guard 15 (6 x 945ml)"}]},{"@type":"WebSite","@id":"https:\/\/tetraboost.nl\/de\/#website","url":"https:\/\/tetraboost.nl\/de\/","name":"TetraBOOST","description":"","potentialAction":[{"@type":"SearchAction","target":{"@type":"EntryPoint","urlTemplate":"https:\/\/tetraboost.nl\/de\/?s={search_term_string}"},"query-input":{"@type":"PropertyValueSpecification","valueRequired":true,"valueName":"search_term_string"}}],"inLanguage":"de"}]}},"jetpack_sharing_enabled":true,"_links":{"self":[{"href":"https:\/\/tetraboost.nl\/de\/wp-json\/wp\/v2\/product\/18058","targetHints":{"allow":["GET"]}}],"collection":[{"href":"https:\/\/tetraboost.nl\/de\/wp-json\/wp\/v2\/product"}],"about":[{"href":"https:\/\/tetraboost.nl\/de\/wp-json\/wp\/v2\/types\/product"}],"wp:featuredmedia":[{"embeddable":true,"href":"https:\/\/tetraboost.nl\/de\/wp-json\/wp\/v2\/media\/17916"}],"wp:attachment":[{"href":"https:\/\/tetraboost.nl\/de\/wp-json\/wp\/v2\/media?parent=18058"}],"wp:term":[{"taxonomy":"product_brand","embeddable":true,"href":"https:\/\/tetraboost.nl\/de\/wp-json\/wp\/v2\/product_brand?post=18058"},{"taxonomy":"product_cat","embeddable":true,"href":"https:\/\/tetraboost.nl\/de\/wp-json\/wp\/v2\/product_cat?post=18058"},{"taxonomy":"product_tag","embeddable":true,"href":"https:\/\/tetraboost.nl\/de\/wp-json\/wp\/v2\/product_tag?post=18058"}],"curies":[{"name":"wp","href":"https:\/\/api.w.org\/{rel}","templated":true}]}}