{"id":18608,"date":"2025-01-21T10:19:09","date_gmt":"2025-01-21T10:19:09","guid":{"rendered":"https:\/\/tetraboost.nl\/?page_id=18608"},"modified":"2025-01-28T14:25:18","modified_gmt":"2025-01-28T14:25:18","slug":"ueber-uns-2","status":"publish","type":"page","link":"https:\/\/tetraboost.nl\/de\/ueber-uns-2\/","title":{"rendered":"\u00dcber uns"},"content":{"rendered":"<p>[et_pb_section fb_built=&#8220;1&#8243; _builder_version=&#8220;4.27.3&#8243; _module_preset=&#8220;default&#8220; use_background_color_gradient=&#8220;on&#8220; background_color_gradient_stops=&#8220;rgba(43,135,218,0) 0%|#002f4d 100%&#8220; background_color_gradient_overlays_image=&#8220;on&#8220; background_image=&#8220;https:\/\/tetraboost-nieuw.mystagingwebsite.com\/wp-content\/uploads\/2024\/12\/picture-2600.jpeg&#8220; min_height_tablet=&#8220;auto&#8220; min_height_phone=&#8220;auto&#8220; min_height_last_edited=&#8220;off|desktop&#8220; global_colors_info=&#8220;{}&#8220;][et_pb_row _builder_version=&#8220;4.27.3&#8243; _module_preset=&#8220;default&#8220; positioning=&#8220;none&#8220; position_origin_a=&#8220;bottom_center&#8220; vertical_offset=&#8220;15vh&#8220; position_origin_a_tablet=&#8220;bottom_center&#8220; position_origin_a_phone=&#8220;bottom_center&#8220; position_origin_a_last_edited=&#8220;off|desktop&#8220; position_origin_f_last_edited=&#8220;off|desktop&#8220; position_origin_r_last_edited=&#8220;off|desktop&#8220; custom_margin=&#8220;0px||0px||true|false&#8220; custom_padding=&#8220;0px||0px||true|false&#8220; positioning_tablet=&#8220;none&#8220; positioning_phone=&#8220;none&#8220; positioning_last_edited=&#8220;off|desktop&#8220; global_colors_info=&#8220;{}&#8220;][et_pb_column type=&#8220;4_4&#8243; _builder_version=&#8220;4.20.4&#8243; _module_preset=&#8220;default&#8220; global_colors_info=&#8220;{}&#8220;][et_pb_text _builder_version=&#8220;4.27.3&#8243; _dynamic_attributes=&#8220;content&#8220; text_font=&#8220;|600|||||||&#8220; text_text_color=&#8220;#FFFFFF&#8220; text_font_size=&#8220;18px&#8220; header_font=&#8220;&#8211;et_global_heading_font|900|||||||&#8220; header_text_align=&#8220;center&#8220; header_text_color=&#8220;#FFFFFF&#8220; header_font_size=&#8220;46px&#8220; header_line_height=&#8220;1.3em&#8220; header_2_text_color=&#8220;#FFFFFF&#8220; text_font_size_tablet=&#8220;18px&#8220; text_font_size_phone=&#8220;16px&#8220; text_font_size_last_edited=&#8220;on|phone&#8220; header_font_size_tablet=&#8220;38px&#8220; header_font_size_phone=&#8220;30px&#8220; header_font_size_last_edited=&#8220;on|tablet&#8220; locked=&#8220;off&#8220; global_colors_info=&#8220;{}&#8220;]@ET-DC@eyJkeW5hbWljIjp0cnVlLCJjb250ZW50IjoicG9zdF90aXRsZSIsInNldHRpbmdzIjp7ImJlZm9yZSI6IjxoMT4iLCJhZnRlciI6IjxcL2gxPiJ9fQ==@[\/et_pb_text][\/et_pb_column][\/et_pb_row][\/et_pb_section][et_pb_section fb_built=&#8220;1&#8243; _builder_version=&#8220;4.27.3&#8243; background_color=&#8220;#EFEFEF&#8220; custom_margin=&#8220;||||false|false&#8220; custom_padding=&#8220;50px||50px||true|false&#8220; global_colors_info=&#8220;{}&#8220;][et_pb_row _builder_version=&#8220;4.27.3&#8243; _module_preset=&#8220;default&#8220; custom_margin=&#8220;0px||0px||true|false&#8220; custom_padding=&#8220;0px||0px||true|false&#8220; global_colors_info=&#8220;{}&#8220;][et_pb_column type=&#8220;4_4&#8243; _builder_version=&#8220;4.27.3&#8243; _module_preset=&#8220;default&#8220; global_colors_info=&#8220;{}&#8220;][et_pb_text _builder_version=&#8220;4.27.4&#8243; text_font=&#8220;||||||||&#8220; text_text_color=&#8220;#001B2C&#8220; header_font=&#8220;&#8211;et_global_heading_font|900|||||||&#8220; header_font_size=&#8220;46px&#8220; header_line_height=&#8220;1.3em&#8220; header_2_font=&#8220;|800|||||||&#8220; header_2_text_color=&#8220;#001B2C&#8220; header_2_font_size=&#8220;37px&#8220; hover_enabled=&#8220;0&#8243; text_font_size_tablet=&#8220;18px&#8220; text_font_size_phone=&#8220;16px&#8220; text_font_size_last_edited=&#8220;on|phone&#8220; header_font_size_tablet=&#8220;38px&#8220; header_font_size_phone=&#8220;30px&#8220; header_font_size_last_edited=&#8220;on|tablet&#8220; header_2_font_size_tablet=&#8220;30px&#8220; header_2_font_size_phone=&#8220;25px&#8220; header_2_font_size_last_edited=&#8220;on|tablet&#8220; locked=&#8220;off&#8220; global_colors_info=&#8220;{}&#8220; sticky_enabled=&#8220;0&#8243;]<\/p>\n<p><strong>Classicpartsshop ist ein Familienunternehmen und offizieller Vertriebspartner von TetraBOOST. Wir versenden europaweit. <\/strong><\/p>\n<p>Oldtimer sind unsere Leidenschaft. Wir sind fasziniert von den Menschen, Geschichten und Abenteuern, die mit dem Auto verbunden sind. Von der Entstehung eines Autos, dem Design, den Siegen im Motorsport oder auch besonders davon, welche Rolle das Auto innerhalb einer Familie gespielt hat. Wir betrachten es als unsere Mission, zur Erhaltung dieser Fahrzeuge auf der Stra\u00dfe beizutragen, und dazu, der Geschichte neue Kapitel hinzuzuf\u00fcgen.   <\/p>\n<p>Wir engagieren uns aktiv im Oldtimer-Rennsport und sind regelm\u00e4\u00dfig auf internationalen Veranstaltungen vertreten. Doch vor allem sind wir Fans und fahren unsere Autos so oft wie m\u00f6glich. <\/p>\n<p>[\/et_pb_text][\/et_pb_column][\/et_pb_row][et_pb_row column_structure=&#8220;1_3,1_3,1_3&#8243; module_class=&#8220;gallerij&#8220; _builder_version=&#8220;4.27.3&#8243; _module_preset=&#8220;default&#8220; custom_margin=&#8220;50px||||false|false&#8220; custom_padding=&#8220;0px||0px||true|false&#8220; global_colors_info=&#8220;{}&#8220;][et_pb_column type=&#8220;1_3&#8243; _builder_version=&#8220;4.27.3&#8243; _module_preset=&#8220;default&#8220; global_colors_info=&#8220;{}&#8220;][et_pb_image src=&#8220;https:\/\/tetraboost-nieuw.mystagingwebsite.com\/wp-content\/uploads\/2023\/12\/Citroen-SM-IJsselland-rally-2017-3-scaled-1.jpg&#8220; title_text=&#8220;Citroen-SM-IJsselland-rally-2017-3&#8243; align=&#8220;center&#8220; force_fullwidth=&#8220;on&#8220; _builder_version=&#8220;4.27.3&#8243; _module_preset=&#8220;default&#8220; border_radii=&#8220;on|6px|6px|6px|6px&#8220; global_colors_info=&#8220;{}&#8220;][\/et_pb_image][\/et_pb_column][et_pb_column type=&#8220;1_3&#8243; _builder_version=&#8220;4.27.3&#8243; _module_preset=&#8220;default&#8220; global_colors_info=&#8220;{}&#8220;][et_pb_image src=&#8220;https:\/\/tetraboost-nieuw.mystagingwebsite.com\/wp-content\/uploads\/2023\/12\/3562-scaled-1.jpg&#8220; title_text=&#8220;3562&#8243; align=&#8220;center&#8220; force_fullwidth=&#8220;on&#8220; _builder_version=&#8220;4.27.3&#8243; _module_preset=&#8220;default&#8220; border_radii=&#8220;on|6px|6px|6px|6px&#8220; global_colors_info=&#8220;{}&#8220;][\/et_pb_image][\/et_pb_column][et_pb_column type=&#8220;1_3&#8243; _builder_version=&#8220;4.27.3&#8243; _module_preset=&#8220;default&#8220; global_colors_info=&#8220;{}&#8220;][et_pb_image src=&#8220;https:\/\/tetraboost-nieuw.mystagingwebsite.com\/wp-content\/uploads\/2023\/12\/DS19-finish-MM-15-2.jpg&#8220; title_text=&#8220;DS19-finish-MM-15-2&#8243; align=&#8220;center&#8220; force_fullwidth=&#8220;on&#8220; _builder_version=&#8220;4.27.3&#8243; _module_preset=&#8220;default&#8220; border_radii=&#8220;on|6px|6px|6px|6px&#8220; global_colors_info=&#8220;{}&#8220;][\/et_pb_image][\/et_pb_column][\/et_pb_row][\/et_pb_section]<\/p>\n","protected":false},"excerpt":{"rendered":"<p>Classicpartsshop ist ein Familienunternehmen und offizieller Vertriebspartner von TetraBOOST. Wir versenden europaweit. Oldtimer sind unsere Leidenschaft. Wir sind fasziniert von den Menschen, Geschichten und Abenteuern, die mit dem Auto verbunden sind. Von der Entstehung eines Autos, dem Design, den Siegen im Motorsport oder auch besonders davon, welche Rolle das Auto innerhalb einer Familie gespielt hat. [&hellip;]<\/p>\n","protected":false},"author":6,"featured_media":0,"parent":0,"menu_order":0,"comment_status":"closed","ping_status":"closed","template":"","meta":{"_et_pb_use_builder":"on","_et_pb_old_content":"","_et_gb_content_width":"","footnotes":""},"class_list":["post-18608","page","type-page","status-publish","hentry"],"yoast_head":"<!-- This site is optimized with the Yoast SEO plugin v27.4 - https:\/\/yoast.com\/product\/yoast-seo-wordpress\/ -->\n<title>TetraBOOST<\/title>\n<meta name=\"robots\" content=\"index, follow, max-snippet:-1, max-image-preview:large, max-video-preview:-1\" \/>\n<link rel=\"canonical\" href=\"https:\/\/tetraboost.nl\/de\/ueber-uns-2\/\" \/>\n<meta property=\"og:locale\" content=\"de_DE\" \/>\n<meta property=\"og:type\" content=\"article\" \/>\n<meta property=\"og:title\" content=\"TetraBOOST\" \/>\n<meta property=\"og:description\" content=\"Classicpartsshop ist ein Familienunternehmen und offizieller Vertriebspartner von TetraBOOST. Wir versenden europaweit. Oldtimer sind unsere Leidenschaft. Wir sind fasziniert von den Menschen, Geschichten und Abenteuern, die mit dem Auto verbunden sind. Von der Entstehung eines Autos, dem Design, den Siegen im Motorsport oder auch besonders davon, welche Rolle das Auto innerhalb einer Familie gespielt hat. [&hellip;]\" \/>\n<meta property=\"og:url\" content=\"https:\/\/tetraboost.nl\/de\/ueber-uns-2\/\" \/>\n<meta property=\"og:site_name\" content=\"TetraBOOST\" \/>\n<meta property=\"article:modified_time\" content=\"2025-01-28T14:25:18+00:00\" \/>\n<meta name=\"twitter:card\" content=\"summary_large_image\" \/>\n<meta name=\"twitter:label1\" content=\"Gesch\u00e4tzte Lesezeit\" \/>\n\t<meta name=\"twitter:data1\" content=\"4\u00a0Minuten\" \/>\n<script type=\"application\/ld+json\" class=\"yoast-schema-graph\">{\"@context\":\"https:\\\/\\\/schema.org\",\"@graph\":[{\"@type\":\"WebPage\",\"@id\":\"https:\\\/\\\/tetraboost.nl\\\/de\\\/ueber-uns-2\\\/\",\"url\":\"https:\\\/\\\/tetraboost.nl\\\/de\\\/ueber-uns-2\\\/\",\"name\":\"TetraBOOST\",\"isPartOf\":{\"@id\":\"https:\\\/\\\/tetraboost.nl\\\/de\\\/#website\"},\"datePublished\":\"2025-01-21T10:19:09+00:00\",\"dateModified\":\"2025-01-28T14:25:18+00:00\",\"breadcrumb\":{\"@id\":\"https:\\\/\\\/tetraboost.nl\\\/de\\\/ueber-uns-2\\\/#breadcrumb\"},\"inLanguage\":\"de\",\"potentialAction\":[{\"@type\":\"ReadAction\",\"target\":[\"https:\\\/\\\/tetraboost.nl\\\/de\\\/ueber-uns-2\\\/\"]}]},{\"@type\":\"BreadcrumbList\",\"@id\":\"https:\\\/\\\/tetraboost.nl\\\/de\\\/ueber-uns-2\\\/#breadcrumb\",\"itemListElement\":[{\"@type\":\"ListItem\",\"position\":1,\"name\":\"Home\",\"item\":\"https:\\\/\\\/tetraboost.nl\\\/de\\\/\"},{\"@type\":\"ListItem\",\"position\":2,\"name\":\"\u00dcber uns\"}]},{\"@type\":\"WebSite\",\"@id\":\"https:\\\/\\\/tetraboost.nl\\\/de\\\/#website\",\"url\":\"https:\\\/\\\/tetraboost.nl\\\/de\\\/\",\"name\":\"TetraBOOST\",\"description\":\"\",\"potentialAction\":[{\"@type\":\"SearchAction\",\"target\":{\"@type\":\"EntryPoint\",\"urlTemplate\":\"https:\\\/\\\/tetraboost.nl\\\/de\\\/?s={search_term_string}\"},\"query-input\":{\"@type\":\"PropertyValueSpecification\",\"valueRequired\":true,\"valueName\":\"search_term_string\"}}],\"inLanguage\":\"de\"}]}<\/script>\n<!-- \/ Yoast SEO plugin. -->","yoast_head_json":{"title":"TetraBOOST","robots":{"index":"index","follow":"follow","max-snippet":"max-snippet:-1","max-image-preview":"max-image-preview:large","max-video-preview":"max-video-preview:-1"},"canonical":"https:\/\/tetraboost.nl\/de\/ueber-uns-2\/","og_locale":"de_DE","og_type":"article","og_title":"TetraBOOST","og_description":"Classicpartsshop ist ein Familienunternehmen und offizieller Vertriebspartner von TetraBOOST. Wir versenden europaweit. Oldtimer sind unsere Leidenschaft. Wir sind fasziniert von den Menschen, Geschichten und Abenteuern, die mit dem Auto verbunden sind. Von der Entstehung eines Autos, dem Design, den Siegen im Motorsport oder auch besonders davon, welche Rolle das Auto innerhalb einer Familie gespielt hat. [&hellip;]","og_url":"https:\/\/tetraboost.nl\/de\/ueber-uns-2\/","og_site_name":"TetraBOOST","article_modified_time":"2025-01-28T14:25:18+00:00","twitter_card":"summary_large_image","twitter_misc":{"Gesch\u00e4tzte Lesezeit":"4\u00a0Minuten"},"schema":{"@context":"https:\/\/schema.org","@graph":[{"@type":"WebPage","@id":"https:\/\/tetraboost.nl\/de\/ueber-uns-2\/","url":"https:\/\/tetraboost.nl\/de\/ueber-uns-2\/","name":"TetraBOOST","isPartOf":{"@id":"https:\/\/tetraboost.nl\/de\/#website"},"datePublished":"2025-01-21T10:19:09+00:00","dateModified":"2025-01-28T14:25:18+00:00","breadcrumb":{"@id":"https:\/\/tetraboost.nl\/de\/ueber-uns-2\/#breadcrumb"},"inLanguage":"de","potentialAction":[{"@type":"ReadAction","target":["https:\/\/tetraboost.nl\/de\/ueber-uns-2\/"]}]},{"@type":"BreadcrumbList","@id":"https:\/\/tetraboost.nl\/de\/ueber-uns-2\/#breadcrumb","itemListElement":[{"@type":"ListItem","position":1,"name":"Home","item":"https:\/\/tetraboost.nl\/de\/"},{"@type":"ListItem","position":2,"name":"\u00dcber uns"}]},{"@type":"WebSite","@id":"https:\/\/tetraboost.nl\/de\/#website","url":"https:\/\/tetraboost.nl\/de\/","name":"TetraBOOST","description":"","potentialAction":[{"@type":"SearchAction","target":{"@type":"EntryPoint","urlTemplate":"https:\/\/tetraboost.nl\/de\/?s={search_term_string}"},"query-input":{"@type":"PropertyValueSpecification","valueRequired":true,"valueName":"search_term_string"}}],"inLanguage":"de"}]}},"jetpack_sharing_enabled":true,"_links":{"self":[{"href":"https:\/\/tetraboost.nl\/de\/wp-json\/wp\/v2\/pages\/18608","targetHints":{"allow":["GET"]}}],"collection":[{"href":"https:\/\/tetraboost.nl\/de\/wp-json\/wp\/v2\/pages"}],"about":[{"href":"https:\/\/tetraboost.nl\/de\/wp-json\/wp\/v2\/types\/page"}],"author":[{"embeddable":true,"href":"https:\/\/tetraboost.nl\/de\/wp-json\/wp\/v2\/users\/6"}],"replies":[{"embeddable":true,"href":"https:\/\/tetraboost.nl\/de\/wp-json\/wp\/v2\/comments?post=18608"}],"version-history":[{"count":6,"href":"https:\/\/tetraboost.nl\/de\/wp-json\/wp\/v2\/pages\/18608\/revisions"}],"predecessor-version":[{"id":19018,"href":"https:\/\/tetraboost.nl\/de\/wp-json\/wp\/v2\/pages\/18608\/revisions\/19018"}],"wp:attachment":[{"href":"https:\/\/tetraboost.nl\/de\/wp-json\/wp\/v2\/media?parent=18608"}],"curies":[{"name":"wp","href":"https:\/\/api.w.org\/{rel}","templated":true}]}}