{"id":18048,"date":"2024-12-05T11:24:51","date_gmt":"2024-12-05T11:24:51","guid":{"rendered":"https:\/\/tetraboost-nieuw.mystagingwebsite.com\/datenschutzerklaerung\/"},"modified":"2025-01-21T14:15:54","modified_gmt":"2025-01-21T14:15:54","slug":"datenschutzerklaerung","status":"publish","type":"page","link":"https:\/\/tetraboost.nl\/de\/datenschutzerklaerung\/","title":{"rendered":"Datenschutzerkl\u00e4rung"},"content":{"rendered":"<p>[et_pb_section fb_built=&#8220;1&#8243; _builder_version=&#8220;4.27.3&#8243; _module_preset=&#8220;default&#8220; use_background_color_gradient=&#8220;on&#8220; background_color_gradient_stops=&#8220;rgba(43,135,218,0) 0%|#002f4d 100%&#8220; background_color_gradient_overlays_image=&#8220;on&#8220; background_image=&#8220;https:\/\/tetraboost-nieuw.mystagingwebsite.com\/wp-content\/uploads\/2024\/12\/picture-2600.jpeg&#8220; min_height_tablet=&#8220;auto&#8220; min_height_phone=&#8220;auto&#8220; min_height_last_edited=&#8220;off|desktop&#8220; global_colors_info=&#8220;{}&#8220;][et_pb_row _builder_version=&#8220;4.27.3&#8243; _module_preset=&#8220;default&#8220; positioning=&#8220;none&#8220; position_origin_a=&#8220;bottom_center&#8220; vertical_offset=&#8220;15vh&#8220; position_origin_a_tablet=&#8220;bottom_center&#8220; position_origin_a_phone=&#8220;bottom_center&#8220; position_origin_a_last_edited=&#8220;off|desktop&#8220; position_origin_f_last_edited=&#8220;off|desktop&#8220; position_origin_r_last_edited=&#8220;off|desktop&#8220; custom_margin=&#8220;0px||0px||true|false&#8220; custom_padding=&#8220;0px||0px||true|false&#8220; positioning_tablet=&#8220;none&#8220; positioning_phone=&#8220;none&#8220; positioning_last_edited=&#8220;off|desktop&#8220; global_colors_info=&#8220;{}&#8220;][et_pb_column type=&#8220;4_4&#8243; _builder_version=&#8220;4.20.4&#8243; _module_preset=&#8220;default&#8220; global_colors_info=&#8220;{}&#8220;][et_pb_text _builder_version=&#8220;4.27.3&#8243; _dynamic_attributes=&#8220;content&#8220; text_font=&#8220;|600|||||||&#8220; text_text_color=&#8220;#FFFFFF&#8220; text_font_size=&#8220;18px&#8220; header_font=&#8220;&#8211;et_global_heading_font|900|||||||&#8220; header_text_align=&#8220;center&#8220; header_text_color=&#8220;#FFFFFF&#8220; header_font_size=&#8220;46px&#8220; header_line_height=&#8220;1.3em&#8220; header_2_text_color=&#8220;#FFFFFF&#8220; text_font_size_tablet=&#8220;18px&#8220; text_font_size_phone=&#8220;16px&#8220; text_font_size_last_edited=&#8220;on|phone&#8220; header_font_size_tablet=&#8220;38px&#8220; header_font_size_phone=&#8220;30px&#8220; header_font_size_last_edited=&#8220;on|tablet&#8220; locked=&#8220;off&#8220; global_colors_info=&#8220;{}&#8220;]@ET-DC@eyJkeW5hbWljIjp0cnVlLCJjb250ZW50IjoicG9zdF90aXRsZSIsInNldHRpbmdzIjp7ImJlZm9yZSI6IjxoMT4iLCJhZnRlciI6IjxcL2gxPiJ9fQ==@[\/et_pb_text][\/et_pb_column][\/et_pb_row][\/et_pb_section][et_pb_section fb_built=&#8220;1&#8243; _builder_version=&#8220;4.27.3&#8243; background_color=&#8220;#EFEFEF&#8220; custom_margin=&#8220;||||false|false&#8220; custom_padding=&#8220;50px||50px||true|false&#8220; global_colors_info=&#8220;{}&#8220;][et_pb_row _builder_version=&#8220;4.27.3&#8243; _module_preset=&#8220;default&#8220; custom_margin=&#8220;0px||0px||true|false&#8220; custom_padding=&#8220;0px||0px||true|false&#8220; global_colors_info=&#8220;{}&#8220;][et_pb_column type=&#8220;4_4&#8243; _builder_version=&#8220;4.27.3&#8243; _module_preset=&#8220;default&#8220; global_colors_info=&#8220;{}&#8220;][et_pb_text _builder_version=&#8220;4.27.4&#8243; text_font=&#8220;||||||||&#8220; text_text_color=&#8220;#001B2C&#8220; header_font=&#8220;&#8211;et_global_heading_font|900|||||||&#8220; header_font_size=&#8220;46px&#8220; header_line_height=&#8220;1.3em&#8220; header_2_font=&#8220;|800|||||||&#8220; header_2_text_color=&#8220;#001B2C&#8220; header_2_font_size=&#8220;37px&#8220; hover_enabled=&#8220;0&#8243; text_font_size_tablet=&#8220;18px&#8220; text_font_size_phone=&#8220;16px&#8220; text_font_size_last_edited=&#8220;on|phone&#8220; header_font_size_tablet=&#8220;38px&#8220; header_font_size_phone=&#8220;30px&#8220; header_font_size_last_edited=&#8220;on|tablet&#8220; header_2_font_size_tablet=&#8220;30px&#8220; header_2_font_size_phone=&#8220;25px&#8220; header_2_font_size_last_edited=&#8220;on|tablet&#8220; locked=&#8220;off&#8220; global_colors_info=&#8220;{}&#8220; sticky_enabled=&#8220;0&#8243;]<\/p>\n<p>Diese Datenschutzerkl\u00e4rung beschreibt, wie wir, TetraBOOST.eu, personenbezogene Daten in \u00dcbereinstimmung mit der Europ\u00e4ischen Datenschutz-Grundverordnung (DSGVO) erheben, verwenden, offenlegen und verwalten.<\/p>\n<h2>1. Datenschutzverantwortlicher<\/h2>\n<p><em>TetraBOOST.eu, teil von Classicpartsshop<\/em><br \/><em>Bedrijfsweg 72<\/em><br \/><em>8304 AA Emmeloord<\/em><br \/><em>Nederland<\/em><\/p>\n<h2>2. Erhobene personenbezogene Daten<\/h2>\n<p>Wir erheben personenbezogene Daten, die zur Abwicklung von Bestellungen, zur Kundenbetreuung und zur Erf\u00fcllung gesetzlicher Verpflichtungen erforderlich sind. Die erhobenen personenbezogenen Daten k\u00f6nnen umfassen, sind aber nicht beschr\u00e4nkt auf: <\/p>\n<ul>\n<li>Name, Adresse und Kontaktdaten (wie E-Mail-Adresse, Telefonnummer)<\/li>\n<li>Zahlungsinformationen (wie Kreditkarteninformationen, Bankkontonummer)<\/li>\n<li>Bestellhistorie und -pr\u00e4ferenzen<\/li>\n<li>IP-Adresse und andere technische Daten, die durch Cookies und \u00e4hnliche Technologien erfasst werden<\/li>\n<\/ul>\n<h2>3. Zwecke der Datenverarbeitung:<\/h2>\n<p>Wir verarbeiten personenbezogene Daten zum Erreichen folgender Zwecke:<\/p>\n<ul>\n<li>Bearbeitung von Bestellungen und Lieferung von Produkten und Dienstleistungen<\/li>\n<li>Bereitstellung von Kundenservice und Beantwortung von Fragen<\/li>\n<li>Verbesserung unserer Website, Produkte und Dienstleistungen<\/li>\n<li>Durchf\u00fchrung von Marktforschung und Analyse von Trends<\/li>\n<li>Einhaltung gesetzlicher Verpflichtungen<\/li>\n<\/ul>\n<h2>4. Rechtsgrundlage f\u00fcr die Datenverarbeitung<\/h2>\n<p>Die Rechtsgrundlage f\u00fcr die Verarbeitung personenbezogener Daten basiert auf der Notwendigkeit der Vertragserf\u00fcllung (z. B. Abwicklung einer Bestellung) und dem berechtigten Interesse an der Verbesserung unserer Produkte und Dienstleistungen. In einigen F\u00e4llen k\u00f6nnen wir Sie um Ihre Zustimmung zu bestimmten Verarbeitungsvorg\u00e4ngen bitten. <\/p>\n<h2>5. Datenspeicherung und -sicherheit<\/h2>\n<p>Personenbezogene Daten werden von uns so lange gespeichert, wie es zur Erf\u00fcllung der Zwecke, f\u00fcr die sie erhoben wurden, erforderlich ist, au\u00dfer wenn eine l\u00e4ngere Aufbewahrungsfrist gesetzlich vorgeschrieben oder zul\u00e4ssig ist. Wir ergreifen angemessene technische und organisatorische Ma\u00dfnahmen, um personenbezogene Daten gegen unbefugten Zugriff, Offenlegung, \u00c4nderung oder Zerst\u00f6rung zu sch\u00fctzen. <\/p>\n<h2>6. Weitergabe und Offenlegung von Daten<\/h2>\n<p>Wir \u00fcbermitteln personenbezogene Daten nur dann an Dritte, wenn dies f\u00fcr die Auftragsabwicklung erforderlich ist, z. B. an Versandpartner und Zahlungsdienstleister. Wir k\u00f6nnen personenbezogene Daten auch mit \u00f6ffentlichen Beh\u00f6rden teilen, wenn dies gesetzlich vorgeschrieben ist. Ihre pers\u00f6nlichen Daten werden von uns nicht an Dritte zu Marketingzwecken verkauft oder vermietet.  <\/p>\n<h2>7. Ihr Recht hinsichtlich des Datenschutzes<\/h2>\n<p>Sie haben das Recht, Auskunft, Berichtigung oder L\u00f6schung Ihrer personenbezogenen Daten zu verlangen. Sie haben auch das Recht, bestimmten Verarbeitungen zu widersprechen oder Ihre Einwilligung gegebenenfalls zu widerrufen. Bitte kontaktieren Sie uns unter den unten angegebenen Kontaktdaten, um Ihre Rechte auszu\u00fcben.  <\/p>\n<h2>8. \u00c4nderungen der Datenschutzerkl\u00e4rung<\/h2>\n<p>Diese Datenschutzerkl\u00e4rung kann von Zeit zu Zeit aktualisiert werden. Die aktuellste Version ist auf unserer Website einzusehen. Wir empfehlen Ihnen, unsere Datenschutzerkl\u00e4rung regelm\u00e4\u00dfig zu lesen.  <\/p>\n<p>Wenn Sie Fragen, Anmerkungen oder W\u00fcnsche zum Datenschutz haben, kontaktieren Sie uns bitte unter <a href=\"mailto:info@tetraboost.nl\">info@tetraboost.nl<\/a>.<\/p>\n<p><em>Zuletzt aktualisiert am 15. Januar 2025<\/em><\/p>\n<p>[\/et_pb_text][\/et_pb_column][\/et_pb_row][\/et_pb_section]<\/p>\n","protected":false},"excerpt":{"rendered":"<p>Diese Datenschutzerkl\u00e4rung beschreibt, wie wir, TetraBOOST.eu, personenbezogene Daten in \u00dcbereinstimmung mit der Europ\u00e4ischen Datenschutz-Grundverordnung (DSGVO) erheben, verwenden, offenlegen und verwalten. 1. Datenschutzverantwortlicher TetraBOOST.eu, teil von ClassicpartsshopBedrijfsweg 728304 AA EmmeloordNederland 2. Erhobene personenbezogene Daten Wir erheben personenbezogene Daten, die zur Abwicklung von Bestellungen, zur Kundenbetreuung und zur Erf\u00fcllung gesetzlicher Verpflichtungen erforderlich sind. Die erhobenen personenbezogenen Daten [&hellip;]<\/p>\n","protected":false},"author":6,"featured_media":0,"parent":0,"menu_order":0,"comment_status":"closed","ping_status":"closed","template":"","meta":{"_et_pb_use_builder":"on","_et_pb_old_content":"","_et_gb_content_width":"","footnotes":""},"class_list":["post-18048","page","type-page","status-publish","hentry"],"yoast_head":"<!-- This site is optimized with the Yoast SEO plugin v27.6 - https:\/\/yoast.com\/product\/yoast-seo-wordpress\/ -->\n<title>TetraBOOST<\/title>\n<meta name=\"robots\" content=\"index, follow, max-snippet:-1, max-image-preview:large, max-video-preview:-1\" \/>\n<link rel=\"canonical\" href=\"https:\/\/tetraboost.nl\/de\/datenschutzerklaerung\/\" \/>\n<meta property=\"og:locale\" content=\"de_DE\" \/>\n<meta property=\"og:type\" content=\"article\" \/>\n<meta property=\"og:title\" content=\"TetraBOOST\" \/>\n<meta property=\"og:description\" content=\"Diese Datenschutzerkl\u00e4rung beschreibt, wie wir, TetraBOOST.eu, personenbezogene Daten in \u00dcbereinstimmung mit der Europ\u00e4ischen Datenschutz-Grundverordnung (DSGVO) erheben, verwenden, offenlegen und verwalten. 1. Datenschutzverantwortlicher TetraBOOST.eu, teil von ClassicpartsshopBedrijfsweg 728304 AA EmmeloordNederland 2. Erhobene personenbezogene Daten Wir erheben personenbezogene Daten, die zur Abwicklung von Bestellungen, zur Kundenbetreuung und zur Erf\u00fcllung gesetzlicher Verpflichtungen erforderlich sind. Die erhobenen personenbezogenen Daten [&hellip;]\" \/>\n<meta property=\"og:url\" content=\"https:\/\/tetraboost.nl\/de\/datenschutzerklaerung\/\" \/>\n<meta property=\"og:site_name\" content=\"TetraBOOST\" \/>\n<meta property=\"article:modified_time\" content=\"2025-01-21T14:15:54+00:00\" \/>\n<meta name=\"twitter:card\" content=\"summary_large_image\" \/>\n<meta name=\"twitter:label1\" content=\"Gesch\u00e4tzte Lesezeit\" \/>\n\t<meta name=\"twitter:data1\" content=\"4\u00a0Minuten\" \/>\n<script type=\"application\/ld+json\" class=\"yoast-schema-graph\">{\"@context\":\"https:\\\/\\\/schema.org\",\"@graph\":[{\"@type\":\"WebPage\",\"@id\":\"https:\\\/\\\/tetraboost.nl\\\/de\\\/datenschutzerklaerung\\\/\",\"url\":\"https:\\\/\\\/tetraboost.nl\\\/de\\\/datenschutzerklaerung\\\/\",\"name\":\"TetraBOOST\",\"isPartOf\":{\"@id\":\"https:\\\/\\\/tetraboost.nl\\\/de\\\/#website\"},\"datePublished\":\"2024-12-05T11:24:51+00:00\",\"dateModified\":\"2025-01-21T14:15:54+00:00\",\"breadcrumb\":{\"@id\":\"https:\\\/\\\/tetraboost.nl\\\/de\\\/datenschutzerklaerung\\\/#breadcrumb\"},\"inLanguage\":\"de\",\"potentialAction\":[{\"@type\":\"ReadAction\",\"target\":[\"https:\\\/\\\/tetraboost.nl\\\/de\\\/datenschutzerklaerung\\\/\"]}]},{\"@type\":\"BreadcrumbList\",\"@id\":\"https:\\\/\\\/tetraboost.nl\\\/de\\\/datenschutzerklaerung\\\/#breadcrumb\",\"itemListElement\":[{\"@type\":\"ListItem\",\"position\":1,\"name\":\"Home\",\"item\":\"https:\\\/\\\/tetraboost.nl\\\/de\\\/\"},{\"@type\":\"ListItem\",\"position\":2,\"name\":\"Datenschutzerkl\u00e4rung\"}]},{\"@type\":\"WebSite\",\"@id\":\"https:\\\/\\\/tetraboost.nl\\\/de\\\/#website\",\"url\":\"https:\\\/\\\/tetraboost.nl\\\/de\\\/\",\"name\":\"TetraBOOST\",\"description\":\"\",\"potentialAction\":[{\"@type\":\"SearchAction\",\"target\":{\"@type\":\"EntryPoint\",\"urlTemplate\":\"https:\\\/\\\/tetraboost.nl\\\/de\\\/?s={search_term_string}\"},\"query-input\":{\"@type\":\"PropertyValueSpecification\",\"valueRequired\":true,\"valueName\":\"search_term_string\"}}],\"inLanguage\":\"de\"}]}<\/script>\n<!-- \/ Yoast SEO plugin. -->","yoast_head_json":{"title":"TetraBOOST","robots":{"index":"index","follow":"follow","max-snippet":"max-snippet:-1","max-image-preview":"max-image-preview:large","max-video-preview":"max-video-preview:-1"},"canonical":"https:\/\/tetraboost.nl\/de\/datenschutzerklaerung\/","og_locale":"de_DE","og_type":"article","og_title":"TetraBOOST","og_description":"Diese Datenschutzerkl\u00e4rung beschreibt, wie wir, TetraBOOST.eu, personenbezogene Daten in \u00dcbereinstimmung mit der Europ\u00e4ischen Datenschutz-Grundverordnung (DSGVO) erheben, verwenden, offenlegen und verwalten. 1. Datenschutzverantwortlicher TetraBOOST.eu, teil von ClassicpartsshopBedrijfsweg 728304 AA EmmeloordNederland 2. Erhobene personenbezogene Daten Wir erheben personenbezogene Daten, die zur Abwicklung von Bestellungen, zur Kundenbetreuung und zur Erf\u00fcllung gesetzlicher Verpflichtungen erforderlich sind. Die erhobenen personenbezogenen Daten [&hellip;]","og_url":"https:\/\/tetraboost.nl\/de\/datenschutzerklaerung\/","og_site_name":"TetraBOOST","article_modified_time":"2025-01-21T14:15:54+00:00","twitter_card":"summary_large_image","twitter_misc":{"Gesch\u00e4tzte Lesezeit":"4\u00a0Minuten"},"schema":{"@context":"https:\/\/schema.org","@graph":[{"@type":"WebPage","@id":"https:\/\/tetraboost.nl\/de\/datenschutzerklaerung\/","url":"https:\/\/tetraboost.nl\/de\/datenschutzerklaerung\/","name":"TetraBOOST","isPartOf":{"@id":"https:\/\/tetraboost.nl\/de\/#website"},"datePublished":"2024-12-05T11:24:51+00:00","dateModified":"2025-01-21T14:15:54+00:00","breadcrumb":{"@id":"https:\/\/tetraboost.nl\/de\/datenschutzerklaerung\/#breadcrumb"},"inLanguage":"de","potentialAction":[{"@type":"ReadAction","target":["https:\/\/tetraboost.nl\/de\/datenschutzerklaerung\/"]}]},{"@type":"BreadcrumbList","@id":"https:\/\/tetraboost.nl\/de\/datenschutzerklaerung\/#breadcrumb","itemListElement":[{"@type":"ListItem","position":1,"name":"Home","item":"https:\/\/tetraboost.nl\/de\/"},{"@type":"ListItem","position":2,"name":"Datenschutzerkl\u00e4rung"}]},{"@type":"WebSite","@id":"https:\/\/tetraboost.nl\/de\/#website","url":"https:\/\/tetraboost.nl\/de\/","name":"TetraBOOST","description":"","potentialAction":[{"@type":"SearchAction","target":{"@type":"EntryPoint","urlTemplate":"https:\/\/tetraboost.nl\/de\/?s={search_term_string}"},"query-input":{"@type":"PropertyValueSpecification","valueRequired":true,"valueName":"search_term_string"}}],"inLanguage":"de"}]}},"jetpack_sharing_enabled":true,"_links":{"self":[{"href":"https:\/\/tetraboost.nl\/de\/wp-json\/wp\/v2\/pages\/18048","targetHints":{"allow":["GET"]}}],"collection":[{"href":"https:\/\/tetraboost.nl\/de\/wp-json\/wp\/v2\/pages"}],"about":[{"href":"https:\/\/tetraboost.nl\/de\/wp-json\/wp\/v2\/types\/page"}],"author":[{"embeddable":true,"href":"https:\/\/tetraboost.nl\/de\/wp-json\/wp\/v2\/users\/6"}],"replies":[{"embeddable":true,"href":"https:\/\/tetraboost.nl\/de\/wp-json\/wp\/v2\/comments?post=18048"}],"version-history":[{"count":15,"href":"https:\/\/tetraboost.nl\/de\/wp-json\/wp\/v2\/pages\/18048\/revisions"}],"predecessor-version":[{"id":18748,"href":"https:\/\/tetraboost.nl\/de\/wp-json\/wp\/v2\/pages\/18048\/revisions\/18748"}],"wp:attachment":[{"href":"https:\/\/tetraboost.nl\/de\/wp-json\/wp\/v2\/media?parent=18048"}],"curies":[{"name":"wp","href":"https:\/\/api.w.org\/{rel}","templated":true}]}}