{"id":18021,"date":"2024-12-05T10:48:31","date_gmt":"2024-12-05T10:48:31","guid":{"rendered":"https:\/\/tetraboost-nieuw.mystagingwebsite.com\/das-produkt\/wettbewerb\/"},"modified":"2025-01-28T14:23:43","modified_gmt":"2025-01-28T14:23:43","slug":"wettbewerb","status":"publish","type":"page","link":"https:\/\/tetraboost.nl\/de\/das-produkt\/wettbewerb\/","title":{"rendered":"Motorsport"},"content":{"rendered":"<p>[et_pb_section fb_built=&#8220;1&#8243; _builder_version=&#8220;4.27.3&#8243; _module_preset=&#8220;default&#8220; use_background_color_gradient=&#8220;on&#8220; background_color_gradient_stops=&#8220;rgba(43,135,218,0) 0%|#002f4d 100%&#8220; background_color_gradient_overlays_image=&#8220;on&#8220; background_image=&#8220;https:\/\/tetraboost-nieuw.mystagingwebsite.com\/wp-content\/uploads\/2024\/12\/picture-2600.jpeg&#8220; min_height_tablet=&#8220;auto&#8220; min_height_phone=&#8220;auto&#8220; min_height_last_edited=&#8220;off|desktop&#8220; global_colors_info=&#8220;{}&#8220;][et_pb_row _builder_version=&#8220;4.27.3&#8243; _module_preset=&#8220;default&#8220; positioning=&#8220;none&#8220; position_origin_a=&#8220;bottom_center&#8220; vertical_offset=&#8220;15vh&#8220; position_origin_a_tablet=&#8220;bottom_center&#8220; position_origin_a_phone=&#8220;bottom_center&#8220; position_origin_a_last_edited=&#8220;off|desktop&#8220; position_origin_f_last_edited=&#8220;off|desktop&#8220; position_origin_r_last_edited=&#8220;off|desktop&#8220; custom_margin=&#8220;0px||0px||true|false&#8220; custom_padding=&#8220;0px||0px||true|false&#8220; positioning_tablet=&#8220;none&#8220; positioning_phone=&#8220;none&#8220; positioning_last_edited=&#8220;off|desktop&#8220; global_colors_info=&#8220;{}&#8220;][et_pb_column type=&#8220;4_4&#8243; _builder_version=&#8220;4.20.4&#8243; _module_preset=&#8220;default&#8220; global_colors_info=&#8220;{}&#8220;][et_pb_text _builder_version=&#8220;4.27.3&#8243; _dynamic_attributes=&#8220;content&#8220; text_font=&#8220;|600|||||||&#8220; text_text_color=&#8220;#FFFFFF&#8220; text_font_size=&#8220;18px&#8220; header_font=&#8220;&#8211;et_global_heading_font|900|||||||&#8220; header_text_align=&#8220;center&#8220; header_text_color=&#8220;#FFFFFF&#8220; header_font_size=&#8220;46px&#8220; header_line_height=&#8220;1.3em&#8220; header_2_text_color=&#8220;#FFFFFF&#8220; text_font_size_tablet=&#8220;18px&#8220; text_font_size_phone=&#8220;16px&#8220; text_font_size_last_edited=&#8220;on|phone&#8220; header_font_size_tablet=&#8220;38px&#8220; header_font_size_phone=&#8220;30px&#8220; header_font_size_last_edited=&#8220;on|tablet&#8220; locked=&#8220;off&#8220; global_colors_info=&#8220;{}&#8220;]@ET-DC@eyJkeW5hbWljIjp0cnVlLCJjb250ZW50IjoicG9zdF90aXRsZSIsInNldHRpbmdzIjp7ImJlZm9yZSI6IjxoMT4iLCJhZnRlciI6IjxcL2gxPiJ9fQ==@[\/et_pb_text][\/et_pb_column][\/et_pb_row][\/et_pb_section][et_pb_section fb_built=&#8220;1&#8243; _builder_version=&#8220;4.27.3&#8243; background_color=&#8220;#EFEFEF&#8220; custom_margin=&#8220;||||false|false&#8220; custom_padding=&#8220;50px||50px||true|false&#8220; global_colors_info=&#8220;{}&#8220;][et_pb_row _builder_version=&#8220;4.27.3&#8243; _module_preset=&#8220;default&#8220; custom_margin=&#8220;0px||0px||true|false&#8220; custom_padding=&#8220;0px||0px||true|false&#8220; global_colors_info=&#8220;{}&#8220;][et_pb_column type=&#8220;4_4&#8243; _builder_version=&#8220;4.27.3&#8243; _module_preset=&#8220;default&#8220; global_colors_info=&#8220;{}&#8220;][et_pb_text _builder_version=&#8220;4.27.4&#8243; text_font=&#8220;||||||||&#8220; text_text_color=&#8220;#001B2C&#8220; header_font=&#8220;&#8211;et_global_heading_font|900|||||||&#8220; header_font_size=&#8220;46px&#8220; header_line_height=&#8220;1.3em&#8220; header_2_font=&#8220;|800|||||||&#8220; header_2_text_color=&#8220;#001B2C&#8220; header_2_font_size=&#8220;37px&#8220; hover_enabled=&#8220;0&#8243; text_font_size_tablet=&#8220;18px&#8220; text_font_size_phone=&#8220;16px&#8220; text_font_size_last_edited=&#8220;on|phone&#8220; header_font_size_tablet=&#8220;38px&#8220; header_font_size_phone=&#8220;30px&#8220; header_font_size_last_edited=&#8220;on|tablet&#8220; header_2_font_size_tablet=&#8220;30px&#8220; header_2_font_size_phone=&#8220;25px&#8220; header_2_font_size_last_edited=&#8220;on|tablet&#8220; locked=&#8220;off&#8220; global_colors_info=&#8220;{}&#8220; sticky_enabled=&#8220;0&#8243;]<\/p>\n<h2>Mehr Leistung, h\u00f6heres Drehmoment, besser kontrollierte Z\u00fcndung<\/h2>\n<p>Seit dem Jahr 2000 hat sich TetraBOOST im Motorsport sowohl auf der Rennstrecke als auch bei Rallyes bew\u00e4hrt. Nicht nur in der Welt der Oldtimer und Oldtimer-Rennen, wo die Motoren auf verbleiten Kraftstoff angewiesen sind, sondern auch bei Fahrern, die TetraBOOST verwenden, um die Oktanzahl des Kraftstoffs zu erh\u00f6hen. <\/p>\n<p>Tests auf dem Pr\u00fcfstand zeigen, dass TetraBOOST gegen\u00fcber anderen Rennsportmischungen und vorbereiteten Rennkraftstoffen signifikante Verbesserungen hinsichtlich Drehmoment und Leistung bietet. Kundentests zeigen verbesserte Drehmomentwerte um durchschnittlich 3-4 %. Au\u00dferdem sehen wir Leistungssteigerungen, die typischerweise zwischen 2 und 3 % liegen. Die Verbrennung erfolgt kontrollierter und der Motor l\u00e4uft k\u00fchler.   <\/p>\n<p>Die Fahrer vermelden einen ruhigeren Lauf des Motors und einen deutlich besseren, leichteren Anzug, insbesondere aus langsamen Kurven heraus. Die meisten Anwender stellen eine Verbesserung der Rundenzeiten mit TetraBOOST fest. <\/p>\n<p>TetraBOOST ist der am h\u00e4ufigsten gew\u00e4hlte Kraftstoffzusatz in allen Arten von Rennwagen, von leistungsstarken Bugattis \u00fcber 8C Alfa Romeos, Maserati 250Fs bis hin zu AC Cobras und Ford GT40s. Kurz gesagt, in den Fahrzeugen aus der Vorkriegszeit und den meisten Oldtimern aus den 50er, 60er und 70er Jahren. Viele methanolbetriebene Rennfahrzeuge f\u00fcgen TetraBOOST als Ventilschmierstoff hinzu. In den historischen F1, F2 und F3 liefert TetraBOOST Additive f\u00fcr Cooper Climax, Cosworth DFVs bis hin zu V16 BRMs.   <\/p>\n<p>TetraBOOST-Anwender haben unter anderem die Classic Le Mans gewonnen. Viele der f\u00fchrenden Restauratoren, Motorrad- und Rennvorbereitungsspezialisten, anerkannte Markenexperten und nationale Motorradmuseen verwenden TetraBOOST. <\/p>\n<p>TetraBOOST empfiehlt Esso SynergySupreme + * als Basiskraftstoff f\u00fcr den Renneinsatz. Stellen Sie bei allen Autos mit schaumgef\u00fcllten Tanks sicher, dass TetraBOOST und der Basiskraftstoff vor dem Bef\u00fcllen des Tanks in einem Kanister oder Reservekanister gemischt werden. <\/p>\n<p>*) In den meisten L\u00e4ndern hat Esso Synergy Supreme + eine Basis-Oktanzahl von 98. In einigen L\u00e4ndern ist dieses eine Oktanzahl von 99. Ber\u00fccksichtigen Sie dies beim Mischen.  <\/p>\n<p>[\/et_pb_text][\/et_pb_column][\/et_pb_row][et_pb_row column_structure=&#8220;1_3,1_3,1_3&#8243; module_class=&#8220;gallerij&#8220; _builder_version=&#8220;4.27.3&#8243; _module_preset=&#8220;default&#8220; custom_margin=&#8220;50px||||false|false&#8220; custom_padding=&#8220;0px||0px||true|false&#8220; global_colors_info=&#8220;{}&#8220;][et_pb_column type=&#8220;1_3&#8243; _builder_version=&#8220;4.27.3&#8243; _module_preset=&#8220;default&#8220; global_colors_info=&#8220;{}&#8220;][et_pb_image src=&#8220;https:\/\/tetraboost-nieuw.mystagingwebsite.com\/wp-content\/uploads\/2023\/12\/2022-Monaco-Historique-Nooteboom2.jpg&#8220; title_text=&#8220;2022-Monaco-Historique-Nooteboom2&#8243; align=&#8220;center&#8220; force_fullwidth=&#8220;on&#8220; _builder_version=&#8220;4.27.3&#8243; _module_preset=&#8220;default&#8220; border_radii=&#8220;on|6px|6px|6px|6px&#8220; global_colors_info=&#8220;{}&#8220;][\/et_pb_image][\/et_pb_column][et_pb_column type=&#8220;1_3&#8243; _builder_version=&#8220;4.27.3&#8243; _module_preset=&#8220;default&#8220; global_colors_info=&#8220;{}&#8220;][et_pb_image src=&#8220;https:\/\/tetraboost-nieuw.mystagingwebsite.com\/wp-content\/uploads\/2023\/12\/tetraboost-touring-cars2.jpg&#8220; title_text=&#8220;tetraboost-touring-cars2&#8243; align=&#8220;center&#8220; force_fullwidth=&#8220;on&#8220; _builder_version=&#8220;4.27.3&#8243; _module_preset=&#8220;default&#8220; border_radii=&#8220;on|6px|6px|6px|6px&#8220; global_colors_info=&#8220;{}&#8220;][\/et_pb_image][\/et_pb_column][et_pb_column type=&#8220;1_3&#8243; _builder_version=&#8220;4.27.3&#8243; _module_preset=&#8220;default&#8220; global_colors_info=&#8220;{}&#8220;][et_pb_image src=&#8220;https:\/\/tetraboost-nieuw.mystagingwebsite.com\/wp-content\/uploads\/2023\/12\/tetraboost-touring-cars.jpg&#8220; title_text=&#8220;tetraboost-touring-cars&#8220; align=&#8220;center&#8220; force_fullwidth=&#8220;on&#8220; _builder_version=&#8220;4.27.3&#8243; _module_preset=&#8220;default&#8220; border_radii=&#8220;on|6px|6px|6px|6px&#8220; global_colors_info=&#8220;{}&#8220;][\/et_pb_image][\/et_pb_column][\/et_pb_row][\/et_pb_section]<\/p>\n","protected":false},"excerpt":{"rendered":"<p>Mehr Leistung, h\u00f6heres Drehmoment, besser kontrollierte Z\u00fcndung Seit dem Jahr 2000 hat sich TetraBOOST im Motorsport sowohl auf der Rennstrecke als auch bei Rallyes bew\u00e4hrt. Nicht nur in der Welt der Oldtimer und Oldtimer-Rennen, wo die Motoren auf verbleiten Kraftstoff angewiesen sind, sondern auch bei Fahrern, die TetraBOOST verwenden, um die Oktanzahl des Kraftstoffs zu [&hellip;]<\/p>\n","protected":false},"author":6,"featured_media":0,"parent":18015,"menu_order":0,"comment_status":"closed","ping_status":"closed","template":"","meta":{"_et_pb_use_builder":"on","_et_pb_old_content":"","_et_gb_content_width":"","footnotes":""},"class_list":["post-18021","page","type-page","status-publish","hentry"],"yoast_head":"<!-- This site is optimized with the Yoast SEO plugin v27.3 - https:\/\/yoast.com\/product\/yoast-seo-wordpress\/ -->\n<title>TetraBOOST<\/title>\n<meta name=\"robots\" content=\"index, follow, max-snippet:-1, max-image-preview:large, max-video-preview:-1\" \/>\n<link rel=\"canonical\" href=\"https:\/\/tetraboost.nl\/de\/das-produkt\/wettbewerb\/\" \/>\n<meta property=\"og:locale\" content=\"de_DE\" \/>\n<meta property=\"og:type\" content=\"article\" \/>\n<meta property=\"og:title\" content=\"TetraBOOST\" \/>\n<meta property=\"og:description\" content=\"Mehr Leistung, h\u00f6heres Drehmoment, besser kontrollierte Z\u00fcndung Seit dem Jahr 2000 hat sich TetraBOOST im Motorsport sowohl auf der Rennstrecke als auch bei Rallyes bew\u00e4hrt. Nicht nur in der Welt der Oldtimer und Oldtimer-Rennen, wo die Motoren auf verbleiten Kraftstoff angewiesen sind, sondern auch bei Fahrern, die TetraBOOST verwenden, um die Oktanzahl des Kraftstoffs zu [&hellip;]\" \/>\n<meta property=\"og:url\" content=\"https:\/\/tetraboost.nl\/de\/das-produkt\/wettbewerb\/\" \/>\n<meta property=\"og:site_name\" content=\"TetraBOOST\" \/>\n<meta property=\"article:modified_time\" content=\"2025-01-28T14:23:43+00:00\" \/>\n<meta name=\"twitter:card\" content=\"summary_large_image\" \/>\n<meta name=\"twitter:label1\" content=\"Gesch\u00e4tzte Lesezeit\" \/>\n\t<meta name=\"twitter:data1\" content=\"5\u00a0Minuten\" \/>\n<script type=\"application\/ld+json\" class=\"yoast-schema-graph\">{\"@context\":\"https:\\\/\\\/schema.org\",\"@graph\":[{\"@type\":\"WebPage\",\"@id\":\"https:\\\/\\\/tetraboost.nl\\\/de\\\/das-produkt\\\/wettbewerb\\\/\",\"url\":\"https:\\\/\\\/tetraboost.nl\\\/de\\\/das-produkt\\\/wettbewerb\\\/\",\"name\":\"TetraBOOST\",\"isPartOf\":{\"@id\":\"https:\\\/\\\/tetraboost.nl\\\/de\\\/#website\"},\"datePublished\":\"2024-12-05T10:48:31+00:00\",\"dateModified\":\"2025-01-28T14:23:43+00:00\",\"breadcrumb\":{\"@id\":\"https:\\\/\\\/tetraboost.nl\\\/de\\\/das-produkt\\\/wettbewerb\\\/#breadcrumb\"},\"inLanguage\":\"de\",\"potentialAction\":[{\"@type\":\"ReadAction\",\"target\":[\"https:\\\/\\\/tetraboost.nl\\\/de\\\/das-produkt\\\/wettbewerb\\\/\"]}]},{\"@type\":\"BreadcrumbList\",\"@id\":\"https:\\\/\\\/tetraboost.nl\\\/de\\\/das-produkt\\\/wettbewerb\\\/#breadcrumb\",\"itemListElement\":[{\"@type\":\"ListItem\",\"position\":1,\"name\":\"Home\",\"item\":\"https:\\\/\\\/tetraboost.nl\\\/de\\\/\"},{\"@type\":\"ListItem\",\"position\":2,\"name\":\"Produkt\",\"item\":\"https:\\\/\\\/tetraboost.nl\\\/de\\\/onze-producten\\\/\"},{\"@type\":\"ListItem\",\"position\":3,\"name\":\"Motorsport\"}]},{\"@type\":\"WebSite\",\"@id\":\"https:\\\/\\\/tetraboost.nl\\\/de\\\/#website\",\"url\":\"https:\\\/\\\/tetraboost.nl\\\/de\\\/\",\"name\":\"TetraBOOST\",\"description\":\"\",\"potentialAction\":[{\"@type\":\"SearchAction\",\"target\":{\"@type\":\"EntryPoint\",\"urlTemplate\":\"https:\\\/\\\/tetraboost.nl\\\/de\\\/?s={search_term_string}\"},\"query-input\":{\"@type\":\"PropertyValueSpecification\",\"valueRequired\":true,\"valueName\":\"search_term_string\"}}],\"inLanguage\":\"de\"}]}<\/script>\n<!-- \/ Yoast SEO plugin. -->","yoast_head_json":{"title":"TetraBOOST","robots":{"index":"index","follow":"follow","max-snippet":"max-snippet:-1","max-image-preview":"max-image-preview:large","max-video-preview":"max-video-preview:-1"},"canonical":"https:\/\/tetraboost.nl\/de\/das-produkt\/wettbewerb\/","og_locale":"de_DE","og_type":"article","og_title":"TetraBOOST","og_description":"Mehr Leistung, h\u00f6heres Drehmoment, besser kontrollierte Z\u00fcndung Seit dem Jahr 2000 hat sich TetraBOOST im Motorsport sowohl auf der Rennstrecke als auch bei Rallyes bew\u00e4hrt. Nicht nur in der Welt der Oldtimer und Oldtimer-Rennen, wo die Motoren auf verbleiten Kraftstoff angewiesen sind, sondern auch bei Fahrern, die TetraBOOST verwenden, um die Oktanzahl des Kraftstoffs zu [&hellip;]","og_url":"https:\/\/tetraboost.nl\/de\/das-produkt\/wettbewerb\/","og_site_name":"TetraBOOST","article_modified_time":"2025-01-28T14:23:43+00:00","twitter_card":"summary_large_image","twitter_misc":{"Gesch\u00e4tzte Lesezeit":"5\u00a0Minuten"},"schema":{"@context":"https:\/\/schema.org","@graph":[{"@type":"WebPage","@id":"https:\/\/tetraboost.nl\/de\/das-produkt\/wettbewerb\/","url":"https:\/\/tetraboost.nl\/de\/das-produkt\/wettbewerb\/","name":"TetraBOOST","isPartOf":{"@id":"https:\/\/tetraboost.nl\/de\/#website"},"datePublished":"2024-12-05T10:48:31+00:00","dateModified":"2025-01-28T14:23:43+00:00","breadcrumb":{"@id":"https:\/\/tetraboost.nl\/de\/das-produkt\/wettbewerb\/#breadcrumb"},"inLanguage":"de","potentialAction":[{"@type":"ReadAction","target":["https:\/\/tetraboost.nl\/de\/das-produkt\/wettbewerb\/"]}]},{"@type":"BreadcrumbList","@id":"https:\/\/tetraboost.nl\/de\/das-produkt\/wettbewerb\/#breadcrumb","itemListElement":[{"@type":"ListItem","position":1,"name":"Home","item":"https:\/\/tetraboost.nl\/de\/"},{"@type":"ListItem","position":2,"name":"Produkt","item":"https:\/\/tetraboost.nl\/de\/onze-producten\/"},{"@type":"ListItem","position":3,"name":"Motorsport"}]},{"@type":"WebSite","@id":"https:\/\/tetraboost.nl\/de\/#website","url":"https:\/\/tetraboost.nl\/de\/","name":"TetraBOOST","description":"","potentialAction":[{"@type":"SearchAction","target":{"@type":"EntryPoint","urlTemplate":"https:\/\/tetraboost.nl\/de\/?s={search_term_string}"},"query-input":{"@type":"PropertyValueSpecification","valueRequired":true,"valueName":"search_term_string"}}],"inLanguage":"de"}]}},"jetpack_sharing_enabled":true,"_links":{"self":[{"href":"https:\/\/tetraboost.nl\/de\/wp-json\/wp\/v2\/pages\/18021","targetHints":{"allow":["GET"]}}],"collection":[{"href":"https:\/\/tetraboost.nl\/de\/wp-json\/wp\/v2\/pages"}],"about":[{"href":"https:\/\/tetraboost.nl\/de\/wp-json\/wp\/v2\/types\/page"}],"author":[{"embeddable":true,"href":"https:\/\/tetraboost.nl\/de\/wp-json\/wp\/v2\/users\/6"}],"replies":[{"embeddable":true,"href":"https:\/\/tetraboost.nl\/de\/wp-json\/wp\/v2\/comments?post=18021"}],"version-history":[{"count":7,"href":"https:\/\/tetraboost.nl\/de\/wp-json\/wp\/v2\/pages\/18021\/revisions"}],"predecessor-version":[{"id":19005,"href":"https:\/\/tetraboost.nl\/de\/wp-json\/wp\/v2\/pages\/18021\/revisions\/19005"}],"up":[{"embeddable":true,"href":"https:\/\/tetraboost.nl\/de\/wp-json\/wp\/v2\/pages\/18015"}],"wp:attachment":[{"href":"https:\/\/tetraboost.nl\/de\/wp-json\/wp\/v2\/media?parent=18021"}],"curies":[{"name":"wp","href":"https:\/\/api.w.org\/{rel}","templated":true}]}}