{"id":18018,"date":"2024-12-05T10:47:51","date_gmt":"2024-12-05T10:47:51","guid":{"rendered":"https:\/\/tetraboost-nieuw.mystagingwebsite.com\/das-produkt\/kraftstoff\/"},"modified":"2024-12-06T14:36:08","modified_gmt":"2024-12-06T14:36:08","slug":"kraftstoff","status":"publish","type":"page","link":"https:\/\/tetraboost.nl\/de\/das-produkt\/kraftstoff\/","title":{"rendered":"Kraftstoff"},"content":{"rendered":"<p>[et_pb_section fb_built=&#8220;1&#8243; _builder_version=&#8220;4.27.3&#8243; _module_preset=&#8220;default&#8220; use_background_color_gradient=&#8220;on&#8220; background_color_gradient_stops=&#8220;rgba(43,135,218,0) 0%|#002f4d 100%&#8220; background_color_gradient_overlays_image=&#8220;on&#8220; background_image=&#8220;https:\/\/tetraboost-nieuw.mystagingwebsite.com\/wp-content\/uploads\/2024\/12\/picture-2600.jpeg&#8220; min_height_tablet=&#8220;auto&#8220; min_height_phone=&#8220;auto&#8220; min_height_last_edited=&#8220;off|desktop&#8220; global_colors_info=&#8220;{}&#8220;][et_pb_row _builder_version=&#8220;4.27.3&#8243; _module_preset=&#8220;default&#8220; positioning=&#8220;none&#8220; position_origin_a=&#8220;bottom_center&#8220; vertical_offset=&#8220;15vh&#8220; position_origin_a_tablet=&#8220;bottom_center&#8220; position_origin_a_phone=&#8220;bottom_center&#8220; position_origin_a_last_edited=&#8220;off|desktop&#8220; position_origin_f_last_edited=&#8220;off|desktop&#8220; position_origin_r_last_edited=&#8220;off|desktop&#8220; custom_margin=&#8220;0px||0px||true|false&#8220; custom_padding=&#8220;0px||0px||true|false&#8220; positioning_tablet=&#8220;none&#8220; positioning_phone=&#8220;none&#8220; positioning_last_edited=&#8220;off|desktop&#8220; global_colors_info=&#8220;{}&#8220;][et_pb_column type=&#8220;4_4&#8243; _builder_version=&#8220;4.20.4&#8243; _module_preset=&#8220;default&#8220; global_colors_info=&#8220;{}&#8220;][et_pb_text _builder_version=&#8220;4.27.3&#8243; _dynamic_attributes=&#8220;content&#8220; text_font=&#8220;|600|||||||&#8220; text_text_color=&#8220;#FFFFFF&#8220; text_font_size=&#8220;18px&#8220; header_font=&#8220;&#8211;et_global_heading_font|900|||||||&#8220; header_text_align=&#8220;center&#8220; header_text_color=&#8220;#FFFFFF&#8220; header_font_size=&#8220;46px&#8220; header_line_height=&#8220;1.3em&#8220; header_2_text_color=&#8220;#FFFFFF&#8220; text_font_size_tablet=&#8220;18px&#8220; text_font_size_phone=&#8220;16px&#8220; text_font_size_last_edited=&#8220;on|phone&#8220; header_font_size_tablet=&#8220;38px&#8220; header_font_size_phone=&#8220;30px&#8220; header_font_size_last_edited=&#8220;on|tablet&#8220; locked=&#8220;off&#8220; global_colors_info=&#8220;{}&#8220;]@ET-DC@eyJkeW5hbWljIjp0cnVlLCJjb250ZW50IjoicG9zdF90aXRsZSIsInNldHRpbmdzIjp7ImJlZm9yZSI6IjxoMT4iLCJhZnRlciI6IjwvaDE+IiwiZW5hYmxlX2h0bWwiOiJvZmYifX0=@[\/et_pb_text][\/et_pb_column][\/et_pb_row][\/et_pb_section][et_pb_section fb_built=&#8220;1&#8243; _builder_version=&#8220;4.27.3&#8243; background_color=&#8220;#EFEFEF&#8220; custom_margin=&#8220;||||false|false&#8220; custom_padding=&#8220;50px||50px||true|false&#8220; global_colors_info=&#8220;{}&#8220;][et_pb_row _builder_version=&#8220;4.27.3&#8243; _module_preset=&#8220;default&#8220; custom_margin=&#8220;0px||0px||true|false&#8220; custom_padding=&#8220;0px||0px||true|false&#8220; global_colors_info=&#8220;{}&#8220;][et_pb_column type=&#8220;4_4&#8243; _builder_version=&#8220;4.27.3&#8243; _module_preset=&#8220;default&#8220; global_colors_info=&#8220;{}&#8220;][et_pb_text _builder_version=&#8220;4.27.3&#8243; text_font=&#8220;||||||||&#8220; text_text_color=&#8220;#001B2C&#8220; header_font=&#8220;&#8211;et_global_heading_font|900|||||||&#8220; header_font_size=&#8220;46px&#8220; header_line_height=&#8220;1.3em&#8220; header_2_font=&#8220;|800|||||||&#8220; header_2_text_color=&#8220;#001B2C&#8220; header_2_font_size=&#8220;37px&#8220; hover_enabled=&#8220;0&#8243; text_font_size_tablet=&#8220;18px&#8220; text_font_size_phone=&#8220;16px&#8220; text_font_size_last_edited=&#8220;on|phone&#8220; header_font_size_tablet=&#8220;38px&#8220; header_font_size_phone=&#8220;30px&#8220; header_font_size_last_edited=&#8220;on|tablet&#8220; header_2_font_size_tablet=&#8220;30px&#8220; header_2_font_size_phone=&#8220;25px&#8220; header_2_font_size_last_edited=&#8220;on|tablet&#8220; locked=&#8220;off&#8220; global_colors_info=&#8220;{}&#8220; sticky_enabled=&#8220;0&#8243;]<\/p>\n<h2>Oktan<\/h2>\n<p>Die Oktanzahl ist ein Ma\u00df f\u00fcr die Klopffestigkeit eines Kraftstoffs, insbesondere von Benzin. Die Klopffestigkeit bezieht sich auf das Ausma\u00df, in dem Kraftstoff in einem Kraftstoff-Luft-Gemisch (mit der damit verbundenen Temperaturerh\u00f6hung) ohne Selbstentz\u00fcndung komprimiert werden kann. Oktan ist ein Bestandteil von Benzin und hat die Zahl 100 erhalten. Es wird oft f\u00e4lschlicherweise angenommen, dass die Oktanzahl die Oktanmenge im Benzin angibt. Je h\u00f6her die Oktanzahl, desto besser ist der Kraftstoff best\u00e4ndig gegen unerw\u00fcnschte vorzeitige Entz\u00fcndung, auch bekannt als Klingeln oder Klopfen.    <\/p>\n<p>Bei Euro95-Benzin liegt die Oktanzahl in der Regel bei etwa 95. Das bedeutet, dass es f\u00fcr die meisten modernen Benzinmotoren eine gute Klopffestigkeit aufweist. Dies ist jedoch f\u00fcr alte Motoren weniger gut geeignet. <\/p>\n<h2>Klingeln oder Klopfen<\/h2>\n<p>Klingeln, auch bekannt als Knallen oder Klopfen, tritt auf, wenn sich das Kraftstoff-Luft-Gemisch im Brennraum nicht gleichm\u00e4\u00dfig entz\u00fcndet, sondern stattdessen eine Selbstz\u00fcndung ausl\u00f6st, bevor der Funke der Z\u00fcndkerze gez\u00fcndet hat. Dies f\u00fchrt dazu, dass sich mehrere Flammenfronten durch die Brennkammer bewegen und kollidieren, was ein tickendes oder klopfendes Ger\u00e4usch verursacht. Dies h\u00f6rt sich an wie eine T\u00fcte mit klappernden Murmeln.  <\/p>\n<p>Das Klingeln kann f\u00fcr den Motor sch\u00e4dlich sein, da es zus\u00e4tzlichen Druck und eine h\u00f6here Temperatur verursacht, was Sch\u00e4den an den Kolben, Ventilen und anderen Motorteilen zur Folge haben kann. Es kann auch zu Leistungsverlust und unregelm\u00e4\u00dfigem Laufen des Motors f\u00fchren. <\/p>\n<p>Das Klingeln wird oft durch mehrere Faktoren verursacht, einschlie\u00dflich einer falschen Kraftstoffzusammensetzung, einem niedrigen Oktanwert des Kraftstoffs, einer \u00fcberm\u00e4\u00dfigen Motork\u00fchlung, einer zu hohen Motorlast oder einem falschen Z\u00fcndzeitpunkt. Um ein Klingeln zu verhindern, k\u00f6nnen Sie Benzin mit einer h\u00f6heren Oktanzahl verwenden. Wenn Sie Benzin mit h\u00f6herer Oktanzahl verwenden, sollte die Z\u00fcndung leicht vorgestellt werden. In der Vergangenheit stellten Werkst\u00e4tten die Z\u00fcndung etwas vor, wenn der Kunde Super tankte.   <\/p>\n<h2>Blei-Zugabe<\/h2>\n<p>Um die Oktanzahl zu erh\u00f6hen, wurde in der Vergangenheit Blei zugesetzt, genauer gesagt Tetraethylblei. Diese Bleizugabe sorgte f\u00fcr eine Schmierung der Ventilf\u00fchrungen und sch\u00fctzte die Auslassventile und Ventilsitze vor St\u00f6\u00dfen. Aufgrund des Bleis prallt das Ventil weniger auf den Ventilsitz. Bekanntlich darf diese Bleizugabe nicht mehr in normalem Benzin verwendet werden und es gibt Blei-Ersatzstoffe auf dem Markt. Bleisubstitute funktionieren allerdings nicht so gut wie echtes Blei. Mit TetraBOOST f\u00fcgen Sie dem Kraftstoff echtes Tetraethylblei hinzu. Somit erstellen Sie den Kraftstoff, mit dem Ihr Oldtimer gefahren ist, als er frisch aus der Fabrik kam. Der Kraftstoff, f\u00fcr den Ihren Oldtimer gemacht ist.       <\/p>\n<h2>Vaporlock<\/h2>\n<p>Vaporlock, auch bekannt als Dampfsperre, ist ein Ph\u00e4nomen, das im Kraftstoffsystem von Fahrzeugen, insbesondere bei Benzinmotoren, auftreten kann. Es entsteht, wenn sich fl\u00fcssiger Kraftstoff in den Leitungen oder im Vergaser in Kraftstoffdampf verwandelt und die normale Kraftstoffzufuhr zum Motor behindert. Dies kann zu Leistungsverlust, ins Stocken geratener Motorleistung und sogar zu einem Abw\u00fcrgen des Motors f\u00fchren. Zus\u00e4tzlich sorgt Vaporlock daf\u00fcr, dass ein warmer Motor schlecht anspringt. In den Bergen nimmt das Problem aufgrund des niedrigeren Luftdrucks zu.    <\/p>\n<p>Ethanol, ein Alkohol, der oft mit Benzin in Kraftstoffmischungen wie E10 (10 % Ethanol, 90 % Benzin) oder E5 (5 % Ethanol, 95 % Benzin) gemischt wird, kann die Wahrscheinlichkeit f\u00fcr einen Vaporlock noch erh\u00f6hen. Ethanol hat einen niedrigeren Dampfdruck als Benzin, so dass es bei niedrigeren Temperaturen schneller verdampfen kann. Diese Verdampfung kann den Druck in den Kraftstoffleitungen erh\u00f6hen und die Kraftstoffzufuhr unterbrechen.  <\/p>\n<p>Die Verwendung von Kraftstoffgemischen mit einem h\u00f6heren Ethanolgehalt kann die Gefahr eins Vaporlocks insbesondere bei hohen Temperaturen erh\u00f6hen. \u00c4ltere Fahrzeuge oder Fahrzeuge mit weniger fortschrittlichen Kraftstoffmanagementsystemen reagieren empfindlicher darauf. <\/p>\n<p>TetraBOOST neutralisiert Ethanol um bis zu 15 %, wodurch das Risiko eines Vaporlocks verringert wird.<\/p>\n<h2>St\u00f6chiometrisches Verh\u00e4ltnis<\/h2>\n<p>Das st\u00f6chiometrische Verh\u00e4ltnis gibt das ideale chemische Verh\u00e4ltnis von Kraftstoff- und Sauerstoffmenge an, das f\u00fcr eine vollst\u00e4ndige und optimale Verbrennung erforderlich ist. Im Falle von Benzin ist das st\u00f6chiometrische Verh\u00e4ltnis die ideale Balance, bei der gerade genug Luft zur Verf\u00fcgung steht, um alle Kraftstoffmolek\u00fcle vollst\u00e4ndig zu verbrennen. <\/p>\n<p>Das st\u00f6chiometrische Verh\u00e4ltnis von Benzin wird \u00fcblicherweise als Luftgewichtsverh\u00e4ltnis bezeichnet, bei dem etwa 14,7 Gramm Luft erforderlich sind, um 1 Gramm Kraftstoff vollst\u00e4ndig zu verbrennen. Dies entspricht einem Verh\u00e4ltnis von ca. 14,7:1 f\u00fcr das Luftmassen-Kraftstoffmassengemisch. <\/p>\n<p>Wenn das Gemisch in der Brennkammer dieses ideale Verh\u00e4ltnis aufweist, wird eine effiziente Verbrennung erreicht, bei der die meisten Kraftstoffmolek\u00fcle vollst\u00e4ndig in Kohlendioxid (CO2) und Wasser (H2O) umgewandelt werden. Das Resultat sind eine optimale Energieausbeute und minimale Emissionen. <\/p>\n<p>Wenn zu viel Luft im Verh\u00e4ltnis zur Kraftstoffmenge vorhanden ist, wird dies als \u201emageres Gemisch\u201c bezeichnet. Dies kann zu einem h\u00f6heren Kraftstoffverbrauch und einer geringeren Leistungsabgabe f\u00fchren. <\/p>\n<p>Auf der anderen Seite, wenn es zu viel Kraftstoff im Verh\u00e4ltnis zur Luftmenge gibt, wird es als \u201efettes Gemisch\u201c bezeichnet. Dies kann zu einer unvollst\u00e4ndigen Verbrennung, h\u00f6heren Schadstoffemissionen und einer geringeren Kraftstoffeffizienz f\u00fchren. <\/p>\n<p>Die Aufrechterhaltung des st\u00f6chiometrischen Verh\u00e4ltnisses ist von entscheidender Bedeutung f\u00fcr den ordnungsgem\u00e4\u00dfen Motorbetrieb. Moderne Fahrzeuge mit Kraftstoffeinspritzsystemen nutzen Sensoren, um das Luft-Kraftstoff-Verh\u00e4ltnis kontinuierlich zu regulieren und zu optimieren. <\/p>\n<h2>ROZ<\/h2>\n<p>Der Begriff ROZ, der oft an den Tankstellen-Zapfs\u00e4ulen gefunden werden kann, steht f\u00fcr Research-Oktanzahl. Dies bezeichnet ein Ma\u00df f\u00fcr die Klopffestigkeit von Benzin bei niedrigeren Motordrehzahlen, wie sie in Labortests verwendet wird. Der Begriff MON steht f\u00fcr die Motor-Oktanzahl, und bezeichnet ein Ma\u00df f\u00fcr die Klopffestigkeit von Benzin bei h\u00f6heren Motordrehzahlen, wie sie unter praktischen Fahrbedingungen verwendet wird.  <\/p>\n<h2>Fl\u00fcchtigkeit<\/h2>\n<p>Fl\u00fcchtigkeit bezeichnet das Ausma\u00df, in dem Benzin bei verschiedenen Temperaturen verdampft. Kraftstoff mit h\u00f6herer Fl\u00fcchtigkeit verdunstet leichter und kann eine bessere Kaltstartleistung bieten. <\/p>\n<h2>Kraftstoffzus\u00e4tze oder Additive<\/h2>\n<p>Kraftstoffzus\u00e4tze sind Chemikalien, die dem Kraftstoff zugesetzt werden k\u00f6nnen, um gewisse Eigenschaften wie Reinigung des Kraftstoffsystems, Stabilisierung, Schmierung oder verbesserte Verbrennung zu optimieren.<\/p>\n<h2>Aromaten<\/h2>\n<p>Aromaten sind eine Klasse von chemischen Verbindungen, die in Benzin vorkommen, wie Benzol, Toluol und Xylol. Sie k\u00f6nnen die Leistung und die Emissionen des Motors beeinflussen. <\/p>\n<h2>Oxygenate<\/h2>\n<p>Oxygenate sind sauerstoffhaltige Verbindungen, die dem Benzin zugesetzt werden, wie Ethanol oder MTBE (Methylterti\u00e4rbutylether), um die Klopffestigkeit zu erh\u00f6hen und sch\u00e4dliche Emissionen zu reduzieren.<\/p>\n<p>[\/et_pb_text][\/et_pb_column][\/et_pb_row][et_pb_row column_structure=&#8220;1_3,1_3,1_3&#8243; module_class=&#8220;gallerij&#8220; _builder_version=&#8220;4.27.3&#8243; _module_preset=&#8220;default&#8220; custom_margin=&#8220;50px||||false|false&#8220; custom_padding=&#8220;0px||0px||true|false&#8220; global_colors_info=&#8220;{}&#8220;][et_pb_column type=&#8220;1_3&#8243; _builder_version=&#8220;4.27.3&#8243; _module_preset=&#8220;default&#8220; global_colors_info=&#8220;{}&#8220;][et_pb_image src=&#8220;https:\/\/tetraboost-nieuw.mystagingwebsite.com\/wp-content\/uploads\/2023\/12\/jawa2.jpg&#8220; title_text=&#8220;jawa2&#8243; align=&#8220;center&#8220; force_fullwidth=&#8220;on&#8220; _builder_version=&#8220;4.27.3&#8243; _module_preset=&#8220;default&#8220; hover_enabled=&#8220;0&#8243; border_radii=&#8220;on|6px|6px|6px|6px&#8220; global_colors_info=&#8220;{}&#8220; sticky_enabled=&#8220;0&#8243;][\/et_pb_image][\/et_pb_column][et_pb_column type=&#8220;1_3&#8243; _builder_version=&#8220;4.27.3&#8243; _module_preset=&#8220;default&#8220; global_colors_info=&#8220;{}&#8220;][et_pb_image src=&#8220;https:\/\/tetraboost-nieuw.mystagingwebsite.com\/wp-content\/uploads\/2023\/12\/MG4.jpg&#8220; title_text=&#8220;MG4&#8243; align=&#8220;center&#8220; force_fullwidth=&#8220;on&#8220; _builder_version=&#8220;4.27.3&#8243; _module_preset=&#8220;default&#8220; hover_enabled=&#8220;0&#8243; border_radii=&#8220;on|6px|6px|6px|6px&#8220; global_colors_info=&#8220;{}&#8220; sticky_enabled=&#8220;0&#8243;][\/et_pb_image][\/et_pb_column][et_pb_column type=&#8220;1_3&#8243; _builder_version=&#8220;4.27.3&#8243; _module_preset=&#8220;default&#8220; global_colors_info=&#8220;{}&#8220;][et_pb_image src=&#8220;https:\/\/tetraboost-nieuw.mystagingwebsite.com\/wp-content\/uploads\/2023\/12\/Vintage-paddock-club2.jpg&#8220; title_text=&#8220;Vintage paddock club2&#8243; align=&#8220;center&#8220; force_fullwidth=&#8220;on&#8220; _builder_version=&#8220;4.27.3&#8243; _module_preset=&#8220;default&#8220; hover_enabled=&#8220;0&#8243; border_radii=&#8220;on|6px|6px|6px|6px&#8220; global_colors_info=&#8220;{}&#8220; sticky_enabled=&#8220;0&#8243;][\/et_pb_image][\/et_pb_column][\/et_pb_row][\/et_pb_section]<\/p>\n","protected":false},"excerpt":{"rendered":"<p>Oktan Die Oktanzahl ist ein Ma\u00df f\u00fcr die Klopffestigkeit eines Kraftstoffs, insbesondere von Benzin. Die Klopffestigkeit bezieht sich auf das Ausma\u00df, in dem Kraftstoff in einem Kraftstoff-Luft-Gemisch (mit der damit verbundenen Temperaturerh\u00f6hung) ohne Selbstentz\u00fcndung komprimiert werden kann. Oktan ist ein Bestandteil von Benzin und hat die Zahl 100 erhalten. Es wird oft f\u00e4lschlicherweise angenommen, dass [&hellip;]<\/p>\n","protected":false},"author":6,"featured_media":0,"parent":18015,"menu_order":0,"comment_status":"closed","ping_status":"closed","template":"","meta":{"_et_pb_use_builder":"on","_et_pb_old_content":"","_et_gb_content_width":"","footnotes":""},"class_list":["post-18018","page","type-page","status-publish","hentry"],"yoast_head":"<!-- This site is optimized with the Yoast SEO plugin v27.3 - https:\/\/yoast.com\/product\/yoast-seo-wordpress\/ -->\n<title>TetraBOOST<\/title>\n<meta name=\"robots\" content=\"index, follow, max-snippet:-1, max-image-preview:large, max-video-preview:-1\" \/>\n<link rel=\"canonical\" href=\"https:\/\/tetraboost.nl\/de\/das-produkt\/kraftstoff\/\" \/>\n<meta property=\"og:locale\" content=\"de_DE\" \/>\n<meta property=\"og:type\" content=\"article\" \/>\n<meta property=\"og:title\" content=\"TetraBOOST\" \/>\n<meta property=\"og:description\" content=\"Oktan Die Oktanzahl ist ein Ma\u00df f\u00fcr die Klopffestigkeit eines Kraftstoffs, insbesondere von Benzin. Die Klopffestigkeit bezieht sich auf das Ausma\u00df, in dem Kraftstoff in einem Kraftstoff-Luft-Gemisch (mit der damit verbundenen Temperaturerh\u00f6hung) ohne Selbstentz\u00fcndung komprimiert werden kann. Oktan ist ein Bestandteil von Benzin und hat die Zahl 100 erhalten. Es wird oft f\u00e4lschlicherweise angenommen, dass [&hellip;]\" \/>\n<meta property=\"og:url\" content=\"https:\/\/tetraboost.nl\/de\/das-produkt\/kraftstoff\/\" \/>\n<meta property=\"og:site_name\" content=\"TetraBOOST\" \/>\n<meta property=\"article:modified_time\" content=\"2024-12-06T14:36:08+00:00\" \/>\n<meta name=\"twitter:card\" content=\"summary_large_image\" \/>\n<meta name=\"twitter:label1\" content=\"Gesch\u00e4tzte Lesezeit\" \/>\n\t<meta name=\"twitter:data1\" content=\"8\u00a0Minuten\" \/>\n<script type=\"application\/ld+json\" class=\"yoast-schema-graph\">{\"@context\":\"https:\\\/\\\/schema.org\",\"@graph\":[{\"@type\":\"WebPage\",\"@id\":\"https:\\\/\\\/tetraboost.nl\\\/de\\\/das-produkt\\\/kraftstoff\\\/\",\"url\":\"https:\\\/\\\/tetraboost.nl\\\/de\\\/das-produkt\\\/kraftstoff\\\/\",\"name\":\"TetraBOOST\",\"isPartOf\":{\"@id\":\"https:\\\/\\\/tetraboost.nl\\\/de\\\/#website\"},\"datePublished\":\"2024-12-05T10:47:51+00:00\",\"dateModified\":\"2024-12-06T14:36:08+00:00\",\"breadcrumb\":{\"@id\":\"https:\\\/\\\/tetraboost.nl\\\/de\\\/das-produkt\\\/kraftstoff\\\/#breadcrumb\"},\"inLanguage\":\"de\",\"potentialAction\":[{\"@type\":\"ReadAction\",\"target\":[\"https:\\\/\\\/tetraboost.nl\\\/de\\\/das-produkt\\\/kraftstoff\\\/\"]}]},{\"@type\":\"BreadcrumbList\",\"@id\":\"https:\\\/\\\/tetraboost.nl\\\/de\\\/das-produkt\\\/kraftstoff\\\/#breadcrumb\",\"itemListElement\":[{\"@type\":\"ListItem\",\"position\":1,\"name\":\"Home\",\"item\":\"https:\\\/\\\/tetraboost.nl\\\/de\\\/\"},{\"@type\":\"ListItem\",\"position\":2,\"name\":\"Produkt\",\"item\":\"https:\\\/\\\/tetraboost.nl\\\/de\\\/onze-producten\\\/\"},{\"@type\":\"ListItem\",\"position\":3,\"name\":\"Kraftstoff\"}]},{\"@type\":\"WebSite\",\"@id\":\"https:\\\/\\\/tetraboost.nl\\\/de\\\/#website\",\"url\":\"https:\\\/\\\/tetraboost.nl\\\/de\\\/\",\"name\":\"TetraBOOST\",\"description\":\"\",\"potentialAction\":[{\"@type\":\"SearchAction\",\"target\":{\"@type\":\"EntryPoint\",\"urlTemplate\":\"https:\\\/\\\/tetraboost.nl\\\/de\\\/?s={search_term_string}\"},\"query-input\":{\"@type\":\"PropertyValueSpecification\",\"valueRequired\":true,\"valueName\":\"search_term_string\"}}],\"inLanguage\":\"de\"}]}<\/script>\n<!-- \/ Yoast SEO plugin. -->","yoast_head_json":{"title":"TetraBOOST","robots":{"index":"index","follow":"follow","max-snippet":"max-snippet:-1","max-image-preview":"max-image-preview:large","max-video-preview":"max-video-preview:-1"},"canonical":"https:\/\/tetraboost.nl\/de\/das-produkt\/kraftstoff\/","og_locale":"de_DE","og_type":"article","og_title":"TetraBOOST","og_description":"Oktan Die Oktanzahl ist ein Ma\u00df f\u00fcr die Klopffestigkeit eines Kraftstoffs, insbesondere von Benzin. Die Klopffestigkeit bezieht sich auf das Ausma\u00df, in dem Kraftstoff in einem Kraftstoff-Luft-Gemisch (mit der damit verbundenen Temperaturerh\u00f6hung) ohne Selbstentz\u00fcndung komprimiert werden kann. Oktan ist ein Bestandteil von Benzin und hat die Zahl 100 erhalten. Es wird oft f\u00e4lschlicherweise angenommen, dass [&hellip;]","og_url":"https:\/\/tetraboost.nl\/de\/das-produkt\/kraftstoff\/","og_site_name":"TetraBOOST","article_modified_time":"2024-12-06T14:36:08+00:00","twitter_card":"summary_large_image","twitter_misc":{"Gesch\u00e4tzte Lesezeit":"8\u00a0Minuten"},"schema":{"@context":"https:\/\/schema.org","@graph":[{"@type":"WebPage","@id":"https:\/\/tetraboost.nl\/de\/das-produkt\/kraftstoff\/","url":"https:\/\/tetraboost.nl\/de\/das-produkt\/kraftstoff\/","name":"TetraBOOST","isPartOf":{"@id":"https:\/\/tetraboost.nl\/de\/#website"},"datePublished":"2024-12-05T10:47:51+00:00","dateModified":"2024-12-06T14:36:08+00:00","breadcrumb":{"@id":"https:\/\/tetraboost.nl\/de\/das-produkt\/kraftstoff\/#breadcrumb"},"inLanguage":"de","potentialAction":[{"@type":"ReadAction","target":["https:\/\/tetraboost.nl\/de\/das-produkt\/kraftstoff\/"]}]},{"@type":"BreadcrumbList","@id":"https:\/\/tetraboost.nl\/de\/das-produkt\/kraftstoff\/#breadcrumb","itemListElement":[{"@type":"ListItem","position":1,"name":"Home","item":"https:\/\/tetraboost.nl\/de\/"},{"@type":"ListItem","position":2,"name":"Produkt","item":"https:\/\/tetraboost.nl\/de\/onze-producten\/"},{"@type":"ListItem","position":3,"name":"Kraftstoff"}]},{"@type":"WebSite","@id":"https:\/\/tetraboost.nl\/de\/#website","url":"https:\/\/tetraboost.nl\/de\/","name":"TetraBOOST","description":"","potentialAction":[{"@type":"SearchAction","target":{"@type":"EntryPoint","urlTemplate":"https:\/\/tetraboost.nl\/de\/?s={search_term_string}"},"query-input":{"@type":"PropertyValueSpecification","valueRequired":true,"valueName":"search_term_string"}}],"inLanguage":"de"}]}},"jetpack_sharing_enabled":true,"_links":{"self":[{"href":"https:\/\/tetraboost.nl\/de\/wp-json\/wp\/v2\/pages\/18018","targetHints":{"allow":["GET"]}}],"collection":[{"href":"https:\/\/tetraboost.nl\/de\/wp-json\/wp\/v2\/pages"}],"about":[{"href":"https:\/\/tetraboost.nl\/de\/wp-json\/wp\/v2\/types\/page"}],"author":[{"embeddable":true,"href":"https:\/\/tetraboost.nl\/de\/wp-json\/wp\/v2\/users\/6"}],"replies":[{"embeddable":true,"href":"https:\/\/tetraboost.nl\/de\/wp-json\/wp\/v2\/comments?post=18018"}],"version-history":[{"count":2,"href":"https:\/\/tetraboost.nl\/de\/wp-json\/wp\/v2\/pages\/18018\/revisions"}],"predecessor-version":[{"id":18020,"href":"https:\/\/tetraboost.nl\/de\/wp-json\/wp\/v2\/pages\/18018\/revisions\/18020"}],"up":[{"embeddable":true,"href":"https:\/\/tetraboost.nl\/de\/wp-json\/wp\/v2\/pages\/18015"}],"wp:attachment":[{"href":"https:\/\/tetraboost.nl\/de\/wp-json\/wp\/v2\/media?parent=18018"}],"curies":[{"name":"wp","href":"https:\/\/api.w.org\/{rel}","templated":true}]}}