{"id":18015,"date":"2024-12-05T10:42:04","date_gmt":"2024-12-05T10:42:04","guid":{"rendered":"https:\/\/tetraboost-nieuw.mystagingwebsite.com\/das-produkt\/"},"modified":"2025-01-28T14:13:50","modified_gmt":"2025-01-28T14:13:50","slug":"das-produkt","status":"publish","type":"page","link":"https:\/\/tetraboost.nl\/de\/das-produkt\/","title":{"rendered":"Produkt"},"content":{"rendered":"<p>[et_pb_section fb_built=&#8220;1&#8243; _builder_version=&#8220;4.27.3&#8243; _module_preset=&#8220;default&#8220; use_background_color_gradient=&#8220;on&#8220; background_color_gradient_stops=&#8220;rgba(43,135,218,0) 0%|#002f4d 100%&#8220; background_color_gradient_overlays_image=&#8220;on&#8220; background_image=&#8220;https:\/\/tetraboost-nieuw.mystagingwebsite.com\/wp-content\/uploads\/2024\/12\/picture-2600.jpeg&#8220; min_height_tablet=&#8220;auto&#8220; min_height_phone=&#8220;auto&#8220; min_height_last_edited=&#8220;off|desktop&#8220; global_colors_info=&#8220;{}&#8220;][et_pb_row _builder_version=&#8220;4.27.3&#8243; _module_preset=&#8220;default&#8220; positioning=&#8220;none&#8220; position_origin_a=&#8220;bottom_center&#8220; vertical_offset=&#8220;15vh&#8220; position_origin_a_tablet=&#8220;bottom_center&#8220; position_origin_a_phone=&#8220;bottom_center&#8220; position_origin_a_last_edited=&#8220;off|desktop&#8220; position_origin_f_last_edited=&#8220;off|desktop&#8220; position_origin_r_last_edited=&#8220;off|desktop&#8220; custom_margin=&#8220;0px||0px||true|false&#8220; custom_padding=&#8220;0px||0px||true|false&#8220; positioning_tablet=&#8220;none&#8220; positioning_phone=&#8220;none&#8220; positioning_last_edited=&#8220;off|desktop&#8220; global_colors_info=&#8220;{}&#8220;][et_pb_column type=&#8220;4_4&#8243; _builder_version=&#8220;4.20.4&#8243; _module_preset=&#8220;default&#8220; global_colors_info=&#8220;{}&#8220;][et_pb_text _builder_version=&#8220;4.27.3&#8243; _dynamic_attributes=&#8220;content&#8220; text_font=&#8220;|600|||||||&#8220; text_text_color=&#8220;#FFFFFF&#8220; text_font_size=&#8220;18px&#8220; header_font=&#8220;&#8211;et_global_heading_font|900|||||||&#8220; header_text_align=&#8220;center&#8220; header_text_color=&#8220;#FFFFFF&#8220; header_font_size=&#8220;46px&#8220; header_line_height=&#8220;1.3em&#8220; header_2_text_color=&#8220;#FFFFFF&#8220; text_font_size_tablet=&#8220;18px&#8220; text_font_size_phone=&#8220;16px&#8220; text_font_size_last_edited=&#8220;on|phone&#8220; header_font_size_tablet=&#8220;38px&#8220; header_font_size_phone=&#8220;30px&#8220; header_font_size_last_edited=&#8220;on|tablet&#8220; locked=&#8220;off&#8220; global_colors_info=&#8220;{}&#8220;]@ET-DC@eyJkeW5hbWljIjp0cnVlLCJjb250ZW50IjoicG9zdF90aXRsZSIsInNldHRpbmdzIjp7ImJlZm9yZSI6IjxoMT4iLCJhZnRlciI6IjxcL2gxPiJ9fQ==@[\/et_pb_text][\/et_pb_column][\/et_pb_row][\/et_pb_section][et_pb_section fb_built=&#8220;1&#8243; _builder_version=&#8220;4.27.3&#8243; background_color=&#8220;#EFEFEF&#8220; custom_margin=&#8220;||||false|false&#8220; custom_padding=&#8220;50px||50px||true|false&#8220; global_colors_info=&#8220;{}&#8220;][et_pb_row _builder_version=&#8220;4.27.3&#8243; _module_preset=&#8220;default&#8220; custom_margin=&#8220;0px||0px||true|false&#8220; custom_padding=&#8220;0px||0px||true|false&#8220; global_colors_info=&#8220;{}&#8220;][et_pb_column type=&#8220;4_4&#8243; _builder_version=&#8220;4.27.3&#8243; _module_preset=&#8220;default&#8220; global_colors_info=&#8220;{}&#8220;][et_pb_text _builder_version=&#8220;4.27.4&#8243; text_font=&#8220;||||||||&#8220; text_text_color=&#8220;#001B2C&#8220; header_font=&#8220;&#8211;et_global_heading_font|900|||||||&#8220; header_font_size=&#8220;46px&#8220; header_line_height=&#8220;1.3em&#8220; header_2_font=&#8220;|800|||||||&#8220; header_2_text_color=&#8220;#001B2C&#8220; header_2_font_size=&#8220;37px&#8220; hover_enabled=&#8220;0&#8243; text_font_size_tablet=&#8220;18px&#8220; text_font_size_phone=&#8220;16px&#8220; text_font_size_last_edited=&#8220;on|phone&#8220; header_font_size_tablet=&#8220;38px&#8220; header_font_size_phone=&#8220;30px&#8220; header_font_size_last_edited=&#8220;on|tablet&#8220; header_2_font_size_tablet=&#8220;30px&#8220; header_2_font_size_phone=&#8220;25px&#8220; header_2_font_size_last_edited=&#8220;on|tablet&#8220; locked=&#8220;off&#8220; global_colors_info=&#8220;{}&#8220; sticky_enabled=&#8220;0&#8243;]<\/p>\n<p><strong>TetraBOOST sch\u00fctzt Ihren Oldtimer vor einer Ethanolkorrosion durch E5- und E10-Benzin, und sogar bis zu 15% Ethanol (E15). Es ist das einzige Additiv, das echten bleihaltigen Kraftstoff herstellt. TetraBOOST ist kein Ersatz f\u00fcr Blei, sondern f\u00fcgt dem Benzin Tetraethylblei (TEL) hinzu. Tetraethylblei bietet einen besseren Schutz und eine bessere Leistung als Bleiersatzstoffe auf Phosphor-, Mangan-, Natrium- und Kaliumbasis.   <\/strong><\/p>\n<h2>Inhaltsstoffe<\/h2>\n<p>TetraBOOST ist eine L\u00f6sung von Tetraethylblei in aromatischen Kohlenwasserstoffen, die zusammen mit den notwendigen chemischen \u201eWaschsubstanzen\u201c echtes verbleites Benzin herstellt. TetraBOOST wurde speziell f\u00fcr \u00e4ltere Motoren entwickelt und erm\u00f6glicht es Ihnen, Auto zu fahren oder Wettrennen zu bestreiten, ohne Sch\u00e4den durch mangelnden Ventilsitzschutz, Vorz\u00fcndungen oder durch oktanarme Kraftstoffe bef\u00fcrchten zu m\u00fcssen. TetraBOOST verlangsamt auch die Verbrennungsrate moderner Kraftstoffe auf ein Niveau, das f\u00fcr \u00e4ltere Motoren besser geeignet ist, was zu einem leichteren Starten und einem ruhigeren und k\u00fchleren Lauf f\u00fchrt. lopen.  <\/p>\n<h2>Verwendung<\/h2>\n<p>TetraBOOST wurde vollst\u00e4ndig getestet und zugelassen, ist aber ein gef\u00e4hrlicher und brennbarer Stoff. Daher ist es wichtig, es gem\u00e4\u00df den Anweisungen zu verwenden. TetraBOOST ist ausschlie\u00dflich f\u00fcr Autos ohne Katalysator geeignet. Geben Sie eine entsprechende Dosis TetraBOOST in den Tank, bevor Sie ihn mit Premium oder Super bleifreiem Benzin in der richtigen Konzentration bef\u00fcllen Hierfinden Sie Informationen zur Dosierung und den Mischungsverh\u00e4ltnissen.   <\/p>\n<h2>Lagerung<\/h2>\n<p>Wenn ein Auto l\u00e4ngere Zeit nicht bewegt wird, kann sich das im Kraftstofftank befindliche Euro95- oder Euro98-Benzin ver\u00e4ndern:<\/p>\n<ol>\n<li><strong>Oxidation<\/strong>: Euro95 und 98 enthalten oxidationsempfindliche Komponenten. Ein l\u00e4ngerer Kontakt mit Sauerstoff kann die Oxidation des Brennstoffs zur Folge haben, was zur Bildung von Gummi- und Lackablagerungen f\u00fchren kann. Diese Ablagerungen k\u00f6nnen die Kraftstoff  <\/li>\n<li><strong>Verdampfung<\/strong>: Euro95 und 98 enthalten fl\u00fcchtige Komponenten, die verdampfen k\u00f6nnen. Dies kann zu einer Verringerung der Fl\u00fcchtigkeit des Kraftstoffs f\u00fchren, was sich auf die Startleistung des Motors auswirken kann <\/li>\n<li><strong>Wasserabscheidung<\/strong>: Moderne Kraftstoffzusammensetzungen wie Euro95 und 98 enthalten nur geringe Mengen an Wasser. Bei l\u00e4ngerem Stillstand des Fahrzeugs kann es zu Kondensation im Kraftstofftank kommen. Wasser sammelt sich am Boden des Tanks, da es schwerer ist als Benzin. Dieses Wasser kann dann in die Kraftstoffleitungen und den Motor eindringen und zu Problemen f\u00fchren. TetraBOOST sch\u00fctzt vor innerer Korrosion und S\u00e4urebildung durch Ethanol-Wasseraufnahme. Es verursacht keinen Bohrrost oder verliert seine Wirkung bei l\u00e4ngerem Stillstand. Das herk\u00f6mmliche Benzin verdirbt nach 60 Tagen. Mit der Zugabe von TetraBOOST kann die Lebensdauer des Kraftstoffs auf 2 Jahre verl\u00e4ngert werden.   <\/li>\n<\/ol>\n<p>TetraBOOST E-guard 15 beschermt tegen interne corrosie en zuurvorming door ethanolwateropname. Het zal geen boorroest veroorzaken of zijn werking verliezen bij langere stilstand. Huidige benzine bederft al na 60 dagen. Met het toevoegen van TetraBOOST E-guard 15 kan de levensduur van de brandstof verlengd worden tot 2 jaar.   <\/p>\n<p>Zus\u00e4tzlich zu E-guard 15 bieten wir f\u00fcr umfassenden Schutz TetraBOOST Fuel Life Extender, TetraBOOST Bug Kill und TetraBOOST E-guard Road an. Produkte, die jeweils auf eine bestimmte Form des Schutzes abzielen. <\/p>\n<p>[\/et_pb_text][\/et_pb_column][\/et_pb_row][et_pb_row column_structure=&#8220;1_3,1_3,1_3&#8243; module_class=&#8220;gallerij&#8220; _builder_version=&#8220;4.27.3&#8243; _module_preset=&#8220;default&#8220; custom_margin=&#8220;50px||||false|false&#8220; custom_padding=&#8220;0px||0px||true|false&#8220; global_colors_info=&#8220;{}&#8220;][et_pb_column type=&#8220;1_3&#8243; _builder_version=&#8220;4.27.3&#8243; _module_preset=&#8220;default&#8220; global_colors_info=&#8220;{}&#8220;][et_pb_image src=&#8220;https:\/\/tetraboost-nieuw.mystagingwebsite.com\/wp-content\/uploads\/2023\/12\/356beach.jpg&#8220; title_text=&#8220;356beach&#8220; align=&#8220;center&#8220; force_fullwidth=&#8220;on&#8220; _builder_version=&#8220;4.27.3&#8243; _module_preset=&#8220;default&#8220; border_radii=&#8220;on|6px|6px|6px|6px&#8220; global_colors_info=&#8220;{}&#8220;][\/et_pb_image][\/et_pb_column][et_pb_column type=&#8220;1_3&#8243; _builder_version=&#8220;4.27.3&#8243; _module_preset=&#8220;default&#8220; global_colors_info=&#8220;{}&#8220;][et_pb_image src=&#8220;https:\/\/tetraboost-nieuw.mystagingwebsite.com\/wp-content\/uploads\/2023\/12\/TA1.jpg&#8220; title_text=&#8220;TA1&#8243; align=&#8220;center&#8220; force_fullwidth=&#8220;on&#8220; _builder_version=&#8220;4.27.3&#8243; _module_preset=&#8220;default&#8220; border_radii=&#8220;on|6px|6px|6px|6px&#8220; global_colors_info=&#8220;{}&#8220;][\/et_pb_image][\/et_pb_column][et_pb_column type=&#8220;1_3&#8243; _builder_version=&#8220;4.27.3&#8243; _module_preset=&#8220;default&#8220; global_colors_info=&#8220;{}&#8220;][et_pb_image src=&#8220;https:\/\/tetraboost-nieuw.mystagingwebsite.com\/wp-content\/uploads\/2023\/12\/mgtb4.jpg&#8220; title_text=&#8220;mgtb4&#8243; align=&#8220;center&#8220; force_fullwidth=&#8220;on&#8220; _builder_version=&#8220;4.27.3&#8243; _module_preset=&#8220;default&#8220; border_radii=&#8220;on|6px|6px|6px|6px&#8220; global_colors_info=&#8220;{}&#8220;][\/et_pb_image][\/et_pb_column][\/et_pb_row][\/et_pb_section]<\/p>\n","protected":false},"excerpt":{"rendered":"<p>TetraBOOST sch\u00fctzt Ihren Oldtimer vor einer Ethanolkorrosion durch E5- und E10-Benzin, und sogar bis zu 15% Ethanol (E15). Es ist das einzige Additiv, das echten bleihaltigen Kraftstoff herstellt. TetraBOOST ist kein Ersatz f\u00fcr Blei, sondern f\u00fcgt dem Benzin Tetraethylblei (TEL) hinzu. Tetraethylblei bietet einen besseren Schutz und eine bessere Leistung als Bleiersatzstoffe auf Phosphor-, Mangan-, [&hellip;]<\/p>\n","protected":false},"author":6,"featured_media":0,"parent":0,"menu_order":0,"comment_status":"closed","ping_status":"closed","template":"","meta":{"_et_pb_use_builder":"on","_et_pb_old_content":"","_et_gb_content_width":"","footnotes":""},"class_list":["post-18015","page","type-page","status-publish","hentry"],"yoast_head":"<!-- This site is optimized with the Yoast SEO plugin v27.4 - https:\/\/yoast.com\/product\/yoast-seo-wordpress\/ -->\n<title>TetraBOOST<\/title>\n<meta name=\"robots\" content=\"index, follow, max-snippet:-1, max-image-preview:large, max-video-preview:-1\" \/>\n<link rel=\"canonical\" href=\"https:\/\/tetraboost.nl\/de\/das-produkt\/\" \/>\n<meta property=\"og:locale\" content=\"de_DE\" \/>\n<meta property=\"og:type\" content=\"article\" \/>\n<meta property=\"og:title\" content=\"TetraBOOST\" \/>\n<meta property=\"og:description\" content=\"TetraBOOST sch\u00fctzt Ihren Oldtimer vor einer Ethanolkorrosion durch E5- und E10-Benzin, und sogar bis zu 15% Ethanol (E15). Es ist das einzige Additiv, das echten bleihaltigen Kraftstoff herstellt. TetraBOOST ist kein Ersatz f\u00fcr Blei, sondern f\u00fcgt dem Benzin Tetraethylblei (TEL) hinzu. Tetraethylblei bietet einen besseren Schutz und eine bessere Leistung als Bleiersatzstoffe auf Phosphor-, Mangan-, [&hellip;]\" \/>\n<meta property=\"og:url\" content=\"https:\/\/tetraboost.nl\/de\/das-produkt\/\" \/>\n<meta property=\"og:site_name\" content=\"TetraBOOST\" \/>\n<meta property=\"article:modified_time\" content=\"2025-01-28T14:13:50+00:00\" \/>\n<meta name=\"twitter:card\" content=\"summary_large_image\" \/>\n<meta name=\"twitter:label1\" content=\"Gesch\u00e4tzte Lesezeit\" \/>\n\t<meta name=\"twitter:data1\" content=\"5\u00a0Minuten\" \/>\n<script type=\"application\/ld+json\" class=\"yoast-schema-graph\">{\"@context\":\"https:\\\/\\\/schema.org\",\"@graph\":[{\"@type\":\"WebPage\",\"@id\":\"https:\\\/\\\/tetraboost.nl\\\/de\\\/das-produkt\\\/\",\"url\":\"https:\\\/\\\/tetraboost.nl\\\/de\\\/das-produkt\\\/\",\"name\":\"TetraBOOST\",\"isPartOf\":{\"@id\":\"https:\\\/\\\/tetraboost.nl\\\/de\\\/#website\"},\"datePublished\":\"2024-12-05T10:42:04+00:00\",\"dateModified\":\"2025-01-28T14:13:50+00:00\",\"breadcrumb\":{\"@id\":\"https:\\\/\\\/tetraboost.nl\\\/de\\\/das-produkt\\\/#breadcrumb\"},\"inLanguage\":\"de\",\"potentialAction\":[{\"@type\":\"ReadAction\",\"target\":[\"https:\\\/\\\/tetraboost.nl\\\/de\\\/das-produkt\\\/\"]}]},{\"@type\":\"BreadcrumbList\",\"@id\":\"https:\\\/\\\/tetraboost.nl\\\/de\\\/das-produkt\\\/#breadcrumb\",\"itemListElement\":[{\"@type\":\"ListItem\",\"position\":1,\"name\":\"Home\",\"item\":\"https:\\\/\\\/tetraboost.nl\\\/de\\\/\"},{\"@type\":\"ListItem\",\"position\":2,\"name\":\"Produkt\"}]},{\"@type\":\"WebSite\",\"@id\":\"https:\\\/\\\/tetraboost.nl\\\/de\\\/#website\",\"url\":\"https:\\\/\\\/tetraboost.nl\\\/de\\\/\",\"name\":\"TetraBOOST\",\"description\":\"\",\"potentialAction\":[{\"@type\":\"SearchAction\",\"target\":{\"@type\":\"EntryPoint\",\"urlTemplate\":\"https:\\\/\\\/tetraboost.nl\\\/de\\\/?s={search_term_string}\"},\"query-input\":{\"@type\":\"PropertyValueSpecification\",\"valueRequired\":true,\"valueName\":\"search_term_string\"}}],\"inLanguage\":\"de\"}]}<\/script>\n<!-- \/ Yoast SEO plugin. -->","yoast_head_json":{"title":"TetraBOOST","robots":{"index":"index","follow":"follow","max-snippet":"max-snippet:-1","max-image-preview":"max-image-preview:large","max-video-preview":"max-video-preview:-1"},"canonical":"https:\/\/tetraboost.nl\/de\/das-produkt\/","og_locale":"de_DE","og_type":"article","og_title":"TetraBOOST","og_description":"TetraBOOST sch\u00fctzt Ihren Oldtimer vor einer Ethanolkorrosion durch E5- und E10-Benzin, und sogar bis zu 15% Ethanol (E15). Es ist das einzige Additiv, das echten bleihaltigen Kraftstoff herstellt. TetraBOOST ist kein Ersatz f\u00fcr Blei, sondern f\u00fcgt dem Benzin Tetraethylblei (TEL) hinzu. Tetraethylblei bietet einen besseren Schutz und eine bessere Leistung als Bleiersatzstoffe auf Phosphor-, Mangan-, [&hellip;]","og_url":"https:\/\/tetraboost.nl\/de\/das-produkt\/","og_site_name":"TetraBOOST","article_modified_time":"2025-01-28T14:13:50+00:00","twitter_card":"summary_large_image","twitter_misc":{"Gesch\u00e4tzte Lesezeit":"5\u00a0Minuten"},"schema":{"@context":"https:\/\/schema.org","@graph":[{"@type":"WebPage","@id":"https:\/\/tetraboost.nl\/de\/das-produkt\/","url":"https:\/\/tetraboost.nl\/de\/das-produkt\/","name":"TetraBOOST","isPartOf":{"@id":"https:\/\/tetraboost.nl\/de\/#website"},"datePublished":"2024-12-05T10:42:04+00:00","dateModified":"2025-01-28T14:13:50+00:00","breadcrumb":{"@id":"https:\/\/tetraboost.nl\/de\/das-produkt\/#breadcrumb"},"inLanguage":"de","potentialAction":[{"@type":"ReadAction","target":["https:\/\/tetraboost.nl\/de\/das-produkt\/"]}]},{"@type":"BreadcrumbList","@id":"https:\/\/tetraboost.nl\/de\/das-produkt\/#breadcrumb","itemListElement":[{"@type":"ListItem","position":1,"name":"Home","item":"https:\/\/tetraboost.nl\/de\/"},{"@type":"ListItem","position":2,"name":"Produkt"}]},{"@type":"WebSite","@id":"https:\/\/tetraboost.nl\/de\/#website","url":"https:\/\/tetraboost.nl\/de\/","name":"TetraBOOST","description":"","potentialAction":[{"@type":"SearchAction","target":{"@type":"EntryPoint","urlTemplate":"https:\/\/tetraboost.nl\/de\/?s={search_term_string}"},"query-input":{"@type":"PropertyValueSpecification","valueRequired":true,"valueName":"search_term_string"}}],"inLanguage":"de"}]}},"jetpack_sharing_enabled":true,"_links":{"self":[{"href":"https:\/\/tetraboost.nl\/de\/wp-json\/wp\/v2\/pages\/18015","targetHints":{"allow":["GET"]}}],"collection":[{"href":"https:\/\/tetraboost.nl\/de\/wp-json\/wp\/v2\/pages"}],"about":[{"href":"https:\/\/tetraboost.nl\/de\/wp-json\/wp\/v2\/types\/page"}],"author":[{"embeddable":true,"href":"https:\/\/tetraboost.nl\/de\/wp-json\/wp\/v2\/users\/6"}],"replies":[{"embeddable":true,"href":"https:\/\/tetraboost.nl\/de\/wp-json\/wp\/v2\/comments?post=18015"}],"version-history":[{"count":16,"href":"https:\/\/tetraboost.nl\/de\/wp-json\/wp\/v2\/pages\/18015\/revisions"}],"predecessor-version":[{"id":18975,"href":"https:\/\/tetraboost.nl\/de\/wp-json\/wp\/v2\/pages\/18015\/revisions\/18975"}],"wp:attachment":[{"href":"https:\/\/tetraboost.nl\/de\/wp-json\/wp\/v2\/media?parent=18015"}],"curies":[{"name":"wp","href":"https:\/\/api.w.org\/{rel}","templated":true}]}}