{"id":18012,"date":"2024-12-05T10:12:44","date_gmt":"2024-12-05T10:12:44","guid":{"rendered":"https:\/\/tetraboost-nieuw.mystagingwebsite.com\/e5-e10-oldtimer\/"},"modified":"2025-01-28T13:55:37","modified_gmt":"2025-01-28T13:55:37","slug":"e5-e10-oldtimer","status":"publish","type":"page","link":"https:\/\/tetraboost.nl\/de\/e5-e10-oldtimer\/","title":{"rendered":"E5\/E10 &amp; Oldtimer"},"content":{"rendered":"<p>[et_pb_section fb_built=&#8220;1&#8243; _builder_version=&#8220;4.27.3&#8243; _module_preset=&#8220;default&#8220; use_background_color_gradient=&#8220;on&#8220; background_color_gradient_stops=&#8220;rgba(43,135,218,0) 0%|#002f4d 100%&#8220; background_color_gradient_overlays_image=&#8220;on&#8220; background_image=&#8220;https:\/\/tetraboost-nieuw.mystagingwebsite.com\/wp-content\/uploads\/2024\/12\/picture-2600.jpeg&#8220; min_height_tablet=&#8220;auto&#8220; min_height_phone=&#8220;auto&#8220; min_height_last_edited=&#8220;off|desktop&#8220; global_colors_info=&#8220;{}&#8220;][et_pb_row _builder_version=&#8220;4.27.3&#8243; _module_preset=&#8220;default&#8220; positioning=&#8220;none&#8220; position_origin_a=&#8220;bottom_center&#8220; vertical_offset=&#8220;15vh&#8220; position_origin_a_tablet=&#8220;bottom_center&#8220; position_origin_a_phone=&#8220;bottom_center&#8220; position_origin_a_last_edited=&#8220;off|desktop&#8220; position_origin_f_last_edited=&#8220;off|desktop&#8220; position_origin_r_last_edited=&#8220;off|desktop&#8220; custom_margin=&#8220;0px||0px||true|false&#8220; custom_padding=&#8220;0px||0px||true|false&#8220; positioning_tablet=&#8220;none&#8220; positioning_phone=&#8220;none&#8220; positioning_last_edited=&#8220;off|desktop&#8220; global_colors_info=&#8220;{}&#8220;][et_pb_column type=&#8220;4_4&#8243; _builder_version=&#8220;4.20.4&#8243; _module_preset=&#8220;default&#8220; global_colors_info=&#8220;{}&#8220;][et_pb_text _builder_version=&#8220;4.27.3&#8243; _dynamic_attributes=&#8220;content&#8220; text_font=&#8220;|600|||||||&#8220; text_text_color=&#8220;#FFFFFF&#8220; text_font_size=&#8220;18px&#8220; header_font=&#8220;&#8211;et_global_heading_font|900|||||||&#8220; header_text_align=&#8220;center&#8220; header_text_color=&#8220;#FFFFFF&#8220; header_font_size=&#8220;46px&#8220; header_line_height=&#8220;1.3em&#8220; header_2_text_color=&#8220;#FFFFFF&#8220; text_font_size_tablet=&#8220;18px&#8220; text_font_size_phone=&#8220;16px&#8220; text_font_size_last_edited=&#8220;on|phone&#8220; header_font_size_tablet=&#8220;38px&#8220; header_font_size_phone=&#8220;30px&#8220; header_font_size_last_edited=&#8220;on|tablet&#8220; locked=&#8220;off&#8220; global_colors_info=&#8220;{}&#8220;]@ET-DC@eyJkeW5hbWljIjp0cnVlLCJjb250ZW50IjoicG9zdF90aXRsZSIsInNldHRpbmdzIjp7ImJlZm9yZSI6IjxoMT4iLCJhZnRlciI6IjxcL2gxPiJ9fQ==@[\/et_pb_text][\/et_pb_column][\/et_pb_row][\/et_pb_section][et_pb_section fb_built=&#8220;1&#8243; _builder_version=&#8220;4.27.3&#8243; background_color=&#8220;#EFEFEF&#8220; custom_margin=&#8220;||||false|false&#8220; custom_padding=&#8220;50px||50px||true|false&#8220; global_colors_info=&#8220;{}&#8220;][et_pb_row _builder_version=&#8220;4.27.3&#8243; _module_preset=&#8220;default&#8220; custom_margin=&#8220;0px||0px||true|false&#8220; custom_padding=&#8220;0px||0px||true|false&#8220; global_colors_info=&#8220;{}&#8220;][et_pb_column type=&#8220;4_4&#8243; _builder_version=&#8220;4.27.3&#8243; _module_preset=&#8220;default&#8220; global_colors_info=&#8220;{}&#8220;][et_pb_text _builder_version=&#8220;4.27.4&#8243; text_font=&#8220;||||||||&#8220; text_text_color=&#8220;#001B2C&#8220; header_font=&#8220;&#8211;et_global_heading_font|900|||||||&#8220; header_font_size=&#8220;46px&#8220; header_line_height=&#8220;1.3em&#8220; header_2_text_color=&#8220;#FFFFFF&#8220; hover_enabled=&#8220;0&#8243; text_font_size_tablet=&#8220;18px&#8220; text_font_size_phone=&#8220;16px&#8220; text_font_size_last_edited=&#8220;on|phone&#8220; header_font_size_tablet=&#8220;38px&#8220; header_font_size_phone=&#8220;30px&#8220; header_font_size_last_edited=&#8220;on|tablet&#8220; locked=&#8220;off&#8220; global_colors_info=&#8220;{}&#8220; sticky_enabled=&#8220;0&#8243;]<\/p>\n<p><strong>In vielen europ\u00e4ischen L\u00e4ndern m\u00fcssen Tankstellenbesitzer seit Oktober 2019 E10-Benzin verkaufen. E10 ist ein fossiler Brennstoff, dem maximal 10 % Bioethanol zugesetzt wurde. Die Bezeichnungen Euro95 und Euro98 wurden somit durch E10 bzw. E5 ersetzt. Wo 95 und 98 die Oktanzahl angeben, ist E10 oder E5 der prozentuale Anteil von Bioethanol im Kraftstoff. E10 steht f\u00fcr 10 % Ethanol und E5 f\u00fcr 5 % Ethanol.    <\/strong><\/p>\n<p>Bioethanol ist ein Alkohol, der beispielsweise aus Weizen, Zucker und Mais hergestellt wird. Gut f\u00fcr die Umwelt, aber weniger gut f\u00fcr Ihren Oldtimer oder Ihr Motorrad. Dies liegt daran, dass Ethanol f\u00fcr Kunststoffe und Metalle aggressiver ist als Benzin und daher Motorteile wie Dichtungen und Verschl\u00fcsse besch\u00e4digen kann.  <\/p>\n<p>Ethanol hat die negative Eigenschaft, Wasser anzuziehen. Das Ergebnis von Wasser in Benzin ist die Bildung von Bakterien. In der Vergangenheit wurden diese durch den Schwefel in Benzin get\u00f6tet, aber auch der Schwefel ist heute aus dem herk\u00f6mmlichen Benzin verschwunden.  <\/p>\n<p>Dar\u00fcber hinaus f\u00fchrt die Zugabe von Ethanol zu einem Anstieg des Dampfdrucks, wodurch es schneller zum sogenannten \u201eVaporlock\u201c kommt. Bei dieser Dampfsperre entstehen Dampfblasen in Kraftstoffleitungen, dem Vergaser oder dem Einspritzsystem. Aufgrund des Vaporlocks l\u00e4sst sich ein warmer Motor schlecht starten.  <\/p>\n<p>TetraBOOST neutralisiert Ethanol, auch wenn Benzin 15 % Ethanol (E15) enth\u00e4lt.<\/p>\n<p>Benzin verschlechtert sich mit zunehmender Haltbarkeit schneller und h\u00e4lt 60 Tage lang. Sie k\u00f6nnen den Betrieb nun \u00fcber einen l\u00e4ngeren Zeitraum fortsetzen und Ihr Benzin als Wechselschutz nutzen. Durch die Zugabe von TetraBOOST kann die Lebensdauer des Kraftstoffs um 2 Jahre verl\u00e4ngert werden.  <\/p>\n<p>Indem Sie TetraBOOST zu Ihrem Kraftstoff hinzuf\u00fcgen, halten Sie Ihren Oldtimer oder Ihr Motorrad in gutem Zustand, sowohl beim Fahren als auch w\u00e4hrend der Standzeit.<\/p>\n<p>[\/et_pb_text][\/et_pb_column][\/et_pb_row][et_pb_row column_structure=&#8220;1_3,1_3,1_3&#8243; module_class=&#8220;gallerij&#8220; _builder_version=&#8220;4.27.3&#8243; _module_preset=&#8220;default&#8220; custom_margin=&#8220;50px||||false|false&#8220; custom_padding=&#8220;0px||0px||true|false&#8220; global_colors_info=&#8220;{}&#8220;][et_pb_column type=&#8220;1_3&#8243; _builder_version=&#8220;4.27.3&#8243; _module_preset=&#8220;default&#8220; global_colors_info=&#8220;{}&#8220;][et_pb_image src=&#8220;https:\/\/tetraboost-nieuw.mystagingwebsite.com\/wp-content\/uploads\/2023\/12\/356beach.jpg&#8220; title_text=&#8220;356beach&#8220; align=&#8220;center&#8220; force_fullwidth=&#8220;on&#8220; _builder_version=&#8220;4.27.3&#8243; _module_preset=&#8220;default&#8220; border_radii=&#8220;on|6px|6px|6px|6px&#8220; global_colors_info=&#8220;{}&#8220;][\/et_pb_image][\/et_pb_column][et_pb_column type=&#8220;1_3&#8243; _builder_version=&#8220;4.27.3&#8243; _module_preset=&#8220;default&#8220; global_colors_info=&#8220;{}&#8220;][et_pb_image src=&#8220;https:\/\/tetraboost-nieuw.mystagingwebsite.com\/wp-content\/uploads\/2023\/12\/TA1.jpg&#8220; title_text=&#8220;TA1&#8243; align=&#8220;center&#8220; force_fullwidth=&#8220;on&#8220; _builder_version=&#8220;4.27.3&#8243; _module_preset=&#8220;default&#8220; border_radii=&#8220;on|6px|6px|6px|6px&#8220; global_colors_info=&#8220;{}&#8220;][\/et_pb_image][\/et_pb_column][et_pb_column type=&#8220;1_3&#8243; _builder_version=&#8220;4.27.3&#8243; _module_preset=&#8220;default&#8220; global_colors_info=&#8220;{}&#8220;][et_pb_image src=&#8220;https:\/\/tetraboost-nieuw.mystagingwebsite.com\/wp-content\/uploads\/2023\/12\/mgtb4.jpg&#8220; title_text=&#8220;mgtb4&#8243; align=&#8220;center&#8220; force_fullwidth=&#8220;on&#8220; _builder_version=&#8220;4.27.3&#8243; _module_preset=&#8220;default&#8220; border_radii=&#8220;on|6px|6px|6px|6px&#8220; global_colors_info=&#8220;{}&#8220;][\/et_pb_image][\/et_pb_column][\/et_pb_row][\/et_pb_section]<\/p>\n","protected":false},"excerpt":{"rendered":"<p>In vielen europ\u00e4ischen L\u00e4ndern m\u00fcssen Tankstellenbesitzer seit Oktober 2019 E10-Benzin verkaufen. E10 ist ein fossiler Brennstoff, dem maximal 10 % Bioethanol zugesetzt wurde. Die Bezeichnungen Euro95 und Euro98 wurden somit durch E10 bzw. E5 ersetzt. Wo 95 und 98 die Oktanzahl angeben, ist E10 oder E5 der prozentuale Anteil von Bioethanol im Kraftstoff. E10 steht [&hellip;]<\/p>\n","protected":false},"author":6,"featured_media":0,"parent":0,"menu_order":0,"comment_status":"closed","ping_status":"closed","template":"","meta":{"_et_pb_use_builder":"on","_et_pb_old_content":"","_et_gb_content_width":"","footnotes":""},"class_list":["post-18012","page","type-page","status-publish","hentry"],"yoast_head":"<!-- This site is optimized with the Yoast SEO plugin v27.5 - https:\/\/yoast.com\/product\/yoast-seo-wordpress\/ -->\n<title>TetraBOOST<\/title>\n<meta name=\"robots\" content=\"index, follow, max-snippet:-1, max-image-preview:large, max-video-preview:-1\" \/>\n<link rel=\"canonical\" href=\"https:\/\/tetraboost.nl\/de\/e5-e10-oldtimer\/\" \/>\n<meta property=\"og:locale\" content=\"de_DE\" \/>\n<meta property=\"og:type\" content=\"article\" \/>\n<meta property=\"og:title\" content=\"TetraBOOST\" \/>\n<meta property=\"og:description\" content=\"In vielen europ\u00e4ischen L\u00e4ndern m\u00fcssen Tankstellenbesitzer seit Oktober 2019 E10-Benzin verkaufen. E10 ist ein fossiler Brennstoff, dem maximal 10 % Bioethanol zugesetzt wurde. Die Bezeichnungen Euro95 und Euro98 wurden somit durch E10 bzw. E5 ersetzt. Wo 95 und 98 die Oktanzahl angeben, ist E10 oder E5 der prozentuale Anteil von Bioethanol im Kraftstoff. E10 steht [&hellip;]\" \/>\n<meta property=\"og:url\" content=\"https:\/\/tetraboost.nl\/de\/e5-e10-oldtimer\/\" \/>\n<meta property=\"og:site_name\" content=\"TetraBOOST\" \/>\n<meta property=\"article:modified_time\" content=\"2025-01-28T13:55:37+00:00\" \/>\n<meta name=\"twitter:card\" content=\"summary_large_image\" \/>\n<meta name=\"twitter:label1\" content=\"Gesch\u00e4tzte Lesezeit\" \/>\n\t<meta name=\"twitter:data1\" content=\"4\u00a0Minuten\" \/>\n<script type=\"application\/ld+json\" class=\"yoast-schema-graph\">{\"@context\":\"https:\\\/\\\/schema.org\",\"@graph\":[{\"@type\":\"WebPage\",\"@id\":\"https:\\\/\\\/tetraboost.nl\\\/de\\\/e5-e10-oldtimer\\\/\",\"url\":\"https:\\\/\\\/tetraboost.nl\\\/de\\\/e5-e10-oldtimer\\\/\",\"name\":\"TetraBOOST\",\"isPartOf\":{\"@id\":\"https:\\\/\\\/tetraboost.nl\\\/de\\\/#website\"},\"datePublished\":\"2024-12-05T10:12:44+00:00\",\"dateModified\":\"2025-01-28T13:55:37+00:00\",\"breadcrumb\":{\"@id\":\"https:\\\/\\\/tetraboost.nl\\\/de\\\/e5-e10-oldtimer\\\/#breadcrumb\"},\"inLanguage\":\"de\",\"potentialAction\":[{\"@type\":\"ReadAction\",\"target\":[\"https:\\\/\\\/tetraboost.nl\\\/de\\\/e5-e10-oldtimer\\\/\"]}]},{\"@type\":\"BreadcrumbList\",\"@id\":\"https:\\\/\\\/tetraboost.nl\\\/de\\\/e5-e10-oldtimer\\\/#breadcrumb\",\"itemListElement\":[{\"@type\":\"ListItem\",\"position\":1,\"name\":\"Home\",\"item\":\"https:\\\/\\\/tetraboost.nl\\\/de\\\/\"},{\"@type\":\"ListItem\",\"position\":2,\"name\":\"E5\\\/E10 &amp; Oldtimer\"}]},{\"@type\":\"WebSite\",\"@id\":\"https:\\\/\\\/tetraboost.nl\\\/de\\\/#website\",\"url\":\"https:\\\/\\\/tetraboost.nl\\\/de\\\/\",\"name\":\"TetraBOOST\",\"description\":\"\",\"potentialAction\":[{\"@type\":\"SearchAction\",\"target\":{\"@type\":\"EntryPoint\",\"urlTemplate\":\"https:\\\/\\\/tetraboost.nl\\\/de\\\/?s={search_term_string}\"},\"query-input\":{\"@type\":\"PropertyValueSpecification\",\"valueRequired\":true,\"valueName\":\"search_term_string\"}}],\"inLanguage\":\"de\"}]}<\/script>\n<!-- \/ Yoast SEO plugin. -->","yoast_head_json":{"title":"TetraBOOST","robots":{"index":"index","follow":"follow","max-snippet":"max-snippet:-1","max-image-preview":"max-image-preview:large","max-video-preview":"max-video-preview:-1"},"canonical":"https:\/\/tetraboost.nl\/de\/e5-e10-oldtimer\/","og_locale":"de_DE","og_type":"article","og_title":"TetraBOOST","og_description":"In vielen europ\u00e4ischen L\u00e4ndern m\u00fcssen Tankstellenbesitzer seit Oktober 2019 E10-Benzin verkaufen. E10 ist ein fossiler Brennstoff, dem maximal 10 % Bioethanol zugesetzt wurde. Die Bezeichnungen Euro95 und Euro98 wurden somit durch E10 bzw. E5 ersetzt. Wo 95 und 98 die Oktanzahl angeben, ist E10 oder E5 der prozentuale Anteil von Bioethanol im Kraftstoff. E10 steht [&hellip;]","og_url":"https:\/\/tetraboost.nl\/de\/e5-e10-oldtimer\/","og_site_name":"TetraBOOST","article_modified_time":"2025-01-28T13:55:37+00:00","twitter_card":"summary_large_image","twitter_misc":{"Gesch\u00e4tzte Lesezeit":"4\u00a0Minuten"},"schema":{"@context":"https:\/\/schema.org","@graph":[{"@type":"WebPage","@id":"https:\/\/tetraboost.nl\/de\/e5-e10-oldtimer\/","url":"https:\/\/tetraboost.nl\/de\/e5-e10-oldtimer\/","name":"TetraBOOST","isPartOf":{"@id":"https:\/\/tetraboost.nl\/de\/#website"},"datePublished":"2024-12-05T10:12:44+00:00","dateModified":"2025-01-28T13:55:37+00:00","breadcrumb":{"@id":"https:\/\/tetraboost.nl\/de\/e5-e10-oldtimer\/#breadcrumb"},"inLanguage":"de","potentialAction":[{"@type":"ReadAction","target":["https:\/\/tetraboost.nl\/de\/e5-e10-oldtimer\/"]}]},{"@type":"BreadcrumbList","@id":"https:\/\/tetraboost.nl\/de\/e5-e10-oldtimer\/#breadcrumb","itemListElement":[{"@type":"ListItem","position":1,"name":"Home","item":"https:\/\/tetraboost.nl\/de\/"},{"@type":"ListItem","position":2,"name":"E5\/E10 &amp; Oldtimer"}]},{"@type":"WebSite","@id":"https:\/\/tetraboost.nl\/de\/#website","url":"https:\/\/tetraboost.nl\/de\/","name":"TetraBOOST","description":"","potentialAction":[{"@type":"SearchAction","target":{"@type":"EntryPoint","urlTemplate":"https:\/\/tetraboost.nl\/de\/?s={search_term_string}"},"query-input":{"@type":"PropertyValueSpecification","valueRequired":true,"valueName":"search_term_string"}}],"inLanguage":"de"}]}},"jetpack_sharing_enabled":true,"_links":{"self":[{"href":"https:\/\/tetraboost.nl\/de\/wp-json\/wp\/v2\/pages\/18012","targetHints":{"allow":["GET"]}}],"collection":[{"href":"https:\/\/tetraboost.nl\/de\/wp-json\/wp\/v2\/pages"}],"about":[{"href":"https:\/\/tetraboost.nl\/de\/wp-json\/wp\/v2\/types\/page"}],"author":[{"embeddable":true,"href":"https:\/\/tetraboost.nl\/de\/wp-json\/wp\/v2\/users\/6"}],"replies":[{"embeddable":true,"href":"https:\/\/tetraboost.nl\/de\/wp-json\/wp\/v2\/comments?post=18012"}],"version-history":[{"count":9,"href":"https:\/\/tetraboost.nl\/de\/wp-json\/wp\/v2\/pages\/18012\/revisions"}],"predecessor-version":[{"id":18965,"href":"https:\/\/tetraboost.nl\/de\/wp-json\/wp\/v2\/pages\/18012\/revisions\/18965"}],"wp:attachment":[{"href":"https:\/\/tetraboost.nl\/de\/wp-json\/wp\/v2\/media?parent=18012"}],"curies":[{"name":"wp","href":"https:\/\/api.w.org\/{rel}","templated":true}]}}